{"id":4348,"date":"2024-07-12T18:45:31","date_gmt":"2024-07-12T21:45:31","guid":{"rendered":"https:\/\/anysexshop.com.ar\/shop\/?post_type=product&#038;p=4348"},"modified":"2024-10-31T15:16:53","modified_gmt":"2024-10-31T18:16:53","slug":"protesis-pellizcable-100-ideal-para-jugar-21-x-3-5-cm","status":"publish","type":"product","link":"https:\/\/anysexshop.com.ar\/shop\/product\/protesis-pellizcable-100-ideal-para-jugar-21-x-3-5-cm\/","title":{"rendered":"PROTESIS PELLIZCABLE 100 % IDEAL PARA JUGAR 21 X 3.5 CM"},"content":{"rendered":"<body><p>Ideal para los que buscan realismo y satisfacci\u00f3n, con doble capa de Cyber permite ser Pellizcable, es s\u00faper REAL\u00cdSTICO, s\u00edmil a la piel, suave al tacto y afelpado, su medida de 21 cm de largo y 3,5\u00a0 se adapta a la temperatura corporal lo que permite sentir mejor su textura y es hipoalerg\u00e9nico. Incluye banda el\u00e1stica y es compatible con ARN\u00c9S. .<\/p>\n<\/body>","protected":false},"excerpt":{"rendered":"<p>Ideal para los que buscan realismo y satisfacci\u00f3n, con doble capa de Cyber permite ser Pellizcable, es s\u00faper REAL\u00cdSTICO, s\u00edmil a la piel, suave al tacto y afelpado, su medida de 21 cm de largo y 3,5\u00a0 se adapta a la temperatura corporal lo que permite sentir mejor su textura&hellip; <\/p>\n","protected":false},"featured_media":4349,"comment_status":"open","ping_status":"closed","template":"","meta":{"om_disable_all_campaigns":false},"product_brand":[],"product_cat":[67],"product_tag":[],"class_list":{"0":"post-4348","1":"product","2":"type-product","3":"status-publish","4":"has-post-thumbnail","6":"product_cat-protesis-pellizcables","8":"first","9":"outofstock","10":"shipping-taxable","11":"product-type-simple"},"jetpack_sharing_enabled":true,"_links":{"self":[{"href":"https:\/\/anysexshop.com.ar\/shop\/wp-json\/wp\/v2\/product\/4348","targetHints":{"allow":["GET"]}}],"collection":[{"href":"https:\/\/anysexshop.com.ar\/shop\/wp-json\/wp\/v2\/product"}],"about":[{"href":"https:\/\/anysexshop.com.ar\/shop\/wp-json\/wp\/v2\/types\/product"}],"replies":[{"embeddable":true,"href":"https:\/\/anysexshop.com.ar\/shop\/wp-json\/wp\/v2\/comments?post=4348"}],"wp:featuredmedia":[{"embeddable":true,"href":"https:\/\/anysexshop.com.ar\/shop\/wp-json\/wp\/v2\/media\/4349"}],"wp:attachment":[{"href":"https:\/\/anysexshop.com.ar\/shop\/wp-json\/wp\/v2\/media?parent=4348"}],"wp:term":[{"taxonomy":"product_brand","embeddable":true,"href":"https:\/\/anysexshop.com.ar\/shop\/wp-json\/wp\/v2\/product_brand?post=4348"},{"taxonomy":"product_cat","embeddable":true,"href":"https:\/\/anysexshop.com.ar\/shop\/wp-json\/wp\/v2\/product_cat?post=4348"},{"taxonomy":"product_tag","embeddable":true,"href":"https:\/\/anysexshop.com.ar\/shop\/wp-json\/wp\/v2\/product_tag?post=4348"}],"curies":[{"name":"wp","href":"https:\/\/api.w.org\/{rel}","templated":true}]}}