{"id":4350,"date":"2024-07-12T18:48:08","date_gmt":"2024-07-12T21:48:08","guid":{"rendered":"https:\/\/anysexshop.com.ar\/shop\/?post_type=product&#038;p=4350"},"modified":"2026-03-04T20:57:15","modified_gmt":"2026-03-04T23:57:15","slug":"protesis-pellizcable-ciberskin-banana","status":"publish","type":"product","link":"https:\/\/anysexshop.com.ar\/shop\/product\/protesis-pellizcable-ciberskin-banana\/","title":{"rendered":"PROTESIS PELLIZCABLE CIBERSKIN BANANA"},"content":{"rendered":"<body><p>Ideal para los que buscan realismo y satisfacci\u00f3n, con doble capa de Cyber permite ser Pellizcable, es s\u00faper REAL\u00cdSTICO, s\u00edmil a la piel, suave al tacto y afelpado, su medida de 23 cm de largo y 4 se adapta a la temperatura corporal lo que permite sentir mejor su textura y es hipoalerg\u00e9nico. Incluye banda el\u00e1stica y es compatible con ARNES<\/p>\n<\/body>","protected":false},"excerpt":{"rendered":"<p>Ideal para los que buscan realismo y satisfacci\u00f3n, con doble capa de Cyber permite ser Pellizcable, es s\u00faper REAL\u00cdSTICO, s\u00edmil a la piel, suave al tacto y afelpado, su medida de 23 cm de largo y 4 se adapta a la temperatura corporal lo que permite sentir mejor su textura&hellip; <\/p>\n","protected":false},"featured_media":4351,"comment_status":"open","ping_status":"closed","template":"","meta":{"om_disable_all_campaigns":false},"product_brand":[],"product_cat":[67],"product_tag":[],"class_list":{"0":"post-4350","1":"product","2":"type-product","3":"status-publish","4":"has-post-thumbnail","6":"product_cat-protesis-pellizcables","8":"first","9":"outofstock","10":"shipping-taxable","11":"product-type-simple"},"jetpack_sharing_enabled":true,"_links":{"self":[{"href":"https:\/\/anysexshop.com.ar\/shop\/wp-json\/wp\/v2\/product\/4350","targetHints":{"allow":["GET"]}}],"collection":[{"href":"https:\/\/anysexshop.com.ar\/shop\/wp-json\/wp\/v2\/product"}],"about":[{"href":"https:\/\/anysexshop.com.ar\/shop\/wp-json\/wp\/v2\/types\/product"}],"replies":[{"embeddable":true,"href":"https:\/\/anysexshop.com.ar\/shop\/wp-json\/wp\/v2\/comments?post=4350"}],"wp:featuredmedia":[{"embeddable":true,"href":"https:\/\/anysexshop.com.ar\/shop\/wp-json\/wp\/v2\/media\/4351"}],"wp:attachment":[{"href":"https:\/\/anysexshop.com.ar\/shop\/wp-json\/wp\/v2\/media?parent=4350"}],"wp:term":[{"taxonomy":"product_brand","embeddable":true,"href":"https:\/\/anysexshop.com.ar\/shop\/wp-json\/wp\/v2\/product_brand?post=4350"},{"taxonomy":"product_cat","embeddable":true,"href":"https:\/\/anysexshop.com.ar\/shop\/wp-json\/wp\/v2\/product_cat?post=4350"},{"taxonomy":"product_tag","embeddable":true,"href":"https:\/\/anysexshop.com.ar\/shop\/wp-json\/wp\/v2\/product_tag?post=4350"}],"curies":[{"name":"wp","href":"https:\/\/api.w.org\/{rel}","templated":true}]}}