{"id":4357,"date":"2024-07-14T17:31:42","date_gmt":"2024-07-14T20:31:42","guid":{"rendered":"https:\/\/anysexshop.com.ar\/shop\/?post_type=product&#038;p=4357"},"modified":"2025-08-30T11:20:54","modified_gmt":"2025-08-30T14:20:54","slug":"consolador-ciber-suck-bananin-21-x-3-5-cm","status":"publish","type":"product","link":"https:\/\/anysexshop.com.ar\/shop\/product\/consolador-ciber-suck-bananin-21-x-3-5-cm\/","title":{"rendered":"consolador ciber suck bananin 21 x 3.5 cm"},"content":{"rendered":"<body><p><b>Cyber Suck Bananin.<\/b><\/p>\n<p><b>\u00a0<\/b>Para\u00a0los que buscan realismo y satisfacci\u00f3n, la l\u00ednea cyber es s\u00faper real\u00edstica, s\u00edmil a la piel y suave al tacto.<\/p>\n<p>Para vivir una experiencia de placer puro, el\u00a0dildo ofrece una sensaci\u00f3n real de un pene.<\/p>\n<p>El suck posee sopapa, lo que permite su adhesi\u00f3n\u00a0a la superficie y es compatible con el uso de arn\u00e9s.<\/p>\n<p>Se recomienda el uso de lubricantes<\/p>\n<blockquote><p>Tipo: Dildo con sopapa.<\/p><\/blockquote>\n<blockquote><p>Medida: 21 cm x 3,5 \u00d8.<\/p><\/blockquote>\n<blockquote><p>Modelo Water Proof \/ Prueba de agua.<\/p><\/blockquote>\n<blockquote><p>Phthalate Free \/ Libre Ftalato.<\/p><\/blockquote>\n<blockquote><p>Industria Argentina.<\/p><\/blockquote>\n<\/body>","protected":false},"excerpt":{"rendered":"<p>Cyber Suck Bananin. \u00a0Para\u00a0los que buscan realismo y satisfacci\u00f3n, la l\u00ednea cyber es s\u00faper real\u00edstica, s\u00edmil a la piel y suave al tacto. Para vivir una experiencia de placer puro, el\u00a0dildo ofrece una sensaci\u00f3n real de un pene. El suck posee sopapa, lo que permite su adhesi\u00f3n\u00a0a la superficie y&hellip; <\/p>\n","protected":false},"featured_media":4358,"comment_status":"open","ping_status":"closed","template":"","meta":{"om_disable_all_campaigns":false},"product_brand":[],"product_cat":[62],"product_tag":[],"class_list":{"0":"post-4357","1":"product","2":"type-product","3":"status-publish","4":"has-post-thumbnail","6":"product_cat-consoladores","8":"first","9":"outofstock","10":"shipping-taxable","11":"product-type-simple"},"jetpack_sharing_enabled":true,"_links":{"self":[{"href":"https:\/\/anysexshop.com.ar\/shop\/wp-json\/wp\/v2\/product\/4357","targetHints":{"allow":["GET"]}}],"collection":[{"href":"https:\/\/anysexshop.com.ar\/shop\/wp-json\/wp\/v2\/product"}],"about":[{"href":"https:\/\/anysexshop.com.ar\/shop\/wp-json\/wp\/v2\/types\/product"}],"replies":[{"embeddable":true,"href":"https:\/\/anysexshop.com.ar\/shop\/wp-json\/wp\/v2\/comments?post=4357"}],"wp:featuredmedia":[{"embeddable":true,"href":"https:\/\/anysexshop.com.ar\/shop\/wp-json\/wp\/v2\/media\/4358"}],"wp:attachment":[{"href":"https:\/\/anysexshop.com.ar\/shop\/wp-json\/wp\/v2\/media?parent=4357"}],"wp:term":[{"taxonomy":"product_brand","embeddable":true,"href":"https:\/\/anysexshop.com.ar\/shop\/wp-json\/wp\/v2\/product_brand?post=4357"},{"taxonomy":"product_cat","embeddable":true,"href":"https:\/\/anysexshop.com.ar\/shop\/wp-json\/wp\/v2\/product_cat?post=4357"},{"taxonomy":"product_tag","embeddable":true,"href":"https:\/\/anysexshop.com.ar\/shop\/wp-json\/wp\/v2\/product_tag?post=4357"}],"curies":[{"name":"wp","href":"https:\/\/api.w.org\/{rel}","templated":true}]}}