{"id":4361,"date":"2024-07-14T18:44:12","date_gmt":"2024-07-14T21:44:12","guid":{"rendered":"https:\/\/anysexshop.com.ar\/shop\/?post_type=product&#038;p=4361"},"modified":"2026-03-10T14:41:39","modified_gmt":"2026-03-10T17:41:39","slug":"arnes-bananin-piel-21-x-3-5-cm","status":"publish","type":"product","link":"https:\/\/anysexshop.com.ar\/shop\/product\/arnes-bananin-piel-21-x-3-5-cm\/","title":{"rendered":"arnes bananin piel 21 x 3.5 cm"},"content":{"rendered":"<body><p><b>Arnes mini bananin piel.<\/b><\/p>\n<p><b> <\/b>Juguete ideal para cambio de roles.<\/p>\n<p>El arn\u00e9s\u00a0es ajustable a cada cuerpo, con un dildo suave e hipoalerg\u00e9nico.<\/p>\n<p>Lleva tus noches de placer hacia otro extremo. Podes encontrar este articulo tambi\u00e9n en tama\u00f1o mini.<b><br>\n<\/b><\/p>\n<blockquote><p>Tipo: Arn\u00e9s.<\/p><\/blockquote>\n<blockquote><p>Medida: 21\u00a0cm x 3,5 \u00d8.<\/p><\/blockquote>\n<blockquote><p>Color: Carne.<\/p><\/blockquote>\n<blockquote><p>Phthalate free \/ Libre de Ftalato.<\/p><\/blockquote>\n<\/body>","protected":false},"excerpt":{"rendered":"<p>Arnes mini bananin piel. Juguete ideal para cambio de roles. El arn\u00e9s\u00a0es ajustable a cada cuerpo, con un dildo suave e hipoalerg\u00e9nico. Lleva tus noches de placer hacia otro extremo. Podes encontrar este articulo tambi\u00e9n en tama\u00f1o mini. Tipo: Arn\u00e9s. Medida: 21\u00a0cm x 3,5 \u00d8. Color: Carne. Phthalate free \/&hellip; <\/p>\n","protected":false},"featured_media":4362,"comment_status":"open","ping_status":"closed","template":"","meta":{"om_disable_all_campaigns":false},"product_brand":[],"product_cat":[59,63],"product_tag":[],"class_list":{"0":"post-4361","1":"product","2":"type-product","3":"status-publish","4":"has-post-thumbnail","6":"product_cat-arnes-strapon-cambio-de-roles-protesis","7":"product_cat-dobles","9":"first","10":"outofstock","11":"shipping-taxable","12":"product-type-simple"},"jetpack_sharing_enabled":true,"_links":{"self":[{"href":"https:\/\/anysexshop.com.ar\/shop\/wp-json\/wp\/v2\/product\/4361","targetHints":{"allow":["GET"]}}],"collection":[{"href":"https:\/\/anysexshop.com.ar\/shop\/wp-json\/wp\/v2\/product"}],"about":[{"href":"https:\/\/anysexshop.com.ar\/shop\/wp-json\/wp\/v2\/types\/product"}],"replies":[{"embeddable":true,"href":"https:\/\/anysexshop.com.ar\/shop\/wp-json\/wp\/v2\/comments?post=4361"}],"wp:featuredmedia":[{"embeddable":true,"href":"https:\/\/anysexshop.com.ar\/shop\/wp-json\/wp\/v2\/media\/4362"}],"wp:attachment":[{"href":"https:\/\/anysexshop.com.ar\/shop\/wp-json\/wp\/v2\/media?parent=4361"}],"wp:term":[{"taxonomy":"product_brand","embeddable":true,"href":"https:\/\/anysexshop.com.ar\/shop\/wp-json\/wp\/v2\/product_brand?post=4361"},{"taxonomy":"product_cat","embeddable":true,"href":"https:\/\/anysexshop.com.ar\/shop\/wp-json\/wp\/v2\/product_cat?post=4361"},{"taxonomy":"product_tag","embeddable":true,"href":"https:\/\/anysexshop.com.ar\/shop\/wp-json\/wp\/v2\/product_tag?post=4361"}],"curies":[{"name":"wp","href":"https:\/\/api.w.org\/{rel}","templated":true}]}}