{"id":5014,"date":"2024-09-11T11:28:24","date_gmt":"2024-09-11T14:28:24","guid":{"rendered":"https:\/\/anysexshop.com.ar\/shop\/?post_type=product&#038;p=5014"},"modified":"2026-03-04T20:49:01","modified_gmt":"2026-03-04T23:49:01","slug":"arnes-doble-ecocuero","status":"publish","type":"product","link":"https:\/\/anysexshop.com.ar\/shop\/product\/arnes-doble-ecocuero\/","title":{"rendered":"ARNES DOBLE ECOCUERO"},"content":{"rendered":"<body><h3>Caracter\u00edsticas Principales<\/h3>\n<div>\u2022 Confeccionado en cuero y el\u00e1stico.<\/div>\n<div>\u2022 Con aros met\u00e1licos para mayor resistencia y durabilidad.<br>\n\u2022 Ideal para doble penetraci\u00f3n anal y vaginal en simult\u00e1neo.<br>\n\u2022 Sostiene dos consoladores de aproximadamente 5cm y 4cm de ancho.<\/div>\n<div><\/div>\n<h3>Descripci\u00f3n<\/h3>\n<div>Arn\u00e9s confeccionado en cuero y el\u00e1stico, con\u00a0aros met\u00e1licos para mayor resistencia. Dise\u00f1ado para practicar doble penetraci\u00f3n vaginal y anal en simult\u00e1neo a tu pareja.<\/div>\n<div><\/div>\n<h3>Especificaciones<\/h3>\n<div>\u2022 Material: cuero, metal y el\u00e1stico ancho.<\/div>\n<div>\u2022 Sostiene dos consoladores, vibradores o pr\u00f3tesis de aprox. 5cm y 4cm de ancho.<\/div>\n<div><\/div>\n<div>Las im\u00e1genes son ilustrativas.<\/div>\n<\/body>","protected":false},"excerpt":{"rendered":"<p>Caracter\u00edsticas Principales \u2022 Confeccionado en cuero y el\u00e1stico. \u2022 Con aros met\u00e1licos para mayor resistencia y durabilidad. \u2022 Ideal para doble penetraci\u00f3n anal y vaginal en simult\u00e1neo. \u2022 Sostiene dos consoladores de aproximadamente 5cm y 4cm de ancho. Descripci\u00f3n Arn\u00e9s confeccionado en cuero y el\u00e1stico, con\u00a0aros met\u00e1licos para mayor resistencia.&hellip; <\/p>\n","protected":false},"featured_media":5015,"comment_status":"open","ping_status":"closed","template":"","meta":{"om_disable_all_campaigns":false},"product_brand":[],"product_cat":[59],"product_tag":[],"class_list":{"0":"post-5014","1":"product","2":"type-product","3":"status-publish","4":"has-post-thumbnail","6":"product_cat-arnes-strapon-cambio-de-roles-protesis","8":"first","9":"instock","10":"shipping-taxable","11":"purchasable","12":"product-type-simple"},"jetpack_sharing_enabled":true,"_links":{"self":[{"href":"https:\/\/anysexshop.com.ar\/shop\/wp-json\/wp\/v2\/product\/5014","targetHints":{"allow":["GET"]}}],"collection":[{"href":"https:\/\/anysexshop.com.ar\/shop\/wp-json\/wp\/v2\/product"}],"about":[{"href":"https:\/\/anysexshop.com.ar\/shop\/wp-json\/wp\/v2\/types\/product"}],"replies":[{"embeddable":true,"href":"https:\/\/anysexshop.com.ar\/shop\/wp-json\/wp\/v2\/comments?post=5014"}],"wp:featuredmedia":[{"embeddable":true,"href":"https:\/\/anysexshop.com.ar\/shop\/wp-json\/wp\/v2\/media\/5015"}],"wp:attachment":[{"href":"https:\/\/anysexshop.com.ar\/shop\/wp-json\/wp\/v2\/media?parent=5014"}],"wp:term":[{"taxonomy":"product_brand","embeddable":true,"href":"https:\/\/anysexshop.com.ar\/shop\/wp-json\/wp\/v2\/product_brand?post=5014"},{"taxonomy":"product_cat","embeddable":true,"href":"https:\/\/anysexshop.com.ar\/shop\/wp-json\/wp\/v2\/product_cat?post=5014"},{"taxonomy":"product_tag","embeddable":true,"href":"https:\/\/anysexshop.com.ar\/shop\/wp-json\/wp\/v2\/product_tag?post=5014"}],"curies":[{"name":"wp","href":"https:\/\/api.w.org\/{rel}","templated":true}]}}