{"id":5113,"date":"2024-09-12T14:34:35","date_gmt":"2024-09-12T17:34:35","guid":{"rendered":"https:\/\/anysexshop.com.ar\/shop\/?post_type=product&#038;p=5113"},"modified":"2026-01-12T18:18:42","modified_gmt":"2026-01-12T21:18:42","slug":"gel-lubricante-con-sabor-a-dulce-de-leche-ideal-para-sexo-anal","status":"publish","type":"product","link":"https:\/\/anysexshop.com.ar\/shop\/product\/gel-lubricante-con-sabor-a-dulce-de-leche-ideal-para-sexo-anal\/","title":{"rendered":"GEL LUBRICANTE CON SABOR A DULCE DE LECHE"},"content":{"rendered":"<body><div>IRRESISTIBLE AROMA Y SABOR. TENTATE.<\/div>\n<div><\/div>\n<div>Gel lubricante de base acuosa, hidrosoluble.<\/div>\n<div><\/div>\n<div>Con alto poder de lubricaci\u00f3n.<\/div>\n<div><\/div>\n<div>Explora tus m\u00e1s osadas fantas\u00edas.<\/div>\n<div><\/div>\n<div>\u00a1Degust\u00e1! \u00a1Prob\u00e1! \u00a1Jug\u00e1!<\/div>\n<div><\/div>\n<div>Luego del uso deja tu piel humectada y sedosa.<\/div>\n<div><\/div>\n<div>No mancha y no deja residuos.<\/div>\n<div><\/div>\n<div>CONTIENE 80ML<\/div>\n<div>SABOR DULCE DE LECHE<\/div>\n<\/body>","protected":false},"excerpt":{"rendered":"<p>IRRESISTIBLE AROMA Y SABOR. TENTATE. Gel lubricante de base acuosa, hidrosoluble. Con alto poder de lubricaci\u00f3n. Explora tus m\u00e1s osadas fantas\u00edas. \u00a1Degust\u00e1! \u00a1Prob\u00e1! \u00a1Jug\u00e1! Luego del uso deja tu piel humectada y sedosa. No mancha y no deja residuos. CONTIENE 80ML SABOR DULCE DE LECHE<\/p>\n","protected":false},"featured_media":5114,"comment_status":"open","ping_status":"closed","template":"","meta":{"om_disable_all_campaigns":false},"product_brand":[],"product_cat":[54],"product_tag":[],"class_list":{"0":"post-5113","1":"product","2":"type-product","3":"status-publish","4":"has-post-thumbnail","6":"product_cat-geles-lubricantes-y-aceites","8":"first","9":"instock","10":"sale","11":"shipping-taxable","12":"purchasable","13":"product-type-simple"},"jetpack_sharing_enabled":true,"_links":{"self":[{"href":"https:\/\/anysexshop.com.ar\/shop\/wp-json\/wp\/v2\/product\/5113","targetHints":{"allow":["GET"]}}],"collection":[{"href":"https:\/\/anysexshop.com.ar\/shop\/wp-json\/wp\/v2\/product"}],"about":[{"href":"https:\/\/anysexshop.com.ar\/shop\/wp-json\/wp\/v2\/types\/product"}],"replies":[{"embeddable":true,"href":"https:\/\/anysexshop.com.ar\/shop\/wp-json\/wp\/v2\/comments?post=5113"}],"wp:featuredmedia":[{"embeddable":true,"href":"https:\/\/anysexshop.com.ar\/shop\/wp-json\/wp\/v2\/media\/5114"}],"wp:attachment":[{"href":"https:\/\/anysexshop.com.ar\/shop\/wp-json\/wp\/v2\/media?parent=5113"}],"wp:term":[{"taxonomy":"product_brand","embeddable":true,"href":"https:\/\/anysexshop.com.ar\/shop\/wp-json\/wp\/v2\/product_brand?post=5113"},{"taxonomy":"product_cat","embeddable":true,"href":"https:\/\/anysexshop.com.ar\/shop\/wp-json\/wp\/v2\/product_cat?post=5113"},{"taxonomy":"product_tag","embeddable":true,"href":"https:\/\/anysexshop.com.ar\/shop\/wp-json\/wp\/v2\/product_tag?post=5113"}],"curies":[{"name":"wp","href":"https:\/\/api.w.org\/{rel}","templated":true}]}}