{"id":5124,"date":"2024-09-12T16:34:21","date_gmt":"2024-09-12T19:34:21","guid":{"rendered":"https:\/\/anysexshop.com.ar\/shop\/?post_type=product&#038;p=5124"},"modified":"2026-03-02T21:56:07","modified_gmt":"2026-03-03T00:56:07","slug":"vibrador-doble-estimulador-jana-usb","status":"publish","type":"product","link":"https:\/\/anysexshop.com.ar\/shop\/product\/vibrador-doble-estimulador-jana-usb\/","title":{"rendered":"VIBRADOR DOBLE ESTIMULADOR JANA USB"},"content":{"rendered":"<body><p class=\"p1\">\u00bfBuscas un juguete para descubrirte y conocerte mejor? Este vibrador de doble estimulaci\u00f3n, te llevar\u00e1 a otro universo por su hermoso dise\u00f1o e intensidad. Su material de silicona aterciopelada te garantizar\u00e1 un \u00f3ptimo placer.<span class=\"Apple-converted-space\">\u00a0\u00a0<\/span>Su estimulador Clitorial uniforme har\u00e1 que puedas sensiblemente llegar a una gran excitaci\u00f3n. Ideal mujeres sensibles que quieren sentirse plenas. Su vaginal curvo har\u00e1 que puedas disfrutar del apoyo perfecto en Punto G. Totalmente silencioso y discreto. Manten\u00e9 pulsado durante 3 segundos para encender y apagar.<\/p>\n<p class=\"p1\">Caracter\u00edsticas<\/p>\n<p class=\"p1\">Silicona 100% pura +ABS.<\/p>\n<p class=\"p1\">100% Libre de Fthalatos.<\/p>\n<p class=\"p1\">Libre de l\u00e1tex.<\/p>\n<p class=\"p1\">Dise\u00f1o Ergon\u00f3mico vaginal + punto G. + cl\u00edtoris.<\/p>\n<p class=\"p1\">3 modos de vibraci\u00f3n lineal.<\/p>\n<p class=\"p1\">7 ritmos diferentes.<\/p>\n<p class=\"p1\">2 motores.<\/p>\n<p class=\"p1\">Recargable. Incluye cable de carga.<\/p>\n<p class=\"p1\">Teclas de f\u00e1cil manejo.<\/p>\n<p class=\"p1\">Impermeable. No sumergible.<\/p>\n<p class=\"p1\">Di\u00e1metro: 3.5cm.<\/p>\n<p class=\"p1\">Longitud total: 21cm.<\/p>\n<\/body>","protected":false},"excerpt":{"rendered":"<p>\u00bfBuscas un juguete para descubrirte y conocerte mejor? Este vibrador de doble estimulaci\u00f3n, te llevar\u00e1 a otro universo por su hermoso dise\u00f1o e intensidad. Su material de silicona aterciopelada te garantizar\u00e1 un \u00f3ptimo placer.\u00a0\u00a0Su estimulador Clitorial uniforme har\u00e1 que puedas sensiblemente llegar a una gran excitaci\u00f3n. Ideal mujeres sensibles que&hellip; <\/p>\n","protected":false},"featured_media":5125,"comment_status":"open","ping_status":"closed","template":"","meta":{"om_disable_all_campaigns":false},"product_brand":[],"product_cat":[69],"product_tag":[],"class_list":{"0":"post-5124","1":"product","2":"type-product","3":"status-publish","4":"has-post-thumbnail","6":"product_cat-vibradores","8":"first","9":"instock","10":"shipping-taxable","11":"purchasable","12":"product-type-simple"},"jetpack_sharing_enabled":true,"_links":{"self":[{"href":"https:\/\/anysexshop.com.ar\/shop\/wp-json\/wp\/v2\/product\/5124","targetHints":{"allow":["GET"]}}],"collection":[{"href":"https:\/\/anysexshop.com.ar\/shop\/wp-json\/wp\/v2\/product"}],"about":[{"href":"https:\/\/anysexshop.com.ar\/shop\/wp-json\/wp\/v2\/types\/product"}],"replies":[{"embeddable":true,"href":"https:\/\/anysexshop.com.ar\/shop\/wp-json\/wp\/v2\/comments?post=5124"}],"wp:featuredmedia":[{"embeddable":true,"href":"https:\/\/anysexshop.com.ar\/shop\/wp-json\/wp\/v2\/media\/5125"}],"wp:attachment":[{"href":"https:\/\/anysexshop.com.ar\/shop\/wp-json\/wp\/v2\/media?parent=5124"}],"wp:term":[{"taxonomy":"product_brand","embeddable":true,"href":"https:\/\/anysexshop.com.ar\/shop\/wp-json\/wp\/v2\/product_brand?post=5124"},{"taxonomy":"product_cat","embeddable":true,"href":"https:\/\/anysexshop.com.ar\/shop\/wp-json\/wp\/v2\/product_cat?post=5124"},{"taxonomy":"product_tag","embeddable":true,"href":"https:\/\/anysexshop.com.ar\/shop\/wp-json\/wp\/v2\/product_tag?post=5124"}],"curies":[{"name":"wp","href":"https:\/\/api.w.org\/{rel}","templated":true}]}}