{"id":5139,"date":"2024-09-12T18:22:27","date_gmt":"2024-09-12T21:22:27","guid":{"rendered":"https:\/\/anysexshop.com.ar\/shop\/?post_type=product&#038;p=5139"},"modified":"2025-11-13T17:31:06","modified_gmt":"2025-11-13T20:31:06","slug":"ultra-mujer-vigorizante-aumenta-el-deseo-sexual-femenino","status":"publish","type":"product","link":"https:\/\/anysexshop.com.ar\/shop\/product\/ultra-mujer-vigorizante-aumenta-el-deseo-sexual-femenino\/","title":{"rendered":"ULTRA MUJER VIGORIZANTE (AUMENTA EL DESEO SEXUAL FEMENINO)"},"content":{"rendered":"<body><div>AUMENTAR EL DESEO SEXUAL FEMENINO<\/div>\n<div>Disfrute su intimidad a pleno<\/div>\n<div><\/div>\n<div>Ingredientes naturales<\/div>\n<div>Hace efecto en menos de 30 minutos<\/div>\n<div>El efecto dura m\u00e1s de 3 horas<\/div>\n<div>Lleve su placer al m\u00e1ximo<\/div>\n<div><\/div>\n<div><\/div>\n<div>Activar el deseo<\/div>\n<div>Ayudar a aumentar la satisfacci\u00f3n<\/div>\n<div>Ayudar a incrementar la lubricaci\u00f3n<\/div>\n<div><\/div>\n<div>\u00bfQui\u00e9nes deben tomar Ultra Mujer?<\/div>\n<div>Mujeres que buscan mejorar su calidad sexual<\/div>\n<div>Quienes sufren falta de deseo debido a presiones del trabajo<\/div>\n<div>Mujeres que sufren de falta de deseo debido a cansancio f\u00edsico<\/div>\n<div><\/div>\n<div>Forma de uso sugerido: tomar 1 c\u00e1psula a la hora del d\u00eda que prefiera. Puede tomar hasta 2 c\u00e1psulas al d\u00eda si lo desea, y en caso de tomar 2 puede tomarlas juntas.<\/div>\n<div><\/div>\n<div>\n<div>CONTIENE 4 C\u00c1PSULAS<\/div>\n<div>\nFECHA DE VENCIMIENTO: 01\/26<\/div>\n<\/div>\n<\/body>","protected":false},"excerpt":{"rendered":"<p>AUMENTAR EL DESEO SEXUAL FEMENINO Disfrute su intimidad a pleno Ingredientes naturales Hace efecto en menos de 30 minutos El efecto dura m\u00e1s de 3 horas Lleve su placer al m\u00e1ximo Activar el deseo Ayudar a aumentar la satisfacci\u00f3n Ayudar a incrementar la lubricaci\u00f3n \u00bfQui\u00e9nes deben tomar Ultra Mujer? Mujeres&hellip; <\/p>\n","protected":false},"featured_media":5140,"comment_status":"open","ping_status":"closed","template":"","meta":{"om_disable_all_campaigns":false},"product_brand":[],"product_cat":[92],"product_tag":[],"class_list":{"0":"post-5139","1":"product","2":"type-product","3":"status-publish","4":"has-post-thumbnail","6":"product_cat-vigorizantes","8":"first","9":"instock","10":"shipping-taxable","11":"purchasable","12":"product-type-simple"},"jetpack_sharing_enabled":true,"_links":{"self":[{"href":"https:\/\/anysexshop.com.ar\/shop\/wp-json\/wp\/v2\/product\/5139","targetHints":{"allow":["GET"]}}],"collection":[{"href":"https:\/\/anysexshop.com.ar\/shop\/wp-json\/wp\/v2\/product"}],"about":[{"href":"https:\/\/anysexshop.com.ar\/shop\/wp-json\/wp\/v2\/types\/product"}],"replies":[{"embeddable":true,"href":"https:\/\/anysexshop.com.ar\/shop\/wp-json\/wp\/v2\/comments?post=5139"}],"wp:featuredmedia":[{"embeddable":true,"href":"https:\/\/anysexshop.com.ar\/shop\/wp-json\/wp\/v2\/media\/5140"}],"wp:attachment":[{"href":"https:\/\/anysexshop.com.ar\/shop\/wp-json\/wp\/v2\/media?parent=5139"}],"wp:term":[{"taxonomy":"product_brand","embeddable":true,"href":"https:\/\/anysexshop.com.ar\/shop\/wp-json\/wp\/v2\/product_brand?post=5139"},{"taxonomy":"product_cat","embeddable":true,"href":"https:\/\/anysexshop.com.ar\/shop\/wp-json\/wp\/v2\/product_cat?post=5139"},{"taxonomy":"product_tag","embeddable":true,"href":"https:\/\/anysexshop.com.ar\/shop\/wp-json\/wp\/v2\/product_tag?post=5139"}],"curies":[{"name":"wp","href":"https:\/\/api.w.org\/{rel}","templated":true}]}}