{"id":5143,"date":"2024-09-12T18:28:33","date_gmt":"2024-09-12T21:28:33","guid":{"rendered":"https:\/\/anysexshop.com.ar\/shop\/?post_type=product&#038;p=5143"},"modified":"2026-03-06T20:19:25","modified_gmt":"2026-03-06T23:19:25","slug":"heroe-pro-long-spray-masculino-para-retardar-la-eyaculacion","status":"publish","type":"product","link":"https:\/\/anysexshop.com.ar\/shop\/product\/heroe-pro-long-spray-masculino-para-retardar-la-eyaculacion\/","title":{"rendered":"HEROE PRO-LONG SPRAY MASCULINO PARA RETARDAR LA EYACULACION"},"content":{"rendered":"<body><h3>Spray ultra deslizante para relaciones m\u00e1s prolongadas y placenteras. R\u00e1pida acci\u00f3n que permite controlar las erecciones retrasando el momento de la eyaculaci\u00f3n. Formula exclusiva a base de extractos naturales<\/h3>\n<\/body>","protected":false},"excerpt":{"rendered":"<p>Spray ultra deslizante para relaciones m\u00e1s prolongadas y placenteras. R\u00e1pida acci\u00f3n que permite controlar las erecciones retrasando el momento de la eyaculaci\u00f3n. Formula exclusiva a base de extractos naturales<\/p>\n","protected":false},"featured_media":5144,"comment_status":"open","ping_status":"closed","template":"","meta":{"om_disable_all_campaigns":false},"product_brand":[],"product_cat":[54,15,92],"product_tag":[],"class_list":{"0":"post-5143","1":"product","2":"type-product","3":"status-publish","4":"has-post-thumbnail","6":"product_cat-geles-lubricantes-y-aceites","7":"product_cat-combos","8":"product_cat-vigorizantes","10":"first","11":"instock","12":"shipping-taxable","13":"purchasable","14":"product-type-simple"},"jetpack_sharing_enabled":true,"_links":{"self":[{"href":"https:\/\/anysexshop.com.ar\/shop\/wp-json\/wp\/v2\/product\/5143","targetHints":{"allow":["GET"]}}],"collection":[{"href":"https:\/\/anysexshop.com.ar\/shop\/wp-json\/wp\/v2\/product"}],"about":[{"href":"https:\/\/anysexshop.com.ar\/shop\/wp-json\/wp\/v2\/types\/product"}],"replies":[{"embeddable":true,"href":"https:\/\/anysexshop.com.ar\/shop\/wp-json\/wp\/v2\/comments?post=5143"}],"wp:featuredmedia":[{"embeddable":true,"href":"https:\/\/anysexshop.com.ar\/shop\/wp-json\/wp\/v2\/media\/5144"}],"wp:attachment":[{"href":"https:\/\/anysexshop.com.ar\/shop\/wp-json\/wp\/v2\/media?parent=5143"}],"wp:term":[{"taxonomy":"product_brand","embeddable":true,"href":"https:\/\/anysexshop.com.ar\/shop\/wp-json\/wp\/v2\/product_brand?post=5143"},{"taxonomy":"product_cat","embeddable":true,"href":"https:\/\/anysexshop.com.ar\/shop\/wp-json\/wp\/v2\/product_cat?post=5143"},{"taxonomy":"product_tag","embeddable":true,"href":"https:\/\/anysexshop.com.ar\/shop\/wp-json\/wp\/v2\/product_tag?post=5143"}],"curies":[{"name":"wp","href":"https:\/\/api.w.org\/{rel}","templated":true}]}}