{"id":5187,"date":"2024-09-16T10:47:31","date_gmt":"2024-09-16T13:47:31","guid":{"rendered":"https:\/\/anysexshop.com.ar\/shop\/?post_type=product&#038;p=5187"},"modified":"2026-03-06T20:19:13","modified_gmt":"2026-03-06T23:19:13","slug":"gel-anal-miss-v-try","status":"publish","type":"product","link":"https:\/\/anysexshop.com.ar\/shop\/product\/gel-anal-miss-v-try\/","title":{"rendered":"GEL ANAL MISS V TRY"},"content":{"rendered":"<body><p><strong>Gel lubricante \u00edntimo para relaciones anales.<\/strong><\/p>\n<p>Gel lubricante y humectante dise\u00f1ado a base de glicerina que otorga una mayor fluidez y deslizamiento, y genera una lubricaci\u00f3n\u00a0prolongada. El gel lubricante Try es imprescindible en el sexo anal para aumentar la lubricaci\u00f3n\u00a0y lograr la distensi\u00f3n de esta zona, permitiendo as\u00ed alcanzar un\u00a0pleno disfrute debido a su exclusiva formula natural. Su funci\u00f3n dual tambi\u00e9n permite su uso para masajes corporales.<\/p>\n<h4>Beneficios:<\/h4>\n<ul>\n<li>Creado exclusivamente con extractos naturales: malva, manzanilla y avena, componentes con propiedades desinflamatorias, calmantes y regeneradoras de la piel que ayudan a dilatar la musculatura.<\/li>\n<li>Posee un delicado aroma a cappuccino.<\/li>\n<li>Ideal para relajantes masajes corporales.<\/li>\n<li>Es hidrosoluble, compatible con el uso de preservativos. No mancha la ropa.<\/li>\n<li>\n<\/ul>\n<h4>Modo de uso:<\/h4>\n<p>Su uso es muy sencillo, solamente debemos extender el gel Try por la zona del ano realizando suaves golpecitos con el dedo \u00edndice, siempre con los dedos limpios antes y durante la relaci\u00f3n sexual.<\/p>\n<h4>Presentaci\u00f3n:<\/h4>\n<p>Envase de 50 ml con nueva tapa Easy Open: f\u00e1cil apertura y r\u00e1pida salida del contenido. No se derrama.<\/p>\n<p><strong>TODOS LOS PRODUCTOS MISS V SE ENCUENTRAN APROBADOS POR I.N.A.M.E DEPENDIENTE DE A.N.M.A.T.<\/strong><\/p>\n<p>Ante cualquier duda consulte a su m\u00e9dico. En caso de irritaci\u00f3n discontinuar su uso.<\/p>\n<p>Sin ning\u00fan aditivo que altere ese sabor. No deja sabor ni patina amarga en el paladar<\/p>\n<\/body>","protected":false},"excerpt":{"rendered":"<p>Gel lubricante \u00edntimo para relaciones anales. Gel lubricante y humectante dise\u00f1ado a base de glicerina que otorga una mayor fluidez y deslizamiento, y genera una lubricaci\u00f3n\u00a0prolongada. El gel lubricante Try es imprescindible en el sexo anal para aumentar la lubricaci\u00f3n\u00a0y lograr la distensi\u00f3n de esta zona, permitiendo as\u00ed alcanzar un\u00a0pleno&hellip; <\/p>\n","protected":false},"featured_media":5188,"comment_status":"open","ping_status":"closed","template":"","meta":{"om_disable_all_campaigns":false},"product_brand":[],"product_cat":[54],"product_tag":[],"class_list":{"0":"post-5187","1":"product","2":"type-product","3":"status-publish","4":"has-post-thumbnail","6":"product_cat-geles-lubricantes-y-aceites","8":"first","9":"instock","10":"shipping-taxable","11":"purchasable","12":"product-type-simple"},"jetpack_sharing_enabled":true,"_links":{"self":[{"href":"https:\/\/anysexshop.com.ar\/shop\/wp-json\/wp\/v2\/product\/5187","targetHints":{"allow":["GET"]}}],"collection":[{"href":"https:\/\/anysexshop.com.ar\/shop\/wp-json\/wp\/v2\/product"}],"about":[{"href":"https:\/\/anysexshop.com.ar\/shop\/wp-json\/wp\/v2\/types\/product"}],"replies":[{"embeddable":true,"href":"https:\/\/anysexshop.com.ar\/shop\/wp-json\/wp\/v2\/comments?post=5187"}],"wp:featuredmedia":[{"embeddable":true,"href":"https:\/\/anysexshop.com.ar\/shop\/wp-json\/wp\/v2\/media\/5188"}],"wp:attachment":[{"href":"https:\/\/anysexshop.com.ar\/shop\/wp-json\/wp\/v2\/media?parent=5187"}],"wp:term":[{"taxonomy":"product_brand","embeddable":true,"href":"https:\/\/anysexshop.com.ar\/shop\/wp-json\/wp\/v2\/product_brand?post=5187"},{"taxonomy":"product_cat","embeddable":true,"href":"https:\/\/anysexshop.com.ar\/shop\/wp-json\/wp\/v2\/product_cat?post=5187"},{"taxonomy":"product_tag","embeddable":true,"href":"https:\/\/anysexshop.com.ar\/shop\/wp-json\/wp\/v2\/product_tag?post=5187"}],"curies":[{"name":"wp","href":"https:\/\/api.w.org\/{rel}","templated":true}]}}