{"id":5214,"date":"2024-09-16T11:55:57","date_gmt":"2024-09-16T14:55:57","guid":{"rendered":"https:\/\/anysexshop.com.ar\/shop\/?post_type=product&#038;p=5214"},"modified":"2026-02-13T15:54:01","modified_gmt":"2026-02-13T18:54:01","slug":"mordaza-bola-hueca-blanca","status":"publish","type":"product","link":"https:\/\/anysexshop.com.ar\/shop\/product\/mordaza-bola-hueca-blanca\/","title":{"rendered":"MORDAZA BOLA"},"content":{"rendered":"<body><p>MORDAZA EN CUERO ECOL\u00d3GICO<\/p>\n<div>\n<div>Un objeto que siempre se usar\u00e1\u2026<\/div>\n<div><\/div>\n<div>En todo juego de roles, la mordaza est\u00e1 presente.<\/div>\n<div><\/div>\n<div>Logra que la experiencia tenga m\u00e1s fuego y diversi\u00f3n, llevando la fantas\u00eda a los gemidos m\u00e1s intensos.<\/div>\n<div><\/div>\n<div>\n<div>EL BDSM NECESITA TENER UNA MORDAZA. NECESITA CALLAR LOS GRITOS DE PLACER<\/div>\n<div><\/div>\n<\/div>\n<div><\/div>\n<div>\n<div>La mordaza es f\u00e1cilmente regulable a cualquier contextura f\u00edsica.<\/div>\n<div><\/div>\n<div>Resistentes y realizadas en cuero ecol\u00f3gico \u00a0como los remaches para que todo el producto destaque calidad.<\/div>\n<div><\/div>\n<div>\n<div>F\u00e1cil de limpiar y guardar.<\/div>\n<\/div>\n<\/div>\n<\/div>\n<\/body>","protected":false},"excerpt":{"rendered":"<p>MORDAZA EN CUERO ECOL\u00d3GICO Un objeto que siempre se usar\u00e1\u2026 En todo juego de roles, la mordaza est\u00e1 presente. Logra que la experiencia tenga m\u00e1s fuego y diversi\u00f3n, llevando la fantas\u00eda a los gemidos m\u00e1s intensos. EL BDSM NECESITA TENER UNA MORDAZA. NECESITA CALLAR LOS GRITOS DE PLACER La mordaza&hellip; <\/p>\n","protected":false},"featured_media":5951,"comment_status":"open","ping_status":"closed","template":"","meta":{"om_disable_all_campaigns":false},"product_brand":[],"product_cat":[87],"product_tag":[],"class_list":{"0":"post-5214","1":"product","2":"type-product","3":"status-publish","4":"has-post-thumbnail","6":"product_cat-mordazas","8":"first","9":"instock","10":"sale","11":"shipping-taxable","12":"purchasable","13":"product-type-simple"},"jetpack_sharing_enabled":true,"_links":{"self":[{"href":"https:\/\/anysexshop.com.ar\/shop\/wp-json\/wp\/v2\/product\/5214","targetHints":{"allow":["GET"]}}],"collection":[{"href":"https:\/\/anysexshop.com.ar\/shop\/wp-json\/wp\/v2\/product"}],"about":[{"href":"https:\/\/anysexshop.com.ar\/shop\/wp-json\/wp\/v2\/types\/product"}],"replies":[{"embeddable":true,"href":"https:\/\/anysexshop.com.ar\/shop\/wp-json\/wp\/v2\/comments?post=5214"}],"wp:featuredmedia":[{"embeddable":true,"href":"https:\/\/anysexshop.com.ar\/shop\/wp-json\/wp\/v2\/media\/5951"}],"wp:attachment":[{"href":"https:\/\/anysexshop.com.ar\/shop\/wp-json\/wp\/v2\/media?parent=5214"}],"wp:term":[{"taxonomy":"product_brand","embeddable":true,"href":"https:\/\/anysexshop.com.ar\/shop\/wp-json\/wp\/v2\/product_brand?post=5214"},{"taxonomy":"product_cat","embeddable":true,"href":"https:\/\/anysexshop.com.ar\/shop\/wp-json\/wp\/v2\/product_cat?post=5214"},{"taxonomy":"product_tag","embeddable":true,"href":"https:\/\/anysexshop.com.ar\/shop\/wp-json\/wp\/v2\/product_tag?post=5214"}],"curies":[{"name":"wp","href":"https:\/\/api.w.org\/{rel}","templated":true}]}}