{"id":5266,"date":"2024-09-16T14:59:01","date_gmt":"2024-09-16T17:59:01","guid":{"rendered":"https:\/\/anysexshop.com.ar\/shop\/?post_type=product&#038;p=5266"},"modified":"2025-12-12T13:31:23","modified_gmt":"2025-12-12T16:31:23","slug":"kit-promo-noches-calientes","status":"publish","type":"product","link":"https:\/\/anysexshop.com.ar\/shop\/product\/kit-promo-noches-calientes\/","title":{"rendered":"KIT PROMO NOCHES CALIENTES"},"content":{"rendered":"<body><div>\n<div>NOCHES CALIENTES CON DOBLE PENETRACI\u00d3N<\/div>\n<div><\/div>\n<div>INFARTA PRESENTA LOS NUEVOS KITS PARA EXPERIENCIAS COMPLETAS.<\/div>\n<div><\/div>\n<div>PASAR UNA ASOMBROSA NOCHE EN PAREJA, CARGADA DE MIMOS, SORPRESAS Y SEXO\u2026<\/div>\n<div><\/div>\n<div>\u00a1UN MARAVILLOSO SEXO!<\/div>\n<div><\/div>\n<div>UN KIT QUE LO TIENE TODO.<\/div>\n<div><\/div>\n<div>\n<p>AMARRES, LUBRICANTE, DILDO Y CINTUR\u00d3N PARA DOBLE PENETRACI\u00d3N.<\/p>\n<p>TANTO PLACER QUE SER\u00c1\u00a0INOLVIDABLE.<\/p>\n<\/div>\n<div><\/div>\n<div><\/div>\n<div>\u00a1NO DEJES DE PASAR ESTA OPORTUNIDAD!<\/div>\n<div><\/div>\n<div><\/div>\n<div>PROMOCI\u00d3N EXCLUSIVA<\/div>\n<div><\/div>\n<\/div>\n<div>EL KIT CONTIENE:<br>\n1 DILDO SOPAPA APTO PARA ARN\u00c9S<\/div>\n<div>1 LUBRICANTE NATURAL 30ML<\/div>\n<div>1 ESPOSAS METAL<\/div>\n<div>1 CINTUR\u00d3N ARN\u00c9S APTO PARA DOBLE PENETRACI\u00d3N ARO 3 MEDIDAS.<\/div>\n<\/body>","protected":false},"excerpt":{"rendered":"<p>NOCHES CALIENTES CON DOBLE PENETRACI\u00d3N INFARTA PRESENTA LOS NUEVOS KITS PARA EXPERIENCIAS COMPLETAS. PASAR UNA ASOMBROSA NOCHE EN PAREJA, CARGADA DE MIMOS, SORPRESAS Y SEXO\u2026 \u00a1UN MARAVILLOSO SEXO! UN KIT QUE LO TIENE TODO. AMARRES, LUBRICANTE, DILDO Y CINTUR\u00d3N PARA DOBLE PENETRACI\u00d3N. TANTO PLACER QUE SER\u00c1\u00a0INOLVIDABLE. \u00a1NO DEJES DE PASAR&hellip; <\/p>\n","protected":false},"featured_media":5267,"comment_status":"open","ping_status":"closed","template":"","meta":{"om_disable_all_campaigns":false},"product_brand":[],"product_cat":[206,15,81],"product_tag":[],"class_list":{"0":"post-5266","1":"product","2":"type-product","3":"status-publish","4":"has-post-thumbnail","6":"product_cat-kits","7":"product_cat-combos","8":"product_cat-sado","10":"first","11":"instock","12":"sale","13":"shipping-taxable","14":"purchasable","15":"product-type-simple"},"jetpack_sharing_enabled":true,"_links":{"self":[{"href":"https:\/\/anysexshop.com.ar\/shop\/wp-json\/wp\/v2\/product\/5266","targetHints":{"allow":["GET"]}}],"collection":[{"href":"https:\/\/anysexshop.com.ar\/shop\/wp-json\/wp\/v2\/product"}],"about":[{"href":"https:\/\/anysexshop.com.ar\/shop\/wp-json\/wp\/v2\/types\/product"}],"replies":[{"embeddable":true,"href":"https:\/\/anysexshop.com.ar\/shop\/wp-json\/wp\/v2\/comments?post=5266"}],"wp:featuredmedia":[{"embeddable":true,"href":"https:\/\/anysexshop.com.ar\/shop\/wp-json\/wp\/v2\/media\/5267"}],"wp:attachment":[{"href":"https:\/\/anysexshop.com.ar\/shop\/wp-json\/wp\/v2\/media?parent=5266"}],"wp:term":[{"taxonomy":"product_brand","embeddable":true,"href":"https:\/\/anysexshop.com.ar\/shop\/wp-json\/wp\/v2\/product_brand?post=5266"},{"taxonomy":"product_cat","embeddable":true,"href":"https:\/\/anysexshop.com.ar\/shop\/wp-json\/wp\/v2\/product_cat?post=5266"},{"taxonomy":"product_tag","embeddable":true,"href":"https:\/\/anysexshop.com.ar\/shop\/wp-json\/wp\/v2\/product_tag?post=5266"}],"curies":[{"name":"wp","href":"https:\/\/api.w.org\/{rel}","templated":true}]}}