{"id":5273,"date":"2024-09-16T15:06:59","date_gmt":"2024-09-16T18:06:59","guid":{"rendered":"https:\/\/anysexshop.com.ar\/shop\/?post_type=product&#038;p=5273"},"modified":"2026-02-13T15:31:04","modified_gmt":"2026-02-13T18:31:04","slug":"kit-fury-lovers-set-de-6-unidades","status":"publish","type":"product","link":"https:\/\/anysexshop.com.ar\/shop\/product\/kit-fury-lovers-set-de-6-unidades\/","title":{"rendered":"KIT FURY LOVERS SET DE 6 UNIDADES"},"content":{"rendered":"<body><div>\n<div>FURY LOVERS UN KIT PARA VIVIR UNA EXPERIENCIA INOLVIDABLE.<\/div>\n<div><\/div>\n<div>INFARTA PRESENTA UNA NUEVA FORMA DE SENTIR<\/div>\n<div><\/div>\n<div>STOCK LIMITADO EN PROMOCI\u00d3N.<\/div>\n<div><\/div>\n<div>\n<div>UN JUEGO DE BDSM EXTREMO.<\/div>\n<div><\/div>\n<div>VESTIRSE PARA \u00c9STE MOMENTO, EXCITA.<\/div>\n<div><\/div>\n<div>COMENZAR A SENTIRLO PROVOCAR\u00c1 ADICCI\u00d3N.<\/div>\n<div><\/div>\n<\/div>\n<div><\/div>\n<div>PASAR UNA ASOMBROSA NOCHE EN PAREJA, LLENA DE SORPRESAS Y EST\u00cdMULOS QUE ROMPER\u00c1 LA IMAGINACI\u00d3N.<\/div>\n<div><\/div>\n<div><\/div>\n<div>LOS KITS CONTIENEN TODO LO QUE UN CLIENTE DESEA PARA ESA SORPRESA\u00a0 A PURO FUEGO.<\/div>\n<div><\/div>\n<div><\/div>\n<div>\u00a1NO DEJES DE PASAR ESTA OPORTUNIDAD!<\/div>\n<div><\/div>\n<div><\/div>\n<div>PROMOCI\u00d3N EXCLUSIVA POR EL MES DE LA MUJER.<\/div>\n<div><\/div>\n<\/div>\n<div>\nEL KIT CONTIENE 6 ART\u00cdCULOS COMBINADOS:<br>\n1 ANILLO VIBRADOR CONEJITO (1 AAA)<\/div>\n<div>1 ESPOSAS<br>\n1 COLLAR CON CORREA<\/div>\n<div>1 BOZAL<\/div>\n<div>1 ANTIFAZ NEGRO<\/div>\n<div>1 TOY VIBRADOR BALA REGULABLE (1 AA)<\/div>\n<\/body>","protected":false},"excerpt":{"rendered":"<p>FURY LOVERS UN KIT PARA VIVIR UNA EXPERIENCIA INOLVIDABLE. INFARTA PRESENTA UNA NUEVA FORMA DE SENTIR STOCK LIMITADO EN PROMOCI\u00d3N. UN JUEGO DE BDSM EXTREMO. VESTIRSE PARA \u00c9STE MOMENTO, EXCITA. COMENZAR A SENTIRLO PROVOCAR\u00c1 ADICCI\u00d3N. PASAR UNA ASOMBROSA NOCHE EN PAREJA, LLENA DE SORPRESAS Y EST\u00cdMULOS QUE ROMPER\u00c1 LA IMAGINACI\u00d3N.&hellip; <\/p>\n","protected":false},"featured_media":5274,"comment_status":"open","ping_status":"closed","template":"","meta":{"om_disable_all_campaigns":false},"product_brand":[],"product_cat":[206,15,81],"product_tag":[],"class_list":{"0":"post-5273","1":"product","2":"type-product","3":"status-publish","4":"has-post-thumbnail","6":"product_cat-kits","7":"product_cat-combos","8":"product_cat-sado","10":"first","11":"instock","12":"sale","13":"shipping-taxable","14":"purchasable","15":"product-type-simple"},"jetpack_sharing_enabled":true,"_links":{"self":[{"href":"https:\/\/anysexshop.com.ar\/shop\/wp-json\/wp\/v2\/product\/5273","targetHints":{"allow":["GET"]}}],"collection":[{"href":"https:\/\/anysexshop.com.ar\/shop\/wp-json\/wp\/v2\/product"}],"about":[{"href":"https:\/\/anysexshop.com.ar\/shop\/wp-json\/wp\/v2\/types\/product"}],"replies":[{"embeddable":true,"href":"https:\/\/anysexshop.com.ar\/shop\/wp-json\/wp\/v2\/comments?post=5273"}],"wp:featuredmedia":[{"embeddable":true,"href":"https:\/\/anysexshop.com.ar\/shop\/wp-json\/wp\/v2\/media\/5274"}],"wp:attachment":[{"href":"https:\/\/anysexshop.com.ar\/shop\/wp-json\/wp\/v2\/media?parent=5273"}],"wp:term":[{"taxonomy":"product_brand","embeddable":true,"href":"https:\/\/anysexshop.com.ar\/shop\/wp-json\/wp\/v2\/product_brand?post=5273"},{"taxonomy":"product_cat","embeddable":true,"href":"https:\/\/anysexshop.com.ar\/shop\/wp-json\/wp\/v2\/product_cat?post=5273"},{"taxonomy":"product_tag","embeddable":true,"href":"https:\/\/anysexshop.com.ar\/shop\/wp-json\/wp\/v2\/product_tag?post=5273"}],"curies":[{"name":"wp","href":"https:\/\/api.w.org\/{rel}","templated":true}]}}