{"id":5309,"date":"2024-09-16T15:34:36","date_gmt":"2024-09-16T18:34:36","guid":{"rendered":"https:\/\/anysexshop.com.ar\/shop\/?post_type=product&#038;p=5309"},"modified":"2026-01-07T14:41:33","modified_gmt":"2026-01-07T17:41:33","slug":"gel-lubricante-anal-rosas-30-ml","status":"publish","type":"product","link":"https:\/\/anysexshop.com.ar\/shop\/product\/gel-lubricante-anal-rosas-30-ml\/","title":{"rendered":"GEL LUBRICANTE ANAL ROSAS 30 ML"},"content":{"rendered":"<body><p>EXQUISITO AROMA A ROSAS RELAJANTE<\/p>\n<div><\/div>\n<div>Gel lubricante de base acuosa, hidrosoluble, no mancha, no deja residuos.<\/div>\n<div><\/div>\n<div>Con mayor poder de lubricaci\u00f3n de larga duraci\u00f3n, para que en el juego anal disfrutes m\u00e1s placenteramente.<\/div>\n<div><\/div>\n<div>\u00a1Explora nuevas fantas\u00edas!<\/div>\n<div><\/div>\n<div>Luego del uso deja la zona humectada y sedosa.<\/div>\n<div><\/div>\n<div><span style=\"font-family: arial, helvetica, sans-serif; font-size: large;\"><b>CONTIENE 30ML<\/b><\/span><\/div>\n<div><span style=\"font-family: arial, helvetica, sans-serif; font-size: large;\"><b>AROMA A ROSAS<\/b><\/span><\/div>\n<\/body>","protected":false},"excerpt":{"rendered":"<p>EXQUISITO AROMA A ROSAS RELAJANTE Gel lubricante de base acuosa, hidrosoluble, no mancha, no deja residuos. Con mayor poder de lubricaci\u00f3n de larga duraci\u00f3n, para que en el juego anal disfrutes m\u00e1s placenteramente. \u00a1Explora nuevas fantas\u00edas! Luego del uso deja la zona humectada y sedosa. CONTIENE 30ML AROMA A ROSAS<\/p>\n","protected":false},"featured_media":5300,"comment_status":"open","ping_status":"closed","template":"","meta":{"om_disable_all_campaigns":false},"product_brand":[],"product_cat":[54,15],"product_tag":[],"class_list":{"0":"post-5309","1":"product","2":"type-product","3":"status-publish","4":"has-post-thumbnail","6":"product_cat-geles-lubricantes-y-aceites","7":"product_cat-combos","9":"first","10":"instock","11":"shipping-taxable","12":"purchasable","13":"product-type-simple"},"jetpack_sharing_enabled":true,"_links":{"self":[{"href":"https:\/\/anysexshop.com.ar\/shop\/wp-json\/wp\/v2\/product\/5309","targetHints":{"allow":["GET"]}}],"collection":[{"href":"https:\/\/anysexshop.com.ar\/shop\/wp-json\/wp\/v2\/product"}],"about":[{"href":"https:\/\/anysexshop.com.ar\/shop\/wp-json\/wp\/v2\/types\/product"}],"replies":[{"embeddable":true,"href":"https:\/\/anysexshop.com.ar\/shop\/wp-json\/wp\/v2\/comments?post=5309"}],"wp:featuredmedia":[{"embeddable":true,"href":"https:\/\/anysexshop.com.ar\/shop\/wp-json\/wp\/v2\/media\/5300"}],"wp:attachment":[{"href":"https:\/\/anysexshop.com.ar\/shop\/wp-json\/wp\/v2\/media?parent=5309"}],"wp:term":[{"taxonomy":"product_brand","embeddable":true,"href":"https:\/\/anysexshop.com.ar\/shop\/wp-json\/wp\/v2\/product_brand?post=5309"},{"taxonomy":"product_cat","embeddable":true,"href":"https:\/\/anysexshop.com.ar\/shop\/wp-json\/wp\/v2\/product_cat?post=5309"},{"taxonomy":"product_tag","embeddable":true,"href":"https:\/\/anysexshop.com.ar\/shop\/wp-json\/wp\/v2\/product_tag?post=5309"}],"curies":[{"name":"wp","href":"https:\/\/api.w.org\/{rel}","templated":true}]}}