{"id":5397,"date":"2024-09-16T18:16:13","date_gmt":"2024-09-16T21:16:13","guid":{"rendered":"https:\/\/anysexshop.com.ar\/shop\/?post_type=product&#038;p=5397"},"modified":"2026-03-02T21:55:34","modified_gmt":"2026-03-03T00:55:34","slug":"succionador-satisfyer-lucky-libra","status":"publish","type":"product","link":"https:\/\/anysexshop.com.ar\/shop\/product\/succionador-satisfyer-lucky-libra\/","title":{"rendered":"SUCCIONADOR SATISFYER LUCKY LIBRA"},"content":{"rendered":"<body><div><b>Lucky Libra\u00a0<\/b><\/div>\n<div>Re\u00fane la innovadora tecnolog\u00eda Satisfyer Air-Pulse con intensas vibraciones y, al mismo tiempo, es especialmente f\u00e1cil de utilizar gracias a su anillo de sujeci\u00f3n.<\/div>\n<div><\/div>\n<div>Estimulaci\u00f3n simult\u00e1nea del cl\u00edtoris mediante ondas de presi\u00f3n y vibraciones.<\/div>\n<div><\/div>\n<div>Fabricado con silicona de grado m\u00e9dico super suave, agradable para la piel, suave al tacto y extremadamente higi\u00e9nica.<\/div>\n<div><\/div>\n<div><b>Impermeable (IPX7)<\/b><\/div>\n<div>Este juguete se puede usar de forma segura en el agua, adem\u00e1s de ser f\u00e1cil de limpiar.<\/div>\n<div><\/div>\n<div>Lucky Libra sabe c\u00f3mo estimular y seducir a los principiantes en materia de dispositivos de bienestar sexual.<\/div>\n<div><\/div>\n<div>Su robusta estructura y el capuch\u00f3n de delicada silicona proporcionan una estimulaci\u00f3n del cl\u00edtoris precisa y penetrante, mientras que el anillo de retenci\u00f3n garantiza que no se suelte ni siquiera en los momentos de mucha pasi\u00f3n.<\/div>\n<div><\/div>\n<div><b>Posee11 intensidades y 10 programas de vibraci\u00f3n variados.<\/b><\/div>\n<div>Este succionador te ofrece innumerables y excitantes posibilidades de combinaci\u00f3n. Estos se pueden controlar de forma independiente y bastante intuitiva a trav\u00e9s del panel de control situado en el anillo de retenci\u00f3n.<\/div>\n<\/body>","protected":false},"excerpt":{"rendered":"<p>Lucky Libra\u00a0 Re\u00fane la innovadora tecnolog\u00eda Satisfyer Air-Pulse con intensas vibraciones y, al mismo tiempo, es especialmente f\u00e1cil de utilizar gracias a su anillo de sujeci\u00f3n. Estimulaci\u00f3n simult\u00e1nea del cl\u00edtoris mediante ondas de presi\u00f3n y vibraciones. Fabricado con silicona de grado m\u00e9dico super suave, agradable para la piel, suave al&hellip; <\/p>\n","protected":false},"featured_media":5398,"comment_status":"open","ping_status":"closed","template":"","meta":{"om_disable_all_campaigns":false},"product_brand":[],"product_cat":[15,68,69],"product_tag":[],"class_list":{"0":"post-5397","1":"product","2":"type-product","3":"status-publish","4":"has-post-thumbnail","6":"product_cat-combos","7":"product_cat-succionadores-y-estimuladores-femeninos","8":"product_cat-vibradores","10":"first","11":"instock","12":"shipping-taxable","13":"purchasable","14":"product-type-simple"},"jetpack_sharing_enabled":true,"_links":{"self":[{"href":"https:\/\/anysexshop.com.ar\/shop\/wp-json\/wp\/v2\/product\/5397","targetHints":{"allow":["GET"]}}],"collection":[{"href":"https:\/\/anysexshop.com.ar\/shop\/wp-json\/wp\/v2\/product"}],"about":[{"href":"https:\/\/anysexshop.com.ar\/shop\/wp-json\/wp\/v2\/types\/product"}],"replies":[{"embeddable":true,"href":"https:\/\/anysexshop.com.ar\/shop\/wp-json\/wp\/v2\/comments?post=5397"}],"wp:featuredmedia":[{"embeddable":true,"href":"https:\/\/anysexshop.com.ar\/shop\/wp-json\/wp\/v2\/media\/5398"}],"wp:attachment":[{"href":"https:\/\/anysexshop.com.ar\/shop\/wp-json\/wp\/v2\/media?parent=5397"}],"wp:term":[{"taxonomy":"product_brand","embeddable":true,"href":"https:\/\/anysexshop.com.ar\/shop\/wp-json\/wp\/v2\/product_brand?post=5397"},{"taxonomy":"product_cat","embeddable":true,"href":"https:\/\/anysexshop.com.ar\/shop\/wp-json\/wp\/v2\/product_cat?post=5397"},{"taxonomy":"product_tag","embeddable":true,"href":"https:\/\/anysexshop.com.ar\/shop\/wp-json\/wp\/v2\/product_tag?post=5397"}],"curies":[{"name":"wp","href":"https:\/\/api.w.org\/{rel}","templated":true}]}}