{"id":5412,"date":"2024-09-16T18:35:10","date_gmt":"2024-09-16T21:35:10","guid":{"rendered":"https:\/\/anysexshop.com.ar\/shop\/?post_type=product&#038;p=5412"},"modified":"2026-03-02T21:55:27","modified_gmt":"2026-03-03T00:55:27","slug":"succionador-vibrador-hurricane-recargable-usb","status":"publish","type":"product","link":"https:\/\/anysexshop.com.ar\/shop\/product\/succionador-vibrador-hurricane-recargable-usb\/","title":{"rendered":"SUCCIONADOR VIBRADOR HURRICANE RECARGABLE USB"},"content":{"rendered":"<body><div>HURRICANE VIBRADOR SUCCIONADOR\u00a0 RECARGABLE USB<\/div>\n<div><\/div>\n<div>\u00b7 137 * 49 * 38 mm \/ 72,8 g<\/div>\n<div>\u00b7 10 modos de vibraci\u00f3n<\/div>\n<div>\u00b7 1.5 h de carga completa para hasta 2.5 h de placer<\/div>\n<div>\u00b7 Material: Silicona<\/div>\n<div>\u00b7 IPX6 a prueba de agua<\/div>\n<div><\/div>\n<div>La ventosa de doble estimulaci\u00f3n para el punto G y el cl\u00edtoris de S-HANDE tiene un gran poder de succi\u00f3n. Puede estimular tanto el punto G como el cl\u00edtoris al mismo tiempo, as\u00ed como los pezones y las ra\u00edces de las orejas. Te permitir\u00e1 maximizar el placer del orgasmo.<\/div>\n<div><\/div>\n<div>El dise\u00f1o de la m\u00e1quina de masaje de senos sexuales para chupar pezones es ergon\u00f3mico, solo para brindarte la mejor experiencia sexual<\/div>\n<div><\/div>\n<div>Se pueden cambiar diez modos de succi\u00f3n a voluntad, y el vibrador de succi\u00f3n de juguetes sexuales har\u00e1 que te encante.<\/div>\n<\/body>","protected":false},"excerpt":{"rendered":"<p>HURRICANE VIBRADOR SUCCIONADOR\u00a0 RECARGABLE USB \u00b7 137 * 49 * 38 mm \/ 72,8 g \u00b7 10 modos de vibraci\u00f3n \u00b7 1.5 h de carga completa para hasta 2.5 h de placer \u00b7 Material: Silicona \u00b7 IPX6 a prueba de agua La ventosa de doble estimulaci\u00f3n para el punto G&hellip; <\/p>\n","protected":false},"featured_media":5413,"comment_status":"open","ping_status":"closed","template":"","meta":{"om_disable_all_campaigns":false},"product_brand":[],"product_cat":[15,68,69],"product_tag":[],"class_list":{"0":"post-5412","1":"product","2":"type-product","3":"status-publish","4":"has-post-thumbnail","6":"product_cat-combos","7":"product_cat-succionadores-y-estimuladores-femeninos","8":"product_cat-vibradores","10":"first","11":"instock","12":"shipping-taxable","13":"purchasable","14":"product-type-simple"},"jetpack_sharing_enabled":true,"_links":{"self":[{"href":"https:\/\/anysexshop.com.ar\/shop\/wp-json\/wp\/v2\/product\/5412","targetHints":{"allow":["GET"]}}],"collection":[{"href":"https:\/\/anysexshop.com.ar\/shop\/wp-json\/wp\/v2\/product"}],"about":[{"href":"https:\/\/anysexshop.com.ar\/shop\/wp-json\/wp\/v2\/types\/product"}],"replies":[{"embeddable":true,"href":"https:\/\/anysexshop.com.ar\/shop\/wp-json\/wp\/v2\/comments?post=5412"}],"wp:featuredmedia":[{"embeddable":true,"href":"https:\/\/anysexshop.com.ar\/shop\/wp-json\/wp\/v2\/media\/5413"}],"wp:attachment":[{"href":"https:\/\/anysexshop.com.ar\/shop\/wp-json\/wp\/v2\/media?parent=5412"}],"wp:term":[{"taxonomy":"product_brand","embeddable":true,"href":"https:\/\/anysexshop.com.ar\/shop\/wp-json\/wp\/v2\/product_brand?post=5412"},{"taxonomy":"product_cat","embeddable":true,"href":"https:\/\/anysexshop.com.ar\/shop\/wp-json\/wp\/v2\/product_cat?post=5412"},{"taxonomy":"product_tag","embeddable":true,"href":"https:\/\/anysexshop.com.ar\/shop\/wp-json\/wp\/v2\/product_tag?post=5412"}],"curies":[{"name":"wp","href":"https:\/\/api.w.org\/{rel}","templated":true}]}}