{"id":5481,"date":"2024-09-16T20:34:50","date_gmt":"2024-09-16T23:34:50","guid":{"rendered":"https:\/\/anysexshop.com.ar\/shop\/?post_type=product&#038;p=5481"},"modified":"2026-03-02T21:55:07","modified_gmt":"2026-03-03T00:55:07","slug":"succionador-gold-royal-pleasure-7-funciones-usb-recargable-silicona","status":"publish","type":"product","link":"https:\/\/anysexshop.com.ar\/shop\/product\/succionador-gold-royal-pleasure-7-funciones-usb-recargable-silicona\/","title":{"rendered":"Succionador Gold Royal Pleasure 7 Funciones Usb Recargable Silicona"},"content":{"rendered":"<body><h2><span>Este masajeador por succi\u00f3n tiene 7 modos de succi\u00f3n diferentes. Con un cargador port\u00e1til, se puede usar c\u00f3modamente en cualquier lugar. Tiene funci\u00f3n de autolimpieza y, por lo tanto, es f\u00e1cil de limpiar. Su dise\u00f1o destaca por su forma ergon\u00f3mica; adem\u00e1s, funciona con un nivel de ruido muy silencioso.<\/span><\/h2>\n<p>\u00a0<\/p>\n<\/body>","protected":false},"excerpt":{"rendered":"<p>Este masajeador por succi\u00f3n tiene 7 modos de succi\u00f3n diferentes. Con un cargador port\u00e1til, se puede usar c\u00f3modamente en cualquier lugar. Tiene funci\u00f3n de autolimpieza y, por lo tanto, es f\u00e1cil de limpiar. Su dise\u00f1o destaca por su forma ergon\u00f3mica; adem\u00e1s, funciona con un nivel de ruido muy silencioso. \u00a0<\/p>\n","protected":false},"featured_media":5482,"comment_status":"open","ping_status":"closed","template":"","meta":{"om_disable_all_campaigns":false},"product_brand":[],"product_cat":[15,68,69],"product_tag":[],"class_list":{"0":"post-5481","1":"product","2":"type-product","3":"status-publish","4":"has-post-thumbnail","6":"product_cat-combos","7":"product_cat-succionadores-y-estimuladores-femeninos","8":"product_cat-vibradores","10":"first","11":"instock","12":"shipping-taxable","13":"purchasable","14":"product-type-simple"},"jetpack_sharing_enabled":true,"_links":{"self":[{"href":"https:\/\/anysexshop.com.ar\/shop\/wp-json\/wp\/v2\/product\/5481","targetHints":{"allow":["GET"]}}],"collection":[{"href":"https:\/\/anysexshop.com.ar\/shop\/wp-json\/wp\/v2\/product"}],"about":[{"href":"https:\/\/anysexshop.com.ar\/shop\/wp-json\/wp\/v2\/types\/product"}],"replies":[{"embeddable":true,"href":"https:\/\/anysexshop.com.ar\/shop\/wp-json\/wp\/v2\/comments?post=5481"}],"wp:featuredmedia":[{"embeddable":true,"href":"https:\/\/anysexshop.com.ar\/shop\/wp-json\/wp\/v2\/media\/5482"}],"wp:attachment":[{"href":"https:\/\/anysexshop.com.ar\/shop\/wp-json\/wp\/v2\/media?parent=5481"}],"wp:term":[{"taxonomy":"product_brand","embeddable":true,"href":"https:\/\/anysexshop.com.ar\/shop\/wp-json\/wp\/v2\/product_brand?post=5481"},{"taxonomy":"product_cat","embeddable":true,"href":"https:\/\/anysexshop.com.ar\/shop\/wp-json\/wp\/v2\/product_cat?post=5481"},{"taxonomy":"product_tag","embeddable":true,"href":"https:\/\/anysexshop.com.ar\/shop\/wp-json\/wp\/v2\/product_tag?post=5481"}],"curies":[{"name":"wp","href":"https:\/\/api.w.org\/{rel}","templated":true}]}}