{"id":5485,"date":"2024-09-16T20:39:31","date_gmt":"2024-09-16T23:39:31","guid":{"rendered":"https:\/\/anysexshop.com.ar\/shop\/?post_type=product&#038;p=5485"},"modified":"2026-03-02T21:55:15","modified_gmt":"2026-03-03T00:55:15","slug":"succionador-gold-royal-pleasure-7-funciones-silicona-usb-recargable","status":"publish","type":"product","link":"https:\/\/anysexshop.com.ar\/shop\/product\/succionador-gold-royal-pleasure-7-funciones-silicona-usb-recargable\/","title":{"rendered":"Succionador Gold Royal Pleasure  7 Funciones Silicona Usb Recargable"},"content":{"rendered":"<body><p>Pretty Love\u2019s Hammer cuenta con funciones de vibraci\u00f3n y succi\u00f3n, que representan productos novedosos de \u00faltima generaci\u00f3n.<\/p>\n<div><\/div>\n<div>La inspiraci\u00f3n proviene de la apasionada experiencia de los besos entre parejas. Proporciona a los clientes tres opciones de archivos adjuntos.<\/div>\n<div><\/div>\n<div>Desarrollamos independientemente la mini bomba de succi\u00f3n de aire y la bater\u00eda segura, lo que hace que el Hammer sea m\u00e1s port\u00e1til, seguro y su dise\u00f1o ergon\u00f3mico lo hace f\u00e1cil de usar.<\/div>\n<div><\/div>\n<div>7 modos de succi\u00f3n y 7 modos de vibraci\u00f3n intensa brindan a los clientes diversas experiencias sensuales.<\/div>\n<div><\/div>\n<div>El cargador port\u00e1til y el dise\u00f1o silencioso le permiten usarlo en cualquier lugar.<\/div>\n<div><\/div>\n<div>El dise\u00f1o impermeable IPX7 de Pretty Love Hammer hace que sea f\u00e1cil de limpiar.<\/div>\n<\/body>","protected":false},"excerpt":{"rendered":"<p>Pretty Love\u2019s Hammer cuenta con funciones de vibraci\u00f3n y succi\u00f3n, que representan productos novedosos de \u00faltima generaci\u00f3n. La inspiraci\u00f3n proviene de la apasionada experiencia de los besos entre parejas. Proporciona a los clientes tres opciones de archivos adjuntos. Desarrollamos independientemente la mini bomba de succi\u00f3n de aire y la bater\u00eda&hellip; <\/p>\n","protected":false},"featured_media":5486,"comment_status":"open","ping_status":"closed","template":"","meta":{"om_disable_all_campaigns":false},"product_brand":[],"product_cat":[15,68,69],"product_tag":[],"class_list":{"0":"post-5485","1":"product","2":"type-product","3":"status-publish","4":"has-post-thumbnail","6":"product_cat-combos","7":"product_cat-succionadores-y-estimuladores-femeninos","8":"product_cat-vibradores","10":"first","11":"instock","12":"shipping-taxable","13":"purchasable","14":"product-type-simple"},"jetpack_sharing_enabled":true,"_links":{"self":[{"href":"https:\/\/anysexshop.com.ar\/shop\/wp-json\/wp\/v2\/product\/5485","targetHints":{"allow":["GET"]}}],"collection":[{"href":"https:\/\/anysexshop.com.ar\/shop\/wp-json\/wp\/v2\/product"}],"about":[{"href":"https:\/\/anysexshop.com.ar\/shop\/wp-json\/wp\/v2\/types\/product"}],"replies":[{"embeddable":true,"href":"https:\/\/anysexshop.com.ar\/shop\/wp-json\/wp\/v2\/comments?post=5485"}],"wp:featuredmedia":[{"embeddable":true,"href":"https:\/\/anysexshop.com.ar\/shop\/wp-json\/wp\/v2\/media\/5486"}],"wp:attachment":[{"href":"https:\/\/anysexshop.com.ar\/shop\/wp-json\/wp\/v2\/media?parent=5485"}],"wp:term":[{"taxonomy":"product_brand","embeddable":true,"href":"https:\/\/anysexshop.com.ar\/shop\/wp-json\/wp\/v2\/product_brand?post=5485"},{"taxonomy":"product_cat","embeddable":true,"href":"https:\/\/anysexshop.com.ar\/shop\/wp-json\/wp\/v2\/product_cat?post=5485"},{"taxonomy":"product_tag","embeddable":true,"href":"https:\/\/anysexshop.com.ar\/shop\/wp-json\/wp\/v2\/product_tag?post=5485"}],"curies":[{"name":"wp","href":"https:\/\/api.w.org\/{rel}","templated":true}]}}