{"id":5512,"date":"2024-10-01T15:15:26","date_gmt":"2024-10-01T18:15:26","guid":{"rendered":"https:\/\/anysexshop.com.ar\/shop\/?post_type=product&#038;p=5512"},"modified":"2025-11-22T15:45:46","modified_gmt":"2025-11-22T18:45:46","slug":"5512","status":"publish","type":"product","link":"https:\/\/anysexshop.com.ar\/shop\/product\/5512\/","title":{"rendered":"PRESERVATIVO TULIPAN ULTRAFINO"},"content":{"rendered":"<body><p>Preservativo tulipan ultrafino x 3 unidades<\/p>\n<p>Tulip\u00e1n Ultra Fino, creado con un proceso de ultra purificaci\u00f3n que lo hace m\u00e1s delgado para que puedas sentirte m\u00e1s cerca de tu pareja que nunca.<\/p>\n<p>Mayor sensibilidad<\/p>\n<p>Preservativo\u00a0liso\u00a0de l\u00e1tex<\/p>\n<p>Ancho nominal: 53mm<\/p>\n<\/body>","protected":false},"excerpt":{"rendered":"<p>Preservativo tulipan ultrafino x 3 unidades Tulip\u00e1n Ultra Fino, creado con un proceso de ultra purificaci\u00f3n que lo hace m\u00e1s delgado para que puedas sentirte m\u00e1s cerca de tu pareja que nunca. Mayor sensibilidad Preservativo\u00a0liso\u00a0de l\u00e1tex Ancho nominal: 53mm<\/p>\n","protected":false},"featured_media":5513,"comment_status":"open","ping_status":"closed","template":"","meta":{"om_disable_all_campaigns":false},"product_brand":[],"product_cat":[80],"product_tag":[],"class_list":{"0":"post-5512","1":"product","2":"type-product","3":"status-publish","4":"has-post-thumbnail","6":"product_cat-preservativos","8":"first","9":"instock","10":"shipping-taxable","11":"purchasable","12":"product-type-simple"},"jetpack_sharing_enabled":true,"_links":{"self":[{"href":"https:\/\/anysexshop.com.ar\/shop\/wp-json\/wp\/v2\/product\/5512","targetHints":{"allow":["GET"]}}],"collection":[{"href":"https:\/\/anysexshop.com.ar\/shop\/wp-json\/wp\/v2\/product"}],"about":[{"href":"https:\/\/anysexshop.com.ar\/shop\/wp-json\/wp\/v2\/types\/product"}],"replies":[{"embeddable":true,"href":"https:\/\/anysexshop.com.ar\/shop\/wp-json\/wp\/v2\/comments?post=5512"}],"wp:featuredmedia":[{"embeddable":true,"href":"https:\/\/anysexshop.com.ar\/shop\/wp-json\/wp\/v2\/media\/5513"}],"wp:attachment":[{"href":"https:\/\/anysexshop.com.ar\/shop\/wp-json\/wp\/v2\/media?parent=5512"}],"wp:term":[{"taxonomy":"product_brand","embeddable":true,"href":"https:\/\/anysexshop.com.ar\/shop\/wp-json\/wp\/v2\/product_brand?post=5512"},{"taxonomy":"product_cat","embeddable":true,"href":"https:\/\/anysexshop.com.ar\/shop\/wp-json\/wp\/v2\/product_cat?post=5512"},{"taxonomy":"product_tag","embeddable":true,"href":"https:\/\/anysexshop.com.ar\/shop\/wp-json\/wp\/v2\/product_tag?post=5512"}],"curies":[{"name":"wp","href":"https:\/\/api.w.org\/{rel}","templated":true}]}}