{"id":5516,"date":"2024-10-01T15:19:17","date_gmt":"2024-10-01T18:19:17","guid":{"rendered":"https:\/\/anysexshop.com.ar\/shop\/?post_type=product&#038;p=5516"},"modified":"2025-11-22T15:45:30","modified_gmt":"2025-11-22T18:45:30","slug":"preservativo-tulipan-texturado","status":"publish","type":"product","link":"https:\/\/anysexshop.com.ar\/shop\/product\/preservativo-tulipan-texturado\/","title":{"rendered":"PRESERVATIVO TULIPAN TEXTURADO"},"content":{"rendered":"<body><p>Preservativo tulipan texturado x 3 unidades<\/p>\n<p>Tulip\u00e1n Texturado, cubierto por l\u00edneas en relieve para una estimulaci\u00f3n m\u00e1s intensa y placentera.<\/p>\n<p>Incluye 1\u00a0Gel\u00a0\u00edntimo Cl\u00e1sico<\/p>\n<p>Preservativo\u00a0texturado\u00a0de l\u00e1tex<\/p>\n<p>Ancho nominal: 52 +\/- 2mm<\/p>\n<\/body>","protected":false},"excerpt":{"rendered":"<p>Preservativo tulipan texturado x 3 unidades Tulip\u00e1n Texturado, cubierto por l\u00edneas en relieve para una estimulaci\u00f3n m\u00e1s intensa y placentera. Incluye 1\u00a0Gel\u00a0\u00edntimo Cl\u00e1sico Preservativo\u00a0texturado\u00a0de l\u00e1tex Ancho nominal: 52 +\/- 2mm<\/p>\n","protected":false},"featured_media":5517,"comment_status":"open","ping_status":"closed","template":"","meta":{"om_disable_all_campaigns":false},"product_brand":[],"product_cat":[80],"product_tag":[],"class_list":{"0":"post-5516","1":"product","2":"type-product","3":"status-publish","4":"has-post-thumbnail","6":"product_cat-preservativos","8":"first","9":"instock","10":"shipping-taxable","11":"purchasable","12":"product-type-simple"},"jetpack_sharing_enabled":true,"_links":{"self":[{"href":"https:\/\/anysexshop.com.ar\/shop\/wp-json\/wp\/v2\/product\/5516","targetHints":{"allow":["GET"]}}],"collection":[{"href":"https:\/\/anysexshop.com.ar\/shop\/wp-json\/wp\/v2\/product"}],"about":[{"href":"https:\/\/anysexshop.com.ar\/shop\/wp-json\/wp\/v2\/types\/product"}],"replies":[{"embeddable":true,"href":"https:\/\/anysexshop.com.ar\/shop\/wp-json\/wp\/v2\/comments?post=5516"}],"wp:featuredmedia":[{"embeddable":true,"href":"https:\/\/anysexshop.com.ar\/shop\/wp-json\/wp\/v2\/media\/5517"}],"wp:attachment":[{"href":"https:\/\/anysexshop.com.ar\/shop\/wp-json\/wp\/v2\/media?parent=5516"}],"wp:term":[{"taxonomy":"product_brand","embeddable":true,"href":"https:\/\/anysexshop.com.ar\/shop\/wp-json\/wp\/v2\/product_brand?post=5516"},{"taxonomy":"product_cat","embeddable":true,"href":"https:\/\/anysexshop.com.ar\/shop\/wp-json\/wp\/v2\/product_cat?post=5516"},{"taxonomy":"product_tag","embeddable":true,"href":"https:\/\/anysexshop.com.ar\/shop\/wp-json\/wp\/v2\/product_tag?post=5516"}],"curies":[{"name":"wp","href":"https:\/\/api.w.org\/{rel}","templated":true}]}}