{"id":5522,"date":"2024-10-01T15:26:30","date_gmt":"2024-10-01T18:26:30","guid":{"rendered":"https:\/\/anysexshop.com.ar\/shop\/?post_type=product&#038;p=5522"},"modified":"2025-11-22T15:37:00","modified_gmt":"2025-11-22T18:37:00","slug":"preservativo-tulipan-espermicida","status":"publish","type":"product","link":"https:\/\/anysexshop.com.ar\/shop\/product\/preservativo-tulipan-espermicida\/","title":{"rendered":"PRESERVATIVO TULIPAN ESPERMICIDA"},"content":{"rendered":"<body><p>Preservativo tulipan espermicida x 3 unidades<\/p>\n<p>Tulip\u00e1n Espermicida; extra protecci\u00f3n, reduciendo la movilidad de los espermatozoides, disminuyendo a\u00fan m\u00e1s el riesgo de embarazo.<\/p>\n<p>Con nonoxinol-9<\/p>\n<p>Preservativo liso de l\u00e1tex<\/p>\n<p>Ancho nominal 52 +\/- 2mm<\/p>\n<\/body>","protected":false},"excerpt":{"rendered":"<p>Preservativo tulipan espermicida x 3 unidades Tulip\u00e1n Espermicida; extra protecci\u00f3n, reduciendo la movilidad de los espermatozoides, disminuyendo a\u00fan m\u00e1s el riesgo de embarazo. Con nonoxinol-9 Preservativo liso de l\u00e1tex Ancho nominal 52 +\/- 2mm<\/p>\n","protected":false},"featured_media":5523,"comment_status":"open","ping_status":"closed","template":"","meta":{"om_disable_all_campaigns":false},"product_brand":[],"product_cat":[80],"product_tag":[],"class_list":{"0":"post-5522","1":"product","2":"type-product","3":"status-publish","4":"has-post-thumbnail","6":"product_cat-preservativos","8":"first","9":"instock","10":"shipping-taxable","11":"purchasable","12":"product-type-simple"},"jetpack_sharing_enabled":true,"_links":{"self":[{"href":"https:\/\/anysexshop.com.ar\/shop\/wp-json\/wp\/v2\/product\/5522","targetHints":{"allow":["GET"]}}],"collection":[{"href":"https:\/\/anysexshop.com.ar\/shop\/wp-json\/wp\/v2\/product"}],"about":[{"href":"https:\/\/anysexshop.com.ar\/shop\/wp-json\/wp\/v2\/types\/product"}],"replies":[{"embeddable":true,"href":"https:\/\/anysexshop.com.ar\/shop\/wp-json\/wp\/v2\/comments?post=5522"}],"wp:featuredmedia":[{"embeddable":true,"href":"https:\/\/anysexshop.com.ar\/shop\/wp-json\/wp\/v2\/media\/5523"}],"wp:attachment":[{"href":"https:\/\/anysexshop.com.ar\/shop\/wp-json\/wp\/v2\/media?parent=5522"}],"wp:term":[{"taxonomy":"product_brand","embeddable":true,"href":"https:\/\/anysexshop.com.ar\/shop\/wp-json\/wp\/v2\/product_brand?post=5522"},{"taxonomy":"product_cat","embeddable":true,"href":"https:\/\/anysexshop.com.ar\/shop\/wp-json\/wp\/v2\/product_cat?post=5522"},{"taxonomy":"product_tag","embeddable":true,"href":"https:\/\/anysexshop.com.ar\/shop\/wp-json\/wp\/v2\/product_tag?post=5522"}],"curies":[{"name":"wp","href":"https:\/\/api.w.org\/{rel}","templated":true}]}}