{"id":5538,"date":"2024-10-18T18:32:53","date_gmt":"2024-10-18T21:32:53","guid":{"rendered":"https:\/\/anysexshop.com.ar\/shop\/?post_type=product&#038;p=5538"},"modified":"2026-03-04T20:52:45","modified_gmt":"2026-03-04T23:52:45","slug":"bomba-manija","status":"publish","type":"product","link":"https:\/\/anysexshop.com.ar\/shop\/product\/bomba-manija\/","title":{"rendered":"BOMBA MANIJA"},"content":{"rendered":"<body><p><b>Bomba Manija.<\/b>\u00a0Bomba de erecci\u00f3n manual\u00a0que te permite agrandar tu pene previo a la penetraci\u00f3n, logrando prolongar la erecci\u00f3n sin efectos secundarios. Disfruta de los beneficios de un pene grande, r\u00edgido y grueso, de forma inmediata, sin que tu pareja tenga que esperar para entregarse a la pasi\u00f3n.<\/p>\n<p>Modo de uso: Introduce tu pene en el cilindro, presiona el robinete para crear el vac\u00edo y sentir como tu pene se agranda en longitud y en grosor a medida que vas bombeando. La transparencia del cilindro te permite ver el agrandamiento del pene. Cu\u00e1ndo hayas alcanzado tu tama\u00f1o deseado puedes presionar el bot\u00f3n de liberaci\u00f3n, lo que aliviar\u00e1 al instante la presi\u00f3n, facilitando as\u00ed la extracci\u00f3n.<\/p>\n<p>Encontra este producto tambi\u00e9n con robinete. Para su seguridad nuestros productos son libres de Ftalato.<\/p>\n<p>Viene con un anillo de silicona y tres bocas de silicona<\/p>\n<blockquote><p>Medida: 22 cm x 6,5 \u00d8.<\/p><\/blockquote>\n<blockquote><p>Phthalate Free \/ Libre Ftalato.<\/p><\/blockquote>\n<blockquote><p>Industria Argentina.<\/p><\/blockquote>\n<\/body>","protected":false},"excerpt":{"rendered":"<p>Bomba Manija.\u00a0Bomba de erecci\u00f3n manual\u00a0que te permite agrandar tu pene previo a la penetraci\u00f3n, logrando prolongar la erecci\u00f3n sin efectos secundarios. Disfruta de los beneficios de un pene grande, r\u00edgido y grueso, de forma inmediata, sin que tu pareja tenga que esperar para entregarse a la pasi\u00f3n. Modo de uso:&hellip; <\/p>\n","protected":false},"featured_media":6282,"comment_status":"open","ping_status":"closed","template":"","meta":{"om_disable_all_campaigns":false},"product_brand":[],"product_cat":[61],"product_tag":[],"class_list":{"0":"post-5538","1":"product","2":"type-product","3":"status-publish","4":"has-post-thumbnail","6":"product_cat-bombas-de-vacio","8":"first","9":"instock","10":"shipping-taxable","11":"purchasable","12":"product-type-simple"},"jetpack_sharing_enabled":true,"_links":{"self":[{"href":"https:\/\/anysexshop.com.ar\/shop\/wp-json\/wp\/v2\/product\/5538","targetHints":{"allow":["GET"]}}],"collection":[{"href":"https:\/\/anysexshop.com.ar\/shop\/wp-json\/wp\/v2\/product"}],"about":[{"href":"https:\/\/anysexshop.com.ar\/shop\/wp-json\/wp\/v2\/types\/product"}],"replies":[{"embeddable":true,"href":"https:\/\/anysexshop.com.ar\/shop\/wp-json\/wp\/v2\/comments?post=5538"}],"wp:featuredmedia":[{"embeddable":true,"href":"https:\/\/anysexshop.com.ar\/shop\/wp-json\/wp\/v2\/media\/6282"}],"wp:attachment":[{"href":"https:\/\/anysexshop.com.ar\/shop\/wp-json\/wp\/v2\/media?parent=5538"}],"wp:term":[{"taxonomy":"product_brand","embeddable":true,"href":"https:\/\/anysexshop.com.ar\/shop\/wp-json\/wp\/v2\/product_brand?post=5538"},{"taxonomy":"product_cat","embeddable":true,"href":"https:\/\/anysexshop.com.ar\/shop\/wp-json\/wp\/v2\/product_cat?post=5538"},{"taxonomy":"product_tag","embeddable":true,"href":"https:\/\/anysexshop.com.ar\/shop\/wp-json\/wp\/v2\/product_tag?post=5538"}],"curies":[{"name":"wp","href":"https:\/\/api.w.org\/{rel}","templated":true}]}}