{"id":5543,"date":"2024-10-18T18:44:08","date_gmt":"2024-10-18T21:44:08","guid":{"rendered":"https:\/\/anysexshop.com.ar\/shop\/?post_type=product&#038;p=5543"},"modified":"2026-03-04T20:39:00","modified_gmt":"2026-03-04T23:39:00","slug":"plug-escalonado-xl-negro-monster","status":"publish","type":"product","link":"https:\/\/anysexshop.com.ar\/shop\/product\/plug-escalonado-xl-negro-monster\/","title":{"rendered":"PLUG ESCALONADO XL NEGRO MONSTER"},"content":{"rendered":"<body><p><b>Escalonado XL Negro Monster Plug.\u00a0<\/b>Plug dise\u00f1ado para la penetraci\u00f3n anal, para ambos sexos. Su forma escalonada facilita la inserci\u00f3n y la dilataci\u00f3n progresiva, y su base ancha sirve como tope de seguridad para usarse sin temor de inserci\u00f3n total.<br>\nSu medida es de 15 cm. Se recomienda el uso de lubricantes , ya que el ano no se lubrica por s\u00ed solo. Para los juguetes anales se recomienda lubricantes al agua.<\/p>\n<blockquote><p>Tipo: Anal Sin Vibro.<\/p><\/blockquote>\n<blockquote><p>Medida: 15 cm.<\/p><\/blockquote>\n<blockquote><p>Di\u00e1metro escalonado: 3,5 cm a 6 cm.<\/p><\/blockquote>\n<blockquote><p>Material PVC.<\/p><\/blockquote>\n<blockquote><p>Phthalate Free \/ Libre Ftalato.<\/p><\/blockquote>\n<blockquote><p>Industria Argentina.<\/p><\/blockquote>\n<\/body>","protected":false},"excerpt":{"rendered":"<p>Escalonado XL Negro Monster Plug.\u00a0Plug dise\u00f1ado para la penetraci\u00f3n anal, para ambos sexos. Su forma escalonada facilita la inserci\u00f3n y la dilataci\u00f3n progresiva, y su base ancha sirve como tope de seguridad para usarse sin temor de inserci\u00f3n total. Su medida es de 15 cm. Se recomienda el uso de&hellip; <\/p>\n","protected":false},"featured_media":5544,"comment_status":"open","ping_status":"closed","template":"","meta":{"om_disable_all_campaigns":false},"product_brand":[],"product_cat":[57],"product_tag":[],"class_list":{"0":"post-5543","1":"product","2":"type-product","3":"status-publish","4":"has-post-thumbnail","6":"product_cat-anales","8":"first","9":"instock","10":"shipping-taxable","11":"purchasable","12":"product-type-simple"},"jetpack_sharing_enabled":true,"_links":{"self":[{"href":"https:\/\/anysexshop.com.ar\/shop\/wp-json\/wp\/v2\/product\/5543","targetHints":{"allow":["GET"]}}],"collection":[{"href":"https:\/\/anysexshop.com.ar\/shop\/wp-json\/wp\/v2\/product"}],"about":[{"href":"https:\/\/anysexshop.com.ar\/shop\/wp-json\/wp\/v2\/types\/product"}],"replies":[{"embeddable":true,"href":"https:\/\/anysexshop.com.ar\/shop\/wp-json\/wp\/v2\/comments?post=5543"}],"wp:featuredmedia":[{"embeddable":true,"href":"https:\/\/anysexshop.com.ar\/shop\/wp-json\/wp\/v2\/media\/5544"}],"wp:attachment":[{"href":"https:\/\/anysexshop.com.ar\/shop\/wp-json\/wp\/v2\/media?parent=5543"}],"wp:term":[{"taxonomy":"product_brand","embeddable":true,"href":"https:\/\/anysexshop.com.ar\/shop\/wp-json\/wp\/v2\/product_brand?post=5543"},{"taxonomy":"product_cat","embeddable":true,"href":"https:\/\/anysexshop.com.ar\/shop\/wp-json\/wp\/v2\/product_cat?post=5543"},{"taxonomy":"product_tag","embeddable":true,"href":"https:\/\/anysexshop.com.ar\/shop\/wp-json\/wp\/v2\/product_tag?post=5543"}],"curies":[{"name":"wp","href":"https:\/\/api.w.org\/{rel}","templated":true}]}}