{"id":5547,"date":"2024-10-18T19:04:52","date_gmt":"2024-10-18T22:04:52","guid":{"rendered":"https:\/\/anysexshop.com.ar\/shop\/?post_type=product&#038;p=5547"},"modified":"2026-02-27T11:49:55","modified_gmt":"2026-02-27T14:49:55","slug":"macizo-nino-ciberskin","status":"publish","type":"product","link":"https:\/\/anysexshop.com.ar\/shop\/product\/macizo-nino-ciberskin\/","title":{"rendered":"MACIZO NI\u00d1O CIBERSKIN"},"content":{"rendered":"<body><div>Ideal para los que buscan realismo y satisfacci\u00f3n.<\/div>\n<div><\/div>\n<div>LA L\u00cdNEA CYBER ES S\u00daPER REAL\u00cdSTICA, S\u00cdMIL A LA PIEL, SUAVE AL TACTO Y AFELPADA.<\/div>\n<div><\/div>\n<div>Este macizo es hipoalerg\u00e9nico y se adapta a la temperatura corporal\u00a0 vibraciones y su textura.<\/div>\n<div>Se recomienda el uso de lubricantes para una mejor experiencia.<\/div>\n<div><\/div>\n<div><\/div>\n<div>\n<div>MEDIDA<i>:<\/i><i>\u00a0<\/i>14 cm x 3.5 \u00d8<i>\u00a0CM<\/i><\/div>\n<div><\/div>\n<div><\/div>\n<div><i>Phthalate free \/ Libre de Ftalato.<\/i><\/div>\n<\/div>\n<\/body>","protected":false},"excerpt":{"rendered":"<p>Ideal para los que buscan realismo y satisfacci\u00f3n. LA L\u00cdNEA CYBER ES S\u00daPER REAL\u00cdSTICA, S\u00cdMIL A LA PIEL, SUAVE AL TACTO Y AFELPADA. Este macizo es hipoalerg\u00e9nico y se adapta a la temperatura corporal\u00a0 vibraciones y su textura. Se recomienda el uso de lubricantes para una mejor experiencia. MEDIDA:\u00a014 cm&hellip; <\/p>\n","protected":false},"featured_media":5548,"comment_status":"open","ping_status":"closed","template":"","meta":{"om_disable_all_campaigns":false},"product_brand":[],"product_cat":[62],"product_tag":[],"class_list":{"0":"post-5547","1":"product","2":"type-product","3":"status-publish","4":"has-post-thumbnail","6":"product_cat-consoladores","8":"first","9":"instock","10":"shipping-taxable","11":"purchasable","12":"product-type-simple"},"jetpack_sharing_enabled":true,"_links":{"self":[{"href":"https:\/\/anysexshop.com.ar\/shop\/wp-json\/wp\/v2\/product\/5547","targetHints":{"allow":["GET"]}}],"collection":[{"href":"https:\/\/anysexshop.com.ar\/shop\/wp-json\/wp\/v2\/product"}],"about":[{"href":"https:\/\/anysexshop.com.ar\/shop\/wp-json\/wp\/v2\/types\/product"}],"replies":[{"embeddable":true,"href":"https:\/\/anysexshop.com.ar\/shop\/wp-json\/wp\/v2\/comments?post=5547"}],"wp:featuredmedia":[{"embeddable":true,"href":"https:\/\/anysexshop.com.ar\/shop\/wp-json\/wp\/v2\/media\/5548"}],"wp:attachment":[{"href":"https:\/\/anysexshop.com.ar\/shop\/wp-json\/wp\/v2\/media?parent=5547"}],"wp:term":[{"taxonomy":"product_brand","embeddable":true,"href":"https:\/\/anysexshop.com.ar\/shop\/wp-json\/wp\/v2\/product_brand?post=5547"},{"taxonomy":"product_cat","embeddable":true,"href":"https:\/\/anysexshop.com.ar\/shop\/wp-json\/wp\/v2\/product_cat?post=5547"},{"taxonomy":"product_tag","embeddable":true,"href":"https:\/\/anysexshop.com.ar\/shop\/wp-json\/wp\/v2\/product_tag?post=5547"}],"curies":[{"name":"wp","href":"https:\/\/api.w.org\/{rel}","templated":true}]}}