{"id":5551,"date":"2024-10-18T19:17:59","date_gmt":"2024-10-18T22:17:59","guid":{"rendered":"https:\/\/anysexshop.com.ar\/shop\/?post_type=product&#038;p=5551"},"modified":"2026-03-06T20:18:57","modified_gmt":"2026-03-06T23:18:57","slug":"gel-chupaleta-miss-v","status":"publish","type":"product","link":"https:\/\/anysexshop.com.ar\/shop\/product\/gel-chupaleta-miss-v\/","title":{"rendered":"gel chupaleta miss v"},"content":{"rendered":"<body><h4>Beneficios:<\/h4>\n<ul>\n<li>Dise\u00f1ado con el delicioso sabor y aroma al cl\u00e1sico chupet\u00edn.<\/li>\n<li>Sin ning\u00fan aditivo que altere ese sabor. No deja sabor ni patina amarga en el paladar.<\/li>\n<li>No duerme la lengua debido a su composici\u00f3n hidrosoluble.<\/li>\n<li>Puede usarse para sexo oral y como lubricante \u00edntimo<\/li>\n<\/ul>\n<p>\u00a0<\/p>\n<p>Sin ning\u00fan aditivo que altere ese sabor. No deja sabor ni patina amarga en el paladar<\/p>\n<h4>Modo de uso:<\/h4>\n<p>Para sexo oral en el hombre aplicar a lo largo del pene o del preservativo antes del acto sexual y luego reforzar durante la relaci\u00f3n. En el caso de ser utilizado para sexo oral en la mujer su uso es muy sencillo, solamente debemos extender el gel saborizado por la vulva y la vagina con los dedos limpios antes y durante la relaci\u00f3n sexual.<\/p>\n<h4>Presentaci\u00f3n:<\/h4>\n<p>Envase de 50 ml con nueva tapa Easy Open: f\u00e1cil apertura y r\u00e1pida salida del contenido. No se derrama.<\/p>\n<p><strong>TODOS LOS PRODUCTOS MISS V SE ENCUENTRAN APROBADOS POR I.N.A.M.E DEPENDIENTE DE A.N.M.A.T.<\/strong><\/p>\n<p>Ante cualquier duda consulte a su m\u00e9dico. En caso de irritaci\u00f3n discontinuar su uso.<\/p>\n<\/body>","protected":false},"excerpt":{"rendered":"<p>Beneficios: Dise\u00f1ado con el delicioso sabor y aroma al cl\u00e1sico chupet\u00edn. Sin ning\u00fan aditivo que altere ese sabor. No deja sabor ni patina amarga en el paladar. No duerme la lengua debido a su composici\u00f3n hidrosoluble. Puede usarse para sexo oral y como lubricante \u00edntimo \u00a0 Sin ning\u00fan aditivo que&hellip; <\/p>\n","protected":false},"featured_media":1758,"comment_status":"open","ping_status":"closed","template":"","meta":{"om_disable_all_campaigns":false},"product_brand":[],"product_cat":[54],"product_tag":[],"class_list":{"0":"post-5551","1":"product","2":"type-product","3":"status-publish","4":"has-post-thumbnail","6":"product_cat-geles-lubricantes-y-aceites","8":"first","9":"instock","10":"shipping-taxable","11":"purchasable","12":"product-type-simple"},"jetpack_sharing_enabled":true,"_links":{"self":[{"href":"https:\/\/anysexshop.com.ar\/shop\/wp-json\/wp\/v2\/product\/5551","targetHints":{"allow":["GET"]}}],"collection":[{"href":"https:\/\/anysexshop.com.ar\/shop\/wp-json\/wp\/v2\/product"}],"about":[{"href":"https:\/\/anysexshop.com.ar\/shop\/wp-json\/wp\/v2\/types\/product"}],"replies":[{"embeddable":true,"href":"https:\/\/anysexshop.com.ar\/shop\/wp-json\/wp\/v2\/comments?post=5551"}],"wp:featuredmedia":[{"embeddable":true,"href":"https:\/\/anysexshop.com.ar\/shop\/wp-json\/wp\/v2\/media\/1758"}],"wp:attachment":[{"href":"https:\/\/anysexshop.com.ar\/shop\/wp-json\/wp\/v2\/media?parent=5551"}],"wp:term":[{"taxonomy":"product_brand","embeddable":true,"href":"https:\/\/anysexshop.com.ar\/shop\/wp-json\/wp\/v2\/product_brand?post=5551"},{"taxonomy":"product_cat","embeddable":true,"href":"https:\/\/anysexshop.com.ar\/shop\/wp-json\/wp\/v2\/product_cat?post=5551"},{"taxonomy":"product_tag","embeddable":true,"href":"https:\/\/anysexshop.com.ar\/shop\/wp-json\/wp\/v2\/product_tag?post=5551"}],"curies":[{"name":"wp","href":"https:\/\/api.w.org\/{rel}","templated":true}]}}