{"id":5556,"date":"2024-10-18T19:37:37","date_gmt":"2024-10-18T22:37:37","guid":{"rendered":"https:\/\/anysexshop.com.ar\/shop\/?post_type=product&#038;p=5556"},"modified":"2026-03-06T20:17:43","modified_gmt":"2026-03-06T23:17:43","slug":"gel-intimo-calor-hot-power-70-ml","status":"publish","type":"product","link":"https:\/\/anysexshop.com.ar\/shop\/product\/gel-intimo-calor-hot-power-70-ml\/","title":{"rendered":"GEL INTIMO CALOR HOT POWER 70 ML"},"content":{"rendered":"<body><div>INTENSIDAD CON HOT POWER<\/div>\n<div><\/div>\n<div>Con principios activos naturales, generan una sensaci\u00f3n\u00a0de calor en la piel que aumenta de forma inmediata la sensibilidad intensificando las sensaciones.<\/div>\n<div><\/div>\n<div><span style=\"font-family: arial, helvetica, sans-serif; font-size: large;\"><b>VERSI\u00d3N POMO. PR\u00c1CTICO Y MUCHOS USOS.<\/b><\/span><\/div>\n<div><\/div>\n<div>Se recomienda ir dosificando su uso hasta lograr la temperatura ideal.<\/div>\n<div><\/div>\n<div>Sin sensaci\u00f3n\u00a0de fr\u00edo\u00a0al aplicarlo.<\/div>\n<div><\/div>\n<div>Soplar suavemente sobre la zona de aplicaci\u00f3n\u00a0para intensificar el efecto calor.<\/div>\n<div><\/div>\n<div>CONTENIDO:<span style=\"font-family: arial, helvetica, sans-serif; font-size: large;\">\u00a070ML<\/span><\/div>\n<\/body>","protected":false},"excerpt":{"rendered":"<p>INTENSIDAD CON HOT POWER Con principios activos naturales, generan una sensaci\u00f3n\u00a0de calor en la piel que aumenta de forma inmediata la sensibilidad intensificando las sensaciones. VERSI\u00d3N POMO. PR\u00c1CTICO Y MUCHOS USOS. Se recomienda ir dosificando su uso hasta lograr la temperatura ideal. Sin sensaci\u00f3n\u00a0de fr\u00edo\u00a0al aplicarlo. Soplar suavemente sobre la&hellip; <\/p>\n","protected":false},"featured_media":5557,"comment_status":"open","ping_status":"closed","template":"","meta":{"om_disable_all_campaigns":false},"product_brand":[],"product_cat":[54],"product_tag":[],"class_list":{"0":"post-5556","1":"product","2":"type-product","3":"status-publish","4":"has-post-thumbnail","6":"product_cat-geles-lubricantes-y-aceites","8":"first","9":"instock","10":"shipping-taxable","11":"purchasable","12":"product-type-simple"},"jetpack_sharing_enabled":true,"_links":{"self":[{"href":"https:\/\/anysexshop.com.ar\/shop\/wp-json\/wp\/v2\/product\/5556","targetHints":{"allow":["GET"]}}],"collection":[{"href":"https:\/\/anysexshop.com.ar\/shop\/wp-json\/wp\/v2\/product"}],"about":[{"href":"https:\/\/anysexshop.com.ar\/shop\/wp-json\/wp\/v2\/types\/product"}],"replies":[{"embeddable":true,"href":"https:\/\/anysexshop.com.ar\/shop\/wp-json\/wp\/v2\/comments?post=5556"}],"wp:featuredmedia":[{"embeddable":true,"href":"https:\/\/anysexshop.com.ar\/shop\/wp-json\/wp\/v2\/media\/5557"}],"wp:attachment":[{"href":"https:\/\/anysexshop.com.ar\/shop\/wp-json\/wp\/v2\/media?parent=5556"}],"wp:term":[{"taxonomy":"product_brand","embeddable":true,"href":"https:\/\/anysexshop.com.ar\/shop\/wp-json\/wp\/v2\/product_brand?post=5556"},{"taxonomy":"product_cat","embeddable":true,"href":"https:\/\/anysexshop.com.ar\/shop\/wp-json\/wp\/v2\/product_cat?post=5556"},{"taxonomy":"product_tag","embeddable":true,"href":"https:\/\/anysexshop.com.ar\/shop\/wp-json\/wp\/v2\/product_tag?post=5556"}],"curies":[{"name":"wp","href":"https:\/\/api.w.org\/{rel}","templated":true}]}}