{"id":5829,"date":"2025-06-05T21:11:12","date_gmt":"2025-06-06T00:11:12","guid":{"rendered":"https:\/\/anysexshop.com.ar\/shop\/?post_type=product&#038;p=5829"},"modified":"2026-03-02T21:54:37","modified_gmt":"2026-03-03T00:54:37","slug":"mini-vibrador-mini-vibe-2","status":"publish","type":"product","link":"https:\/\/anysexshop.com.ar\/shop\/product\/mini-vibrador-mini-vibe-2\/","title":{"rendered":"MINI VIBRADOR MINI VIBE 2"},"content":{"rendered":"<body><ul>\n<li>Mini vibrador de silicona.<\/li>\n<li>Peque\u00f1o y f\u00e1cil de llevar.<\/li>\n<li>Vibraci\u00f3n multi-speed.<\/li>\n<li>Un bot\u00f3n de control.<\/li>\n<li>Mant\u00e9n pulsado 3 seg para apagar.<\/li>\n<li>Resistente al agua.<\/li>\n<li>ABS de silicona (masajeador) con anillo plateado.<\/li>\n<li>1 bateria AA (no inclu\u00edda)<\/li>\n<li>Diametro: 2,5cm<\/li>\n<li>Longitud: 11cm<\/li>\n<\/ul>\n<\/body>","protected":false},"excerpt":{"rendered":"<p>Mini vibrador de silicona. Peque\u00f1o y f\u00e1cil de llevar. Vibraci\u00f3n multi-speed. Un bot\u00f3n de control. Mant\u00e9n pulsado 3 seg para apagar. Resistente al agua. ABS de silicona (masajeador) con anillo plateado. 1 bateria AA (no inclu\u00edda) Diametro: 2,5cm Longitud: 11cm<\/p>\n","protected":false},"featured_media":5830,"comment_status":"open","ping_status":"closed","template":"","meta":{"om_disable_all_campaigns":false},"product_brand":[],"product_cat":[60,69],"product_tag":[],"class_list":{"0":"post-5829","1":"product","2":"type-product","3":"status-publish","4":"has-post-thumbnail","6":"product_cat-balas-y-bolas-vaginales","7":"product_cat-vibradores","9":"first","10":"instock","11":"shipping-taxable","12":"purchasable","13":"product-type-simple"},"jetpack_sharing_enabled":true,"_links":{"self":[{"href":"https:\/\/anysexshop.com.ar\/shop\/wp-json\/wp\/v2\/product\/5829","targetHints":{"allow":["GET"]}}],"collection":[{"href":"https:\/\/anysexshop.com.ar\/shop\/wp-json\/wp\/v2\/product"}],"about":[{"href":"https:\/\/anysexshop.com.ar\/shop\/wp-json\/wp\/v2\/types\/product"}],"replies":[{"embeddable":true,"href":"https:\/\/anysexshop.com.ar\/shop\/wp-json\/wp\/v2\/comments?post=5829"}],"wp:featuredmedia":[{"embeddable":true,"href":"https:\/\/anysexshop.com.ar\/shop\/wp-json\/wp\/v2\/media\/5830"}],"wp:attachment":[{"href":"https:\/\/anysexshop.com.ar\/shop\/wp-json\/wp\/v2\/media?parent=5829"}],"wp:term":[{"taxonomy":"product_brand","embeddable":true,"href":"https:\/\/anysexshop.com.ar\/shop\/wp-json\/wp\/v2\/product_brand?post=5829"},{"taxonomy":"product_cat","embeddable":true,"href":"https:\/\/anysexshop.com.ar\/shop\/wp-json\/wp\/v2\/product_cat?post=5829"},{"taxonomy":"product_tag","embeddable":true,"href":"https:\/\/anysexshop.com.ar\/shop\/wp-json\/wp\/v2\/product_tag?post=5829"}],"curies":[{"name":"wp","href":"https:\/\/api.w.org\/{rel}","templated":true}]}}