{"id":5846,"date":"2025-06-05T21:48:58","date_gmt":"2025-06-06T00:48:58","guid":{"rendered":"https:\/\/anysexshop.com.ar\/shop\/?post_type=product&#038;p=5846"},"modified":"2026-03-02T21:54:20","modified_gmt":"2026-03-03T00:54:20","slug":"vibrador-estimulador-del-punto-g-anabel-usb","status":"publish","type":"product","link":"https:\/\/anysexshop.com.ar\/shop\/product\/vibrador-estimulador-del-punto-g-anabel-usb\/","title":{"rendered":"VIBRADOR ESTIMULADOR DEL PUNTO G &#8220;ANABEL&#8221; USB"},"content":{"rendered":"<body><p>Este juguete es un vaginal largo recargable con su leve curvatura para estimular Punto G, de delicado dise\u00f1o e intensa vibraci\u00f3n. Su dise\u00f1o en la extremidad superior rugoso, m\u00e1s su cabeza simulando el glande lo hace sumamente estimulante. F\u00e1cil control.<br>\nModo de uso.<br>\nMantenga presionado el bot\u00f3n de encendido durante 3 segundos para encender \/ apagar, la luz indicadora se enciende y comienza a vibrar. Cada vez que se presiona el bot\u00f3n de encendido, cambie el modo de vibraci\u00f3n diferente. Durante la carga, la luz indicadora parpadea, despu\u00e9s de la carga completa, la luz sigue encendida. Cuando el producto se est\u00e1 cargando, el chip est\u00e1 en estado de protecci\u00f3n y no se puede encender.<br>\nCaracter\u00edsticas.<br>\n\u2022\u200bVibrador.<br>\n\u2022\u200bSilicona 100% pura + ABS.<br>\n\u2022\u200b100% Libre de Fthalatos.<br>\n\u2022\u200bHipo alerg\u00e9nico.<br>\n\u2022\u200bLibre de l\u00e1tex.<br>\n\u2022\u200bDise\u00f1o Ergon\u00f3mico.<br>\n\u2022\u200b10 ritmos diferentes de vibraci\u00f3n.<br>\n\u2022\u200bBot\u00f3n de cl\u00edmax.<br>\n\u2022 1 motor.<br>\n\u2022\u200bMedidas: 22cm x 4.5 cm x 4.5 cm.<br>\n\u2022\u200bPeso 158 gr.<br>\n\u2022\u200bRecargable. Incluye cable de carga.<br>\n\u2022 Tiempo de carga: 1.5 hs.<br>\n\u2022 Tiempo de uso: 1hs.<br>\n\u2022 Impermeable. No sumergible.<\/p>\n<\/body>","protected":false},"excerpt":{"rendered":"<p>Este juguete es un vaginal largo recargable con su leve curvatura para estimular Punto G, de delicado dise\u00f1o e intensa vibraci\u00f3n. Su dise\u00f1o en la extremidad superior rugoso, m\u00e1s su cabeza simulando el glande lo hace sumamente estimulante. F\u00e1cil control. Modo de uso. Mantenga presionado el bot\u00f3n de encendido durante&hellip; <\/p>\n","protected":false},"featured_media":5847,"comment_status":"open","ping_status":"closed","template":"","meta":{"om_disable_all_campaigns":false},"product_brand":[],"product_cat":[68,69],"product_tag":[],"class_list":{"0":"post-5846","1":"product","2":"type-product","3":"status-publish","4":"has-post-thumbnail","6":"product_cat-succionadores-y-estimuladores-femeninos","7":"product_cat-vibradores","9":"first","10":"instock","11":"shipping-taxable","12":"purchasable","13":"product-type-simple"},"jetpack_sharing_enabled":true,"_links":{"self":[{"href":"https:\/\/anysexshop.com.ar\/shop\/wp-json\/wp\/v2\/product\/5846","targetHints":{"allow":["GET"]}}],"collection":[{"href":"https:\/\/anysexshop.com.ar\/shop\/wp-json\/wp\/v2\/product"}],"about":[{"href":"https:\/\/anysexshop.com.ar\/shop\/wp-json\/wp\/v2\/types\/product"}],"replies":[{"embeddable":true,"href":"https:\/\/anysexshop.com.ar\/shop\/wp-json\/wp\/v2\/comments?post=5846"}],"wp:featuredmedia":[{"embeddable":true,"href":"https:\/\/anysexshop.com.ar\/shop\/wp-json\/wp\/v2\/media\/5847"}],"wp:attachment":[{"href":"https:\/\/anysexshop.com.ar\/shop\/wp-json\/wp\/v2\/media?parent=5846"}],"wp:term":[{"taxonomy":"product_brand","embeddable":true,"href":"https:\/\/anysexshop.com.ar\/shop\/wp-json\/wp\/v2\/product_brand?post=5846"},{"taxonomy":"product_cat","embeddable":true,"href":"https:\/\/anysexshop.com.ar\/shop\/wp-json\/wp\/v2\/product_cat?post=5846"},{"taxonomy":"product_tag","embeddable":true,"href":"https:\/\/anysexshop.com.ar\/shop\/wp-json\/wp\/v2\/product_tag?post=5846"}],"curies":[{"name":"wp","href":"https:\/\/api.w.org\/{rel}","templated":true}]}}