{"id":5933,"date":"2025-07-29T16:22:23","date_gmt":"2025-07-29T19:22:23","guid":{"rendered":"https:\/\/anysexshop.com.ar\/shop\/?post_type=product&#038;p=5933"},"modified":"2026-01-12T17:57:06","modified_gmt":"2026-01-12T20:57:06","slug":"perfume-masculino-from-him-elixir-x-100-cc","status":"publish","type":"product","link":"https:\/\/anysexshop.com.ar\/shop\/product\/perfume-masculino-from-him-elixir-x-100-cc\/","title":{"rendered":"PERFUME MASCULINO FROM HIM ELIXIR X 100 CC"},"content":{"rendered":"<body><p><strong>FOR HIM ELIXIR<\/strong><\/p>\n<p>El aroma de la seducci\u00f3n. Fragancia de esp\u00edritu audaz, intenso e irresistible. La Nota de Salida es bergamota; la Nota de Coraz\u00f3n es coco; la Nota de Fondo es haba tonka.<\/p>\n<p>CONTIENE 100 CC<\/p>\n<\/body>","protected":false},"excerpt":{"rendered":"<p>FOR HIM ELIXIR El aroma de la seducci\u00f3n. Fragancia de esp\u00edritu audaz, intenso e irresistible. La Nota de Salida es bergamota; la Nota de Coraz\u00f3n es coco; la Nota de Fondo es haba tonka. CONTIENE 100 CC<\/p>\n","protected":false},"featured_media":5934,"comment_status":"open","ping_status":"closed","template":"","meta":{"om_disable_all_campaigns":false},"product_brand":[],"product_cat":[53],"product_tag":[],"class_list":{"0":"post-5933","1":"product","2":"type-product","3":"status-publish","4":"has-post-thumbnail","6":"product_cat-feromonas","8":"first","9":"instock","10":"sale","11":"shipping-taxable","12":"purchasable","13":"product-type-simple"},"jetpack_sharing_enabled":true,"_links":{"self":[{"href":"https:\/\/anysexshop.com.ar\/shop\/wp-json\/wp\/v2\/product\/5933","targetHints":{"allow":["GET"]}}],"collection":[{"href":"https:\/\/anysexshop.com.ar\/shop\/wp-json\/wp\/v2\/product"}],"about":[{"href":"https:\/\/anysexshop.com.ar\/shop\/wp-json\/wp\/v2\/types\/product"}],"replies":[{"embeddable":true,"href":"https:\/\/anysexshop.com.ar\/shop\/wp-json\/wp\/v2\/comments?post=5933"}],"wp:featuredmedia":[{"embeddable":true,"href":"https:\/\/anysexshop.com.ar\/shop\/wp-json\/wp\/v2\/media\/5934"}],"wp:attachment":[{"href":"https:\/\/anysexshop.com.ar\/shop\/wp-json\/wp\/v2\/media?parent=5933"}],"wp:term":[{"taxonomy":"product_brand","embeddable":true,"href":"https:\/\/anysexshop.com.ar\/shop\/wp-json\/wp\/v2\/product_brand?post=5933"},{"taxonomy":"product_cat","embeddable":true,"href":"https:\/\/anysexshop.com.ar\/shop\/wp-json\/wp\/v2\/product_cat?post=5933"},{"taxonomy":"product_tag","embeddable":true,"href":"https:\/\/anysexshop.com.ar\/shop\/wp-json\/wp\/v2\/product_tag?post=5933"}],"curies":[{"name":"wp","href":"https:\/\/api.w.org\/{rel}","templated":true}]}}