{"id":5935,"date":"2025-07-29T16:25:46","date_gmt":"2025-07-29T19:25:46","guid":{"rendered":"https:\/\/anysexshop.com.ar\/shop\/?post_type=product&#038;p=5935"},"modified":"2026-03-06T20:18:37","modified_gmt":"2026-03-06T23:18:37","slug":"aceite-body-oil-chocolate-100-ml","status":"publish","type":"product","link":"https:\/\/anysexshop.com.ar\/shop\/product\/aceite-body-oil-chocolate-100-ml\/","title":{"rendered":"ACEITE BODY OIL CHOCOLATE 100 ML"},"content":{"rendered":"<body><div class=\"elementor-element elementor-element-53b4596 jltma-glass-effect-no elementor-widget elementor-widget-woocommerce-product-title elementor-page-title elementor-widget-heading\" data-id=\"53b4596\" data-element_type=\"widget\" data-widget_type=\"woocommerce-product-title.default\">\n<div class=\"elementor-widget-container\">\n<h1 class=\"product_title entry-title elementor-heading-title elementor-size-default\">Body Oil \u2013 Chocolate<\/h1>\n<\/div>\n<\/div>\n<div class=\"elementor-element elementor-element-9cda998 jltma-glass-effect-no elementor-widget elementor-widget-woocommerce-product-short-description\" data-id=\"9cda998\" data-element_type=\"widget\" data-widget_type=\"woocommerce-product-short-description.default\">\n<div class=\"elementor-widget-container\">\n<div class=\"woocommerce-product-details__short-description\">\n<p>Aceite lubricante para masajes, saborizado<\/p>\n<\/div>\n<\/div>\n<\/div>\n<div class=\"elementor-element elementor-element-be22905 jltma-glass-effect-no elementor-widget elementor-widget-woocommerce-product-content\" data-id=\"be22905\" data-element_type=\"widget\" data-widget_type=\"woocommerce-product-content.default\">\n<div class=\"elementor-widget-container\">\n<p>Los aceites para masajes de Fly Night son ideales para esos momentos \u00edntimos. Su formula a base de agua se desliza f\u00e1cilmente sobre la piel, dej\u00e1ndola incre\u00edblemente suave.<\/p>\n<p>Gracias a su composici\u00f3n, puedes lamerlo y saborearlo en el cuerpo de tu pareja. \u00a1El sabor es simplemente exquisito!<\/p>\n<p>Para satisfacer todos los gustos, el BODY OIL Fly Night, esta disponible en diferentes variedades: Chocolate<\/p>\n<p>Son Veganos-Free Cruelty, aptos para celiacos y diab\u00e9ticos.<\/p>\n<p>Aprobados por A.N.M.A.T<\/p>\n<p>Contenido 100ml<\/p>\n<\/div>\n<\/div>\n<\/body>","protected":false},"excerpt":{"rendered":"<p>Body Oil \u2013 Chocolate Aceite lubricante para masajes, saborizado Los aceites para masajes de Fly Night son ideales para esos momentos \u00edntimos. Su formula a base de agua se desliza f\u00e1cilmente sobre la piel, dej\u00e1ndola incre\u00edblemente suave. Gracias a su composici\u00f3n, puedes lamerlo y saborearlo en el cuerpo de tu&hellip; <\/p>\n","protected":false},"featured_media":5936,"comment_status":"open","ping_status":"closed","template":"","meta":{"om_disable_all_campaigns":false},"product_brand":[],"product_cat":[54],"product_tag":[],"class_list":{"0":"post-5935","1":"product","2":"type-product","3":"status-publish","4":"has-post-thumbnail","6":"product_cat-geles-lubricantes-y-aceites","8":"first","9":"instock","10":"shipping-taxable","11":"purchasable","12":"product-type-simple"},"jetpack_sharing_enabled":true,"_links":{"self":[{"href":"https:\/\/anysexshop.com.ar\/shop\/wp-json\/wp\/v2\/product\/5935","targetHints":{"allow":["GET"]}}],"collection":[{"href":"https:\/\/anysexshop.com.ar\/shop\/wp-json\/wp\/v2\/product"}],"about":[{"href":"https:\/\/anysexshop.com.ar\/shop\/wp-json\/wp\/v2\/types\/product"}],"replies":[{"embeddable":true,"href":"https:\/\/anysexshop.com.ar\/shop\/wp-json\/wp\/v2\/comments?post=5935"}],"wp:featuredmedia":[{"embeddable":true,"href":"https:\/\/anysexshop.com.ar\/shop\/wp-json\/wp\/v2\/media\/5936"}],"wp:attachment":[{"href":"https:\/\/anysexshop.com.ar\/shop\/wp-json\/wp\/v2\/media?parent=5935"}],"wp:term":[{"taxonomy":"product_brand","embeddable":true,"href":"https:\/\/anysexshop.com.ar\/shop\/wp-json\/wp\/v2\/product_brand?post=5935"},{"taxonomy":"product_cat","embeddable":true,"href":"https:\/\/anysexshop.com.ar\/shop\/wp-json\/wp\/v2\/product_cat?post=5935"},{"taxonomy":"product_tag","embeddable":true,"href":"https:\/\/anysexshop.com.ar\/shop\/wp-json\/wp\/v2\/product_tag?post=5935"}],"curies":[{"name":"wp","href":"https:\/\/api.w.org\/{rel}","templated":true}]}}