{"id":5937,"date":"2025-07-29T16:55:44","date_gmt":"2025-07-29T19:55:44","guid":{"rendered":"https:\/\/anysexshop.com.ar\/shop\/?post_type=product&#038;p=5937"},"modified":"2026-01-12T17:56:35","modified_gmt":"2026-01-12T20:56:35","slug":"juego-de-cartas-y-dados-lucky-lovers-your-pleasure","status":"publish","type":"product","link":"https:\/\/anysexshop.com.ar\/shop\/product\/juego-de-cartas-y-dados-lucky-lovers-your-pleasure\/","title":{"rendered":"JUEGO DE CARTAS Y DADOS LUCKY LOVERS-YOUR PLEASURE"},"content":{"rendered":"<body><p>\u00a1La diversi\u00f3n est\u00e1 asegurada con\u00a0Lucky Lovers, YOUR PLEASURE! Un juego de\u00a0raspaditas\u00a0que incluye\u00a03 dados de juego\u00a0y\u00a013 cartas, ofreci\u00e9ndote\u00a0m\u00e1s de 20 posiciones sexuales\u00a0para disfrutar con tu pareja. Rasp\u00e1 las tarjetas, lanza los dados y deja que el azar gu\u00ede la acci\u00f3n, creando momentos excitantes y llenos de sorpresas. \u00a1Ideal para explorar y divertirse al m\u00e1ximo!<\/p>\n<\/body>","protected":false},"excerpt":{"rendered":"<p>\u00a1La diversi\u00f3n est\u00e1 asegurada con\u00a0Lucky Lovers, YOUR PLEASURE! Un juego de\u00a0raspaditas\u00a0que incluye\u00a03 dados de juego\u00a0y\u00a013 cartas, ofreci\u00e9ndote\u00a0m\u00e1s de 20 posiciones sexuales\u00a0para disfrutar con tu pareja. Rasp\u00e1 las tarjetas, lanza los dados y deja que el azar gu\u00ede la acci\u00f3n, creando momentos excitantes y llenos de sorpresas. \u00a1Ideal para explorar y&hellip; <\/p>\n","protected":false},"featured_media":5938,"comment_status":"open","ping_status":"closed","template":"","meta":{"om_disable_all_campaigns":false},"product_brand":[],"product_cat":[55],"product_tag":[],"class_list":{"0":"post-5937","1":"product","2":"type-product","3":"status-publish","4":"has-post-thumbnail","6":"product_cat-juegos-de-mesa","8":"first","9":"instock","10":"sale","11":"shipping-taxable","12":"purchasable","13":"product-type-simple"},"jetpack_sharing_enabled":true,"_links":{"self":[{"href":"https:\/\/anysexshop.com.ar\/shop\/wp-json\/wp\/v2\/product\/5937","targetHints":{"allow":["GET"]}}],"collection":[{"href":"https:\/\/anysexshop.com.ar\/shop\/wp-json\/wp\/v2\/product"}],"about":[{"href":"https:\/\/anysexshop.com.ar\/shop\/wp-json\/wp\/v2\/types\/product"}],"replies":[{"embeddable":true,"href":"https:\/\/anysexshop.com.ar\/shop\/wp-json\/wp\/v2\/comments?post=5937"}],"wp:featuredmedia":[{"embeddable":true,"href":"https:\/\/anysexshop.com.ar\/shop\/wp-json\/wp\/v2\/media\/5938"}],"wp:attachment":[{"href":"https:\/\/anysexshop.com.ar\/shop\/wp-json\/wp\/v2\/media?parent=5937"}],"wp:term":[{"taxonomy":"product_brand","embeddable":true,"href":"https:\/\/anysexshop.com.ar\/shop\/wp-json\/wp\/v2\/product_brand?post=5937"},{"taxonomy":"product_cat","embeddable":true,"href":"https:\/\/anysexshop.com.ar\/shop\/wp-json\/wp\/v2\/product_cat?post=5937"},{"taxonomy":"product_tag","embeddable":true,"href":"https:\/\/anysexshop.com.ar\/shop\/wp-json\/wp\/v2\/product_tag?post=5937"}],"curies":[{"name":"wp","href":"https:\/\/api.w.org\/{rel}","templated":true}]}}