{"id":5945,"date":"2025-07-29T17:00:48","date_gmt":"2025-07-29T20:00:48","guid":{"rendered":"https:\/\/anysexshop.com.ar\/shop\/?post_type=product&#038;p=5945"},"modified":"2025-08-20T16:09:14","modified_gmt":"2025-08-20T19:09:14","slug":"juego-de-cartas-y-dados-lets-fuck","status":"publish","type":"product","link":"https:\/\/anysexshop.com.ar\/shop\/product\/juego-de-cartas-y-dados-lets-fuck\/","title":{"rendered":"JUEGO DE CARTAS Y DADOS LETS FUCK"},"content":{"rendered":"<body><p>Let\u2019s Fuck\u00a0es un juego dise\u00f1ado para\u00a0dos personas\u00a0que combina\u00a0cartas\u00a0y\u00a0dados\u00a0para llevar la intimidad al siguiente nivel. Las\u00a0cartas\u00a0incluyen\u00a0preguntas\u00a0y\u00a0tareas\u00a0que no solo invitan a realizar\u00a0acciones f\u00edsicas, sino tambi\u00e9n a explorar el\u00a0lenguaje\u00a0y la\u00a0comunicaci\u00f3n \u00edntima. Prep\u00e1rate para escuchar a tu pareja\u00a0susurrar, gemir y gritar de placer\u00a0mientras exploran juntos nuevas formas de disfrutar y conectar. \u00a1La diversi\u00f3n y el placer est\u00e1n garantizados!<\/p>\n<\/body>","protected":false},"excerpt":{"rendered":"<p>Let\u2019s Fuck\u00a0es un juego dise\u00f1ado para\u00a0dos personas\u00a0que combina\u00a0cartas\u00a0y\u00a0dados\u00a0para llevar la intimidad al siguiente nivel. Las\u00a0cartas\u00a0incluyen\u00a0preguntas\u00a0y\u00a0tareas\u00a0que no solo invitan a realizar\u00a0acciones f\u00edsicas, sino tambi\u00e9n a explorar el\u00a0lenguaje\u00a0y la\u00a0comunicaci\u00f3n \u00edntima. Prep\u00e1rate para escuchar a tu pareja\u00a0susurrar, gemir y gritar de placer\u00a0mientras exploran juntos nuevas formas de disfrutar y conectar. \u00a1La diversi\u00f3n y&hellip; <\/p>\n","protected":false},"featured_media":5946,"comment_status":"open","ping_status":"closed","template":"","meta":{"om_disable_all_campaigns":false},"product_brand":[],"product_cat":[55],"product_tag":[],"class_list":{"0":"post-5945","1":"product","2":"type-product","3":"status-publish","4":"has-post-thumbnail","6":"product_cat-juegos-de-mesa","8":"first","9":"outofstock","10":"shipping-taxable","11":"product-type-simple"},"jetpack_sharing_enabled":true,"_links":{"self":[{"href":"https:\/\/anysexshop.com.ar\/shop\/wp-json\/wp\/v2\/product\/5945","targetHints":{"allow":["GET"]}}],"collection":[{"href":"https:\/\/anysexshop.com.ar\/shop\/wp-json\/wp\/v2\/product"}],"about":[{"href":"https:\/\/anysexshop.com.ar\/shop\/wp-json\/wp\/v2\/types\/product"}],"replies":[{"embeddable":true,"href":"https:\/\/anysexshop.com.ar\/shop\/wp-json\/wp\/v2\/comments?post=5945"}],"wp:featuredmedia":[{"embeddable":true,"href":"https:\/\/anysexshop.com.ar\/shop\/wp-json\/wp\/v2\/media\/5946"}],"wp:attachment":[{"href":"https:\/\/anysexshop.com.ar\/shop\/wp-json\/wp\/v2\/media?parent=5945"}],"wp:term":[{"taxonomy":"product_brand","embeddable":true,"href":"https:\/\/anysexshop.com.ar\/shop\/wp-json\/wp\/v2\/product_brand?post=5945"},{"taxonomy":"product_cat","embeddable":true,"href":"https:\/\/anysexshop.com.ar\/shop\/wp-json\/wp\/v2\/product_cat?post=5945"},{"taxonomy":"product_tag","embeddable":true,"href":"https:\/\/anysexshop.com.ar\/shop\/wp-json\/wp\/v2\/product_tag?post=5945"}],"curies":[{"name":"wp","href":"https:\/\/api.w.org\/{rel}","templated":true}]}}