{"id":6376,"date":"2025-12-16T18:33:18","date_gmt":"2025-12-16T21:33:18","guid":{"rendered":"https:\/\/anysexshop.com.ar\/shop\/?post_type=product&#038;p=6376"},"modified":"2026-03-04T20:38:34","modified_gmt":"2026-03-04T23:38:34","slug":"plug-anal-ultra-rojo-16-x-4-cm","status":"publish","type":"product","link":"https:\/\/anysexshop.com.ar\/shop\/product\/plug-anal-ultra-rojo-16-x-4-cm\/","title":{"rendered":"PLUG ANAL ULTRA ROJO 16 X 4 CM"},"content":{"rendered":"<body><p><b>Plug Anal Ultra Rojo.<\/b>\u00a0Este plug en forma de l\u00e1grima es un estimulador anal que se ajusta a los contornos del cuerpo ofreci\u00e9ndote la estimulaci\u00f3n m\u00e1s intensa que jam\u00e1s imaginaste. Su forma permite una inserci\u00f3n sutil y c\u00f3moda, y a su vez, su material llamado jelly colabora con la suavidad y la flexibilidad del juguete. Cuenta con una base que hace tope para mayor seguridad. Este plug es compatible con arn\u00e9s, por lo que podr\u00e1s disfrutar de tu juego sexual de distintas formas.<br>\nSu medida es de 16 cm y 4 cm de di\u00e1metro. <b>\u00a0<\/b><\/p>\n<blockquote><p>Tipo: Anal sin Vibro.<\/p><\/blockquote>\n<blockquote><p>Medida: 16 cm x 4 \u00d8.<\/p><\/blockquote>\n<blockquote><p>Phthalate Free \/ Libre de Ftalato.<\/p><\/blockquote>\n<blockquote><p>Industria Argentina.<\/p><\/blockquote>\n<\/body>","protected":false},"excerpt":{"rendered":"<p>Plug Anal Ultra Rojo.\u00a0Este plug en forma de l\u00e1grima es un estimulador anal que se ajusta a los contornos del cuerpo ofreci\u00e9ndote la estimulaci\u00f3n m\u00e1s intensa que jam\u00e1s imaginaste. Su forma permite una inserci\u00f3n sutil y c\u00f3moda, y a su vez, su material llamado jelly colabora con la suavidad y&hellip; <\/p>\n","protected":false},"featured_media":6377,"comment_status":"open","ping_status":"closed","template":"","meta":{"om_disable_all_campaigns":false},"product_brand":[],"product_cat":[57],"product_tag":[],"class_list":{"0":"post-6376","1":"product","2":"type-product","3":"status-publish","4":"has-post-thumbnail","6":"product_cat-anales","8":"first","9":"instock","10":"shipping-taxable","11":"purchasable","12":"product-type-simple"},"jetpack_sharing_enabled":true,"_links":{"self":[{"href":"https:\/\/anysexshop.com.ar\/shop\/wp-json\/wp\/v2\/product\/6376","targetHints":{"allow":["GET"]}}],"collection":[{"href":"https:\/\/anysexshop.com.ar\/shop\/wp-json\/wp\/v2\/product"}],"about":[{"href":"https:\/\/anysexshop.com.ar\/shop\/wp-json\/wp\/v2\/types\/product"}],"replies":[{"embeddable":true,"href":"https:\/\/anysexshop.com.ar\/shop\/wp-json\/wp\/v2\/comments?post=6376"}],"wp:featuredmedia":[{"embeddable":true,"href":"https:\/\/anysexshop.com.ar\/shop\/wp-json\/wp\/v2\/media\/6377"}],"wp:attachment":[{"href":"https:\/\/anysexshop.com.ar\/shop\/wp-json\/wp\/v2\/media?parent=6376"}],"wp:term":[{"taxonomy":"product_brand","embeddable":true,"href":"https:\/\/anysexshop.com.ar\/shop\/wp-json\/wp\/v2\/product_brand?post=6376"},{"taxonomy":"product_cat","embeddable":true,"href":"https:\/\/anysexshop.com.ar\/shop\/wp-json\/wp\/v2\/product_cat?post=6376"},{"taxonomy":"product_tag","embeddable":true,"href":"https:\/\/anysexshop.com.ar\/shop\/wp-json\/wp\/v2\/product_tag?post=6376"}],"curies":[{"name":"wp","href":"https:\/\/api.w.org\/{rel}","templated":true}]}}