{"id":6378,"date":"2025-12-16T18:43:48","date_gmt":"2025-12-16T21:43:48","guid":{"rendered":"https:\/\/anysexshop.com.ar\/shop\/?post_type=product&#038;p=6378"},"modified":"2026-02-27T11:48:40","modified_gmt":"2026-02-27T14:48:40","slug":"consolador-bananin-rojo-21-x-3-5-cm","status":"publish","type":"product","link":"https:\/\/anysexshop.com.ar\/shop\/product\/consolador-bananin-rojo-21-x-3-5-cm\/","title":{"rendered":"CONSOLADOR BANANIN ROJO 21 X 3.5 CM"},"content":{"rendered":"<body><p><b>\u00a0Bananin Rojo.<\/b> Este suck americano de material jelly se adapta a la temperatura corporal brindando placer a la pareja. Cuenta con la flexibilidad necesaria que necesitan los juguetes sexuales. Su forma anat\u00f3mica y sus venas intensificar\u00e1n el momento de pasi\u00f3n. Adem\u00e1s, posee sopapa para poder adherirlo a distintas superficies, y es compatible con arn\u00e9s.<\/p>\n<blockquote><p>Tipo: Dildo con sopapa.<\/p><\/blockquote>\n<blockquote><p>Medida: 21 cm x 3,5 \u00d8.<\/p><\/blockquote>\n<blockquote><p>Modelo Water Proof \/ Prueba de agua.<\/p><\/blockquote>\n<blockquote><p>Phthalate Free \/ Libre Ftalato.<\/p><\/blockquote>\n<blockquote><p>Industria Argentina.<\/p><\/blockquote>\n<\/body>","protected":false},"excerpt":{"rendered":"<p>\u00a0Bananin Rojo. Este suck americano de material jelly se adapta a la temperatura corporal brindando placer a la pareja. Cuenta con la flexibilidad necesaria que necesitan los juguetes sexuales. Su forma anat\u00f3mica y sus venas intensificar\u00e1n el momento de pasi\u00f3n. Adem\u00e1s, posee sopapa para poder adherirlo a distintas superficies, y&hellip; <\/p>\n","protected":false},"featured_media":6379,"comment_status":"open","ping_status":"closed","template":"","meta":{"om_disable_all_campaigns":false},"product_brand":[],"product_cat":[62],"product_tag":[],"class_list":{"0":"post-6378","1":"product","2":"type-product","3":"status-publish","4":"has-post-thumbnail","6":"product_cat-consoladores","8":"first","9":"instock","10":"shipping-taxable","11":"purchasable","12":"product-type-simple"},"jetpack_sharing_enabled":true,"_links":{"self":[{"href":"https:\/\/anysexshop.com.ar\/shop\/wp-json\/wp\/v2\/product\/6378","targetHints":{"allow":["GET"]}}],"collection":[{"href":"https:\/\/anysexshop.com.ar\/shop\/wp-json\/wp\/v2\/product"}],"about":[{"href":"https:\/\/anysexshop.com.ar\/shop\/wp-json\/wp\/v2\/types\/product"}],"replies":[{"embeddable":true,"href":"https:\/\/anysexshop.com.ar\/shop\/wp-json\/wp\/v2\/comments?post=6378"}],"wp:featuredmedia":[{"embeddable":true,"href":"https:\/\/anysexshop.com.ar\/shop\/wp-json\/wp\/v2\/media\/6379"}],"wp:attachment":[{"href":"https:\/\/anysexshop.com.ar\/shop\/wp-json\/wp\/v2\/media?parent=6378"}],"wp:term":[{"taxonomy":"product_brand","embeddable":true,"href":"https:\/\/anysexshop.com.ar\/shop\/wp-json\/wp\/v2\/product_brand?post=6378"},{"taxonomy":"product_cat","embeddable":true,"href":"https:\/\/anysexshop.com.ar\/shop\/wp-json\/wp\/v2\/product_cat?post=6378"},{"taxonomy":"product_tag","embeddable":true,"href":"https:\/\/anysexshop.com.ar\/shop\/wp-json\/wp\/v2\/product_tag?post=6378"}],"curies":[{"name":"wp","href":"https:\/\/api.w.org\/{rel}","templated":true}]}}