{"id":6404,"date":"2025-12-18T18:03:09","date_gmt":"2025-12-18T21:03:09","guid":{"rendered":"https:\/\/anysexshop.com.ar\/shop\/?post_type=product&#038;p=6404"},"modified":"2026-03-04T20:45:47","modified_gmt":"2026-03-04T23:45:47","slug":"set-de-anillos-azules","status":"publish","type":"product","link":"https:\/\/anysexshop.com.ar\/shop\/product\/set-de-anillos-azules\/","title":{"rendered":"SET DE ANILLOS AZULES"},"content":{"rendered":"<body><p>Anillos s\u00faper el\u00e1sticos de silicona en gel y adaptables para colocarse en el pene, ayudando a mantener una erecci\u00f3n por m\u00e1s tiempo, as\u00ed mismo como permite retardar la eyaculaci\u00f3n, su exclusivo dise\u00f1o permite generar distintas sensaciones para quien recibe la estimulaci\u00f3n.<\/p>\n<\/body>","protected":false},"excerpt":{"rendered":"<p>Anillos s\u00faper el\u00e1sticos de silicona en gel y adaptables para colocarse en el pene, ayudando a mantener una erecci\u00f3n por m\u00e1s tiempo, as\u00ed mismo como permite retardar la eyaculaci\u00f3n, su exclusivo dise\u00f1o permite generar distintas sensaciones para quien recibe la estimulaci\u00f3n.<\/p>\n","protected":false},"featured_media":6405,"comment_status":"open","ping_status":"closed","template":"","meta":{"om_disable_all_campaigns":false},"product_brand":[],"product_cat":[58],"product_tag":[],"class_list":{"0":"post-6404","1":"product","2":"type-product","3":"status-publish","4":"has-post-thumbnail","6":"product_cat-anillos","8":"first","9":"instock","10":"shipping-taxable","11":"purchasable","12":"product-type-simple"},"jetpack_sharing_enabled":true,"_links":{"self":[{"href":"https:\/\/anysexshop.com.ar\/shop\/wp-json\/wp\/v2\/product\/6404","targetHints":{"allow":["GET"]}}],"collection":[{"href":"https:\/\/anysexshop.com.ar\/shop\/wp-json\/wp\/v2\/product"}],"about":[{"href":"https:\/\/anysexshop.com.ar\/shop\/wp-json\/wp\/v2\/types\/product"}],"replies":[{"embeddable":true,"href":"https:\/\/anysexshop.com.ar\/shop\/wp-json\/wp\/v2\/comments?post=6404"}],"wp:featuredmedia":[{"embeddable":true,"href":"https:\/\/anysexshop.com.ar\/shop\/wp-json\/wp\/v2\/media\/6405"}],"wp:attachment":[{"href":"https:\/\/anysexshop.com.ar\/shop\/wp-json\/wp\/v2\/media?parent=6404"}],"wp:term":[{"taxonomy":"product_brand","embeddable":true,"href":"https:\/\/anysexshop.com.ar\/shop\/wp-json\/wp\/v2\/product_brand?post=6404"},{"taxonomy":"product_cat","embeddable":true,"href":"https:\/\/anysexshop.com.ar\/shop\/wp-json\/wp\/v2\/product_cat?post=6404"},{"taxonomy":"product_tag","embeddable":true,"href":"https:\/\/anysexshop.com.ar\/shop\/wp-json\/wp\/v2\/product_tag?post=6404"}],"curies":[{"name":"wp","href":"https:\/\/api.w.org\/{rel}","templated":true}]}}