{"id":6425,"date":"2025-12-18T19:14:26","date_gmt":"2025-12-18T22:14:26","guid":{"rendered":"https:\/\/anysexshop.com.ar\/shop\/?post_type=product&#038;p=6425"},"modified":"2026-03-04T20:36:29","modified_gmt":"2026-03-04T23:36:29","slug":"funda-peneana-extender-1","status":"publish","type":"product","link":"https:\/\/anysexshop.com.ar\/shop\/product\/funda-peneana-extender-1\/","title":{"rendered":"FUNDA PENEANA EXTENDER 1"},"content":{"rendered":"<body><p class=\"p1\"><span class=\"s1\">\u00bfDeseas un poco m\u00e1s de tama\u00f1o de la forma m\u00e1s c\u00f3moda posible? \u00a1Entonces esto es exactamente lo que necesitas! La funda est\u00e1 dise\u00f1ada para alargar y engrosar el cuerpo del pene. Eso s\u00ed, para poder utilizar una funda se debe tener una erecci\u00f3n firme, porque la misma se colocar\u00e1 como un guante sobre el pene.<\/span><\/p>\n<p class=\"p2\"><span class=\"s1\"><strong>Caracter\u00edsticas<\/strong><\/span><\/p>\n<p class=\"p2\"><span class=\"s1\">\u2022 Material TPE.<\/span><\/p>\n<p class=\"p2\"><span class=\"s1\">\u2022 100% Libre de Fthalatos.<\/span><\/p>\n<p class=\"p2\"><span class=\"s1\">\u2022 Hipo alerg\u00e9nico.<\/span><\/p>\n<p class=\"p2\"><span class=\"s1\">\u2022 Libre de l\u00e1tex.<\/span><\/p>\n<p class=\"p2\"><span class=\"s1\">\u2022 Dise\u00f1o Ergon\u00f3mico.<\/span><\/p>\n<p class=\"p2\"><span class=\"s1\">\u2022 Textura venosa.<\/span><\/p>\n<p class=\"p2\"><span class=\"s1\">\u2022 Real\u00edstica.<\/span><\/p>\n<p class=\"p2\"><span class=\"s1\">\u2022 Sumergible.<\/span><\/p>\n<p class=\"p2\"><span class=\"s1\">\u2022 Usar lubricante a base de agua sobre la superficie de la funda.<\/span><\/p>\n<p class=\"p2\"><span class=\"s1\">\u2022 Medidas: 16.5 cm x 4 cm x 4 cm.<\/span><\/p>\n<\/body>","protected":false},"excerpt":{"rendered":"<p>\u00bfDeseas un poco m\u00e1s de tama\u00f1o de la forma m\u00e1s c\u00f3moda posible? \u00a1Entonces esto es exactamente lo que necesitas! La funda est\u00e1 dise\u00f1ada para alargar y engrosar el cuerpo del pene. Eso s\u00ed, para poder utilizar una funda se debe tener una erecci\u00f3n firme, porque la misma se colocar\u00e1 como&hellip; <\/p>\n","protected":false},"featured_media":6426,"comment_status":"open","ping_status":"closed","template":"","meta":{"om_disable_all_campaigns":false},"product_brand":[],"product_cat":[64],"product_tag":[],"class_list":{"0":"post-6425","1":"product","2":"type-product","3":"status-publish","4":"has-post-thumbnail","6":"product_cat-fundas-peneanas","8":"first","9":"instock","10":"shipping-taxable","11":"purchasable","12":"product-type-simple"},"jetpack_sharing_enabled":true,"_links":{"self":[{"href":"https:\/\/anysexshop.com.ar\/shop\/wp-json\/wp\/v2\/product\/6425","targetHints":{"allow":["GET"]}}],"collection":[{"href":"https:\/\/anysexshop.com.ar\/shop\/wp-json\/wp\/v2\/product"}],"about":[{"href":"https:\/\/anysexshop.com.ar\/shop\/wp-json\/wp\/v2\/types\/product"}],"replies":[{"embeddable":true,"href":"https:\/\/anysexshop.com.ar\/shop\/wp-json\/wp\/v2\/comments?post=6425"}],"wp:featuredmedia":[{"embeddable":true,"href":"https:\/\/anysexshop.com.ar\/shop\/wp-json\/wp\/v2\/media\/6426"}],"wp:attachment":[{"href":"https:\/\/anysexshop.com.ar\/shop\/wp-json\/wp\/v2\/media?parent=6425"}],"wp:term":[{"taxonomy":"product_brand","embeddable":true,"href":"https:\/\/anysexshop.com.ar\/shop\/wp-json\/wp\/v2\/product_brand?post=6425"},{"taxonomy":"product_cat","embeddable":true,"href":"https:\/\/anysexshop.com.ar\/shop\/wp-json\/wp\/v2\/product_cat?post=6425"},{"taxonomy":"product_tag","embeddable":true,"href":"https:\/\/anysexshop.com.ar\/shop\/wp-json\/wp\/v2\/product_tag?post=6425"}],"curies":[{"name":"wp","href":"https:\/\/api.w.org\/{rel}","templated":true}]}}