{"id":6429,"date":"2025-12-18T19:20:09","date_gmt":"2025-12-18T22:20:09","guid":{"rendered":"https:\/\/anysexshop.com.ar\/shop\/?post_type=product&#038;p=6429"},"modified":"2026-03-04T20:36:19","modified_gmt":"2026-03-04T23:36:19","slug":"funda-con-vibrador","status":"publish","type":"product","link":"https:\/\/anysexshop.com.ar\/shop\/product\/funda-con-vibrador\/","title":{"rendered":"FUNDA CON VIBRADOR"},"content":{"rendered":"<body><p>\u00bfDeseas un poco m\u00e1s de grosor de la forma m\u00e1s c\u00f3moda posible? \u00a1Entonces esto es exactamente lo que necesitas! La funda est\u00e1 dise\u00f1ada para alargar el pene 5.08 cm de extensi\u00f3n. La funda de extensi\u00f3n es el\u00e1stica, c\u00f3moda y se adapta sin esfuerzo a la mayor\u00eda de los tama\u00f1os de pene. Col\u00f3quelo en su pene para obtener la confianza que desea y una mayor longitud. La funda cuenta con diferentes texturas de placer adicionales en la cavidad vaginal, para que esta experiencia sea a\u00fan m\u00e1s agradable. Esta funda de extensi\u00f3n vibratoria incluye un estimulador (bala) extra\u00edble y re-utilizable, para llevar el placer de ambos al siguiente nivel. Para usar una funda se debe tener una erecci\u00f3n firme. Caracter\u00edsticas \u2022 Material flexible. ABS. \u2022 100% Libre de Fthalatos. \u2022 Hipo alerg\u00e9nico. \u2022 Libre de l\u00e1tex. \u2022 Dise\u00f1o Ergon\u00f3mico. \u2022 Glande Real\u00edstico. \u2022 Impermeable. \u2022 Color transparente. \u2022 Incluye vibrador Bullet Mini Silver largo: 5 cm Di\u00e1metro 1,5 cm. \u2022 Pilas (LR44). \u2022 Di\u00e1metro: 4cm (extensible) longitud total: 15 cm (extensible). \u2022 Usar lubricante a base de agua sobre la superficie de la funda. \u2022 Higienizar con agua tibia y jab\u00f3n antibacteriano para Toys o neutro. Una vez que esta. \u2022 Se debe dejar secar sola, una vez que est\u00e1 bien seca; reci\u00e9n se guarda en bolsa de tela que no despida pelusa, no en polietileno, de forma individual, sino puede da\u00f1arse.<\/p>\n<\/body>","protected":false},"excerpt":{"rendered":"<p>\u00bfDeseas un poco m\u00e1s de grosor de la forma m\u00e1s c\u00f3moda posible? \u00a1Entonces esto es exactamente lo que necesitas! La funda est\u00e1 dise\u00f1ada para alargar el pene 5.08 cm de extensi\u00f3n. La funda de extensi\u00f3n es el\u00e1stica, c\u00f3moda y se adapta sin esfuerzo a la mayor\u00eda de los tama\u00f1os de&hellip; <\/p>\n","protected":false},"featured_media":6430,"comment_status":"open","ping_status":"closed","template":"","meta":{"om_disable_all_campaigns":false},"product_brand":[],"product_cat":[64],"product_tag":[],"class_list":{"0":"post-6429","1":"product","2":"type-product","3":"status-publish","4":"has-post-thumbnail","6":"product_cat-fundas-peneanas","8":"first","9":"instock","10":"shipping-taxable","11":"purchasable","12":"product-type-simple"},"jetpack_sharing_enabled":true,"_links":{"self":[{"href":"https:\/\/anysexshop.com.ar\/shop\/wp-json\/wp\/v2\/product\/6429","targetHints":{"allow":["GET"]}}],"collection":[{"href":"https:\/\/anysexshop.com.ar\/shop\/wp-json\/wp\/v2\/product"}],"about":[{"href":"https:\/\/anysexshop.com.ar\/shop\/wp-json\/wp\/v2\/types\/product"}],"replies":[{"embeddable":true,"href":"https:\/\/anysexshop.com.ar\/shop\/wp-json\/wp\/v2\/comments?post=6429"}],"wp:featuredmedia":[{"embeddable":true,"href":"https:\/\/anysexshop.com.ar\/shop\/wp-json\/wp\/v2\/media\/6430"}],"wp:attachment":[{"href":"https:\/\/anysexshop.com.ar\/shop\/wp-json\/wp\/v2\/media?parent=6429"}],"wp:term":[{"taxonomy":"product_brand","embeddable":true,"href":"https:\/\/anysexshop.com.ar\/shop\/wp-json\/wp\/v2\/product_brand?post=6429"},{"taxonomy":"product_cat","embeddable":true,"href":"https:\/\/anysexshop.com.ar\/shop\/wp-json\/wp\/v2\/product_cat?post=6429"},{"taxonomy":"product_tag","embeddable":true,"href":"https:\/\/anysexshop.com.ar\/shop\/wp-json\/wp\/v2\/product_tag?post=6429"}],"curies":[{"name":"wp","href":"https:\/\/api.w.org\/{rel}","templated":true}]}}