{"id":6433,"date":"2025-12-18T19:26:32","date_gmt":"2025-12-18T22:26:32","guid":{"rendered":"https:\/\/anysexshop.com.ar\/shop\/?post_type=product&#038;p=6433"},"modified":"2026-03-04T20:38:15","modified_gmt":"2026-03-04T23:38:15","slug":"vibrador-anal-con-control-remoto-usb","status":"publish","type":"product","link":"https:\/\/anysexshop.com.ar\/shop\/product\/vibrador-anal-con-control-remoto-usb\/","title":{"rendered":"VIBRADOR ANAL CON CONTROL REMOTO USB"},"content":{"rendered":"<body><p class=\"p1\"><span class=\"s1\">Este juguete inexpulsable suave, aterciopelado y flexible es apto tanto para principiantes como para expertos en juegos anales .Su punta c\u00f3nica facilita la inserci\u00f3n y su tope de ancla te da la seguridad para poder disfrutar al m\u00e1ximo. Motor recargable con control remoto. Color Celeste.<\/span><\/p>\n<p class=\"p2\"><span class=\"s1\"><strong>Caracter\u00edsticas:<\/strong><\/span><\/p>\n<p class=\"p2\"><span class=\"s1\">\u2022 Silicona 100% pura + ABS.<\/span><\/p>\n<p class=\"p2\"><span class=\"s1\">\u2022 100% Libre de Fthalatos.<\/span><\/p>\n<p class=\"p2\"><span class=\"s1\">\u2022 Hipo alerg\u00e9nico.<\/span><\/p>\n<p class=\"p2\"><span class=\"s1\">\u2022 Libre de l\u00e1tex.<\/span><\/p>\n<p class=\"p2\"><span class=\"s1\">\u2022 3 modos de vibraci\u00f3n lineal.<\/span><\/p>\n<p class=\"p2\"><span class=\"s1\">\u2022 7 ritmos diferentes.\u00a0<span class=\"Apple-converted-space\">\u00a0 \u00a0<\/span><\/span><\/p>\n<p class=\"p2\"><span class=\"s1\">\u2022 Di\u00e1metro: 3.6 cm. Longitud: 20.1 cm.<\/span><\/p>\n<p class=\"p2\"><span class=\"s1\">\u2022 Recargable. Incluye cable de carga.<\/span><\/p>\n<p class=\"p2\"><span class=\"s1\">\u2022 Tiempo de carga: 50 m.<\/span><\/p>\n<p class=\"p2\"><span class=\"s1\">\u2022 Duraci\u00f3n de la carga: 50 m.<\/span><\/p>\n<p class=\"p2\"><span class=\"s1\">\u2022 Control remoto inal\u00e1mbrico.<\/span><\/p>\n<p class=\"p2\"><span class=\"s1\">\u2022 Impermeable. No sumergibl<\/span><\/p>\n<\/body>","protected":false},"excerpt":{"rendered":"<p>Este juguete inexpulsable suave, aterciopelado y flexible es apto tanto para principiantes como para expertos en juegos anales .Su punta c\u00f3nica facilita la inserci\u00f3n y su tope de ancla te da la seguridad para poder disfrutar al m\u00e1ximo. Motor recargable con control remoto. Color Celeste. Caracter\u00edsticas: \u2022 Silicona 100% pura&hellip; <\/p>\n","protected":false},"featured_media":6434,"comment_status":"open","ping_status":"closed","template":"","meta":{"om_disable_all_campaigns":false},"product_brand":[],"product_cat":[57],"product_tag":[],"class_list":{"0":"post-6433","1":"product","2":"type-product","3":"status-publish","4":"has-post-thumbnail","6":"product_cat-anales","8":"first","9":"instock","10":"shipping-taxable","11":"purchasable","12":"product-type-simple"},"jetpack_sharing_enabled":true,"_links":{"self":[{"href":"https:\/\/anysexshop.com.ar\/shop\/wp-json\/wp\/v2\/product\/6433","targetHints":{"allow":["GET"]}}],"collection":[{"href":"https:\/\/anysexshop.com.ar\/shop\/wp-json\/wp\/v2\/product"}],"about":[{"href":"https:\/\/anysexshop.com.ar\/shop\/wp-json\/wp\/v2\/types\/product"}],"replies":[{"embeddable":true,"href":"https:\/\/anysexshop.com.ar\/shop\/wp-json\/wp\/v2\/comments?post=6433"}],"wp:featuredmedia":[{"embeddable":true,"href":"https:\/\/anysexshop.com.ar\/shop\/wp-json\/wp\/v2\/media\/6434"}],"wp:attachment":[{"href":"https:\/\/anysexshop.com.ar\/shop\/wp-json\/wp\/v2\/media?parent=6433"}],"wp:term":[{"taxonomy":"product_brand","embeddable":true,"href":"https:\/\/anysexshop.com.ar\/shop\/wp-json\/wp\/v2\/product_brand?post=6433"},{"taxonomy":"product_cat","embeddable":true,"href":"https:\/\/anysexshop.com.ar\/shop\/wp-json\/wp\/v2\/product_cat?post=6433"},{"taxonomy":"product_tag","embeddable":true,"href":"https:\/\/anysexshop.com.ar\/shop\/wp-json\/wp\/v2\/product_tag?post=6433"}],"curies":[{"name":"wp","href":"https:\/\/api.w.org\/{rel}","templated":true}]}}