{"id":6435,"date":"2025-12-18T19:29:23","date_gmt":"2025-12-18T22:29:23","guid":{"rendered":"https:\/\/anysexshop.com.ar\/shop\/?post_type=product&#038;p=6435"},"modified":"2026-03-04T20:38:04","modified_gmt":"2026-03-04T23:38:04","slug":"kit-de-iniciacion-anal","status":"publish","type":"product","link":"https:\/\/anysexshop.com.ar\/shop\/product\/kit-de-iniciacion-anal\/","title":{"rendered":"KIT DE INICIACION ANAL"},"content":{"rendered":"<body><p class=\"p1\"><span class=\"s1\">Kit Anal ST. Este kit est\u00e1 compuesto<span class=\"Apple-converted-space\">\u00a0\u00a0<\/span>por 5 piezas de diferentes formatos y medidas para poder estimular la zona anal de incomparables est\u00edmulos. A esto se le agrega una bullet para otorgarle vibraci\u00f3n adicional, si lo prefieres.<\/span><\/p>\n<p class=\"p1\"><span class=\"s1\"><strong>Caracter\u00edsticas.<\/strong><\/span><\/p>\n<p class=\"p1\"><span class=\"s1\">\u2022 Silicona 100% pura + ABS.<\/span><\/p>\n<p class=\"p1\"><span class=\"s1\">\u2022 100% Libre de Fthalatos.<\/span><\/p>\n<p class=\"p1\"><span class=\"s1\">\u2022 Hipo alerg\u00e9nico.<\/span><\/p>\n<p class=\"p1\"><span class=\"s1\">\u2022 Libre de l\u00e1tex.<\/span><\/p>\n<p class=\"p1\"><span class=\"s1\">\u2022 Estimulador anal.<\/span><\/p>\n<p class=\"p1\"><span class=\"s1\">\u2022 10 ritmos diferentes de vibraci\u00f3n.<\/span><\/p>\n<p class=\"p1\"><span class=\"s1\">\u2022 Longitud x di\u00e1metro: 14cm x 3.5cm. 14.2cm x 3.5cm. 10.5cm x 3.5cm. 10.4cm x 3.5cm.<\/span><\/p>\n<p class=\"p1\"><span class=\"s1\"><span class=\"Apple-converted-space\">\u00a0\u00a0<\/span>8.2cm x 3.5cm. Bullet: 6.3cm x 1.8cm.<\/span><\/p>\n<p class=\"p1\"><span class=\"s1\">\u2022 Peso: 241gr el Kit.<\/span><\/p>\n<p class=\"p1\"><span class=\"s1\">\u2022 Tiempo de carga: aprox. 45m.<\/span><\/p>\n<p class=\"p1\"><span class=\"s1\">\u2022 Tiempo de uso aprox. 50m.<\/span><\/p>\n<p class=\"p1\"><span class=\"s1\">\u2022 Recargable. Incluye cable de carga.<\/span><\/p>\n<p class=\"p1\"><span class=\"s1\">\u2022 Impermeable. No sumergible.<\/span><\/p>\n<\/body>","protected":false},"excerpt":{"rendered":"<p>Kit Anal ST. Este kit est\u00e1 compuesto\u00a0\u00a0por 5 piezas de diferentes formatos y medidas para poder estimular la zona anal de incomparables est\u00edmulos. A esto se le agrega una bullet para otorgarle vibraci\u00f3n adicional, si lo prefieres. Caracter\u00edsticas. \u2022 Silicona 100% pura + ABS. \u2022 100% Libre de Fthalatos. \u2022&hellip; <\/p>\n","protected":false},"featured_media":6436,"comment_status":"open","ping_status":"closed","template":"","meta":{"om_disable_all_campaigns":false},"product_brand":[],"product_cat":[57,206],"product_tag":[],"class_list":{"0":"post-6435","1":"product","2":"type-product","3":"status-publish","4":"has-post-thumbnail","6":"product_cat-anales","7":"product_cat-kits","9":"first","10":"instock","11":"shipping-taxable","12":"purchasable","13":"product-type-simple"},"jetpack_sharing_enabled":true,"_links":{"self":[{"href":"https:\/\/anysexshop.com.ar\/shop\/wp-json\/wp\/v2\/product\/6435","targetHints":{"allow":["GET"]}}],"collection":[{"href":"https:\/\/anysexshop.com.ar\/shop\/wp-json\/wp\/v2\/product"}],"about":[{"href":"https:\/\/anysexshop.com.ar\/shop\/wp-json\/wp\/v2\/types\/product"}],"replies":[{"embeddable":true,"href":"https:\/\/anysexshop.com.ar\/shop\/wp-json\/wp\/v2\/comments?post=6435"}],"wp:featuredmedia":[{"embeddable":true,"href":"https:\/\/anysexshop.com.ar\/shop\/wp-json\/wp\/v2\/media\/6436"}],"wp:attachment":[{"href":"https:\/\/anysexshop.com.ar\/shop\/wp-json\/wp\/v2\/media?parent=6435"}],"wp:term":[{"taxonomy":"product_brand","embeddable":true,"href":"https:\/\/anysexshop.com.ar\/shop\/wp-json\/wp\/v2\/product_brand?post=6435"},{"taxonomy":"product_cat","embeddable":true,"href":"https:\/\/anysexshop.com.ar\/shop\/wp-json\/wp\/v2\/product_cat?post=6435"},{"taxonomy":"product_tag","embeddable":true,"href":"https:\/\/anysexshop.com.ar\/shop\/wp-json\/wp\/v2\/product_tag?post=6435"}],"curies":[{"name":"wp","href":"https:\/\/api.w.org\/{rel}","templated":true}]}}