{"id":6441,"date":"2025-12-18T19:38:42","date_gmt":"2025-12-18T22:38:42","guid":{"rendered":"https:\/\/anysexshop.com.ar\/shop\/?post_type=product&#038;p=6441"},"modified":"2026-03-04T20:37:49","modified_gmt":"2026-03-04T23:37:49","slug":"plug-anal-red-rose-medium","status":"publish","type":"product","link":"https:\/\/anysexshop.com.ar\/shop\/product\/plug-anal-red-rose-medium\/","title":{"rendered":"PLUG ANAL RED ROSE MEDIUM"},"content":{"rendered":"<body><p class=\"p1\"><span class=\"s1\">Este plug anal de aleaci\u00f3n de aluminio de color plata , est\u00e1 dise\u00f1ado para ofrecerte un sinf\u00edn de sensaciones placenteras. Su forma c\u00f3nica es ideal para facilitar la inserci\u00f3n, estimularte y ofrecerte orgasmos incre\u00edbles y su Rosa Roja har\u00e1 realzar las fantas\u00edas de tu pareja al verte. Puedes jugar con la temperatura calent\u00e1ndolo o enfri\u00e1ndolo, esto a\u00f1adir\u00e1 excitaci\u00f3n a tus fantas\u00edas er\u00f3ticas.<\/span><\/p>\n<p class=\"p2\"><span class=\"s1\"><strong>Caracter\u00edsticas<\/strong><\/span><\/p>\n<p class=\"p2\"><span class=\"s1\">\u2022 Dilatador anal M.<\/span><\/p>\n<p class=\"p2\"><span class=\"s1\">\u2022 Medidas: longitud 7.8 cm di\u00e1metro 3.2 cm.<\/span><\/p>\n<p class=\"p2\"><span class=\"s1\">\u2022 Base ancha para un uso seguro.<\/span><\/p>\n<p class=\"p2\"><span class=\"s1\">\u2022 Engarce en la base emulando 1 Rosa Roja en ABS.<\/span><\/p>\n<p class=\"p2\"><span class=\"s1\">\u2022 Aleaci\u00f3n de Aluminio ultra-liso.<\/span><\/p>\n<p class=\"p2\"><span class=\"s1\">\u2022 No contiene N\u00edquel.<\/span><\/p>\n<p class=\"p2\"><span class=\"s1\">\u2022 Superficie no porosa.<\/span><\/p>\n<p class=\"p2\"><span class=\"s1\">\u2022 Ultra liviano.<\/span><\/p>\n<p class=\"p2\"><span class=\"s1\">\u2022 Eje delgado.<\/span><\/p>\n<p class=\"p2\"><span class=\"s1\">\u2022 Impermeable. No sumergible.<\/span><\/p>\n<\/body>","protected":false},"excerpt":{"rendered":"<p>Este plug anal de aleaci\u00f3n de aluminio de color plata , est\u00e1 dise\u00f1ado para ofrecerte un sinf\u00edn de sensaciones placenteras. Su forma c\u00f3nica es ideal para facilitar la inserci\u00f3n, estimularte y ofrecerte orgasmos incre\u00edbles y su Rosa Roja har\u00e1 realzar las fantas\u00edas de tu pareja al verte. Puedes jugar con&hellip; <\/p>\n","protected":false},"featured_media":6442,"comment_status":"open","ping_status":"closed","template":"","meta":{"om_disable_all_campaigns":false},"product_brand":[],"product_cat":[57],"product_tag":[],"class_list":{"0":"post-6441","1":"product","2":"type-product","3":"status-publish","4":"has-post-thumbnail","6":"product_cat-anales","8":"first","9":"outofstock","10":"shipping-taxable","11":"product-type-simple"},"jetpack_sharing_enabled":true,"_links":{"self":[{"href":"https:\/\/anysexshop.com.ar\/shop\/wp-json\/wp\/v2\/product\/6441","targetHints":{"allow":["GET"]}}],"collection":[{"href":"https:\/\/anysexshop.com.ar\/shop\/wp-json\/wp\/v2\/product"}],"about":[{"href":"https:\/\/anysexshop.com.ar\/shop\/wp-json\/wp\/v2\/types\/product"}],"replies":[{"embeddable":true,"href":"https:\/\/anysexshop.com.ar\/shop\/wp-json\/wp\/v2\/comments?post=6441"}],"wp:featuredmedia":[{"embeddable":true,"href":"https:\/\/anysexshop.com.ar\/shop\/wp-json\/wp\/v2\/media\/6442"}],"wp:attachment":[{"href":"https:\/\/anysexshop.com.ar\/shop\/wp-json\/wp\/v2\/media?parent=6441"}],"wp:term":[{"taxonomy":"product_brand","embeddable":true,"href":"https:\/\/anysexshop.com.ar\/shop\/wp-json\/wp\/v2\/product_brand?post=6441"},{"taxonomy":"product_cat","embeddable":true,"href":"https:\/\/anysexshop.com.ar\/shop\/wp-json\/wp\/v2\/product_cat?post=6441"},{"taxonomy":"product_tag","embeddable":true,"href":"https:\/\/anysexshop.com.ar\/shop\/wp-json\/wp\/v2\/product_tag?post=6441"}],"curies":[{"name":"wp","href":"https:\/\/api.w.org\/{rel}","templated":true}]}}