{"id":6467,"date":"2025-12-22T12:53:02","date_gmt":"2025-12-22T15:53:02","guid":{"rendered":"https:\/\/anysexshop.com.ar\/shop\/?post_type=product&#038;p=6467"},"modified":"2026-03-04T20:45:04","modified_gmt":"2026-03-04T23:45:04","slug":"anillo-vibrador-carga-usb-ideal-agarra-testiculos-y-vibra","status":"publish","type":"product","link":"https:\/\/anysexshop.com.ar\/shop\/product\/anillo-vibrador-carga-usb-ideal-agarra-testiculos-y-vibra\/","title":{"rendered":"ANILLO VIBRADOR CARGA USB IDEAL AGARRA TESTICULOS Y VIBRA"},"content":{"rendered":"<body><p>Este anillo s\u00ed que es diferente. Su dise\u00f1o est\u00e1 pensado para sujetar pene, test\u00edculos y su vibraci\u00f3n apoya directamente en perineo, te mantiene la erecci\u00f3n, te retarda la eyaculaci\u00f3n y adem\u00e1s te estimula como nadie el perineo con su vibraci\u00f3n. No pod\u00e9s pedir m\u00e1s.<\/p>\n<p>Modo de uso.<br>\nMantenga presionado el bot\u00f3n de encendido durante 3 segundos para encender \/ apagar, la luz indicadora se enciende y comienza a vibrar. Cada vez que se presiona el bot\u00f3n de encendido cambie el modo de vibraci\u00f3n. Durante la carga, la luz indicadora parpadea, despu\u00e9s de la carga completa, la luz sigue encendida. Cuando el producto se est\u00e1 cargando, el chip est\u00e1 en estado de protecci\u00f3n y no se puede encender.<\/p>\n<p>Caracter\u00edsticas.<br>\n\u2022 Silicona 100% pura + ABS.<br>\n\u2022 100% Libre de Fthalatos.<br>\n\u2022 Hipo alerg\u00e9nico.<br>\n\u2022 Libre de l\u00e1tex.<br>\n\u2022 1 Motor.<br>\n\u2022 10 frecuencias de vibraci\u00f3n.<br>\n\u2022 Medidas: 10 cm * 3.8 cm * 5.7 cm.<br>\n\u2022 Tiempo de carga: aprox. 30 m.<br>\n\u2022 Tiempo de uso aprox. 50 m.<br>\n\u2022 Peso: 48 gr.<br>\n\u2022 Recargable. Incluye cable de carga.<br>\n\u2022 Impermeable. No sumergible.<\/p>\n<\/body>","protected":false},"excerpt":{"rendered":"<p>Este anillo s\u00ed que es diferente. Su dise\u00f1o est\u00e1 pensado para sujetar pene, test\u00edculos y su vibraci\u00f3n apoya directamente en perineo, te mantiene la erecci\u00f3n, te retarda la eyaculaci\u00f3n y adem\u00e1s te estimula como nadie el perineo con su vibraci\u00f3n. No pod\u00e9s pedir m\u00e1s. Modo de uso. Mantenga presionado el&hellip; <\/p>\n","protected":false},"featured_media":6468,"comment_status":"open","ping_status":"closed","template":"","meta":{"om_disable_all_campaigns":false},"product_brand":[],"product_cat":[58],"product_tag":[],"class_list":{"0":"post-6467","1":"product","2":"type-product","3":"status-publish","4":"has-post-thumbnail","6":"product_cat-anillos","8":"first","9":"instock","10":"shipping-taxable","11":"purchasable","12":"product-type-simple"},"jetpack_sharing_enabled":true,"_links":{"self":[{"href":"https:\/\/anysexshop.com.ar\/shop\/wp-json\/wp\/v2\/product\/6467","targetHints":{"allow":["GET"]}}],"collection":[{"href":"https:\/\/anysexshop.com.ar\/shop\/wp-json\/wp\/v2\/product"}],"about":[{"href":"https:\/\/anysexshop.com.ar\/shop\/wp-json\/wp\/v2\/types\/product"}],"replies":[{"embeddable":true,"href":"https:\/\/anysexshop.com.ar\/shop\/wp-json\/wp\/v2\/comments?post=6467"}],"wp:featuredmedia":[{"embeddable":true,"href":"https:\/\/anysexshop.com.ar\/shop\/wp-json\/wp\/v2\/media\/6468"}],"wp:attachment":[{"href":"https:\/\/anysexshop.com.ar\/shop\/wp-json\/wp\/v2\/media?parent=6467"}],"wp:term":[{"taxonomy":"product_brand","embeddable":true,"href":"https:\/\/anysexshop.com.ar\/shop\/wp-json\/wp\/v2\/product_brand?post=6467"},{"taxonomy":"product_cat","embeddable":true,"href":"https:\/\/anysexshop.com.ar\/shop\/wp-json\/wp\/v2\/product_cat?post=6467"},{"taxonomy":"product_tag","embeddable":true,"href":"https:\/\/anysexshop.com.ar\/shop\/wp-json\/wp\/v2\/product_tag?post=6467"}],"curies":[{"name":"wp","href":"https:\/\/api.w.org\/{rel}","templated":true}]}}