{"id":6477,"date":"2025-12-22T13:00:27","date_gmt":"2025-12-22T16:00:27","guid":{"rendered":"https:\/\/anysexshop.com.ar\/shop\/?post_type=product&#038;p=6477"},"modified":"2026-03-04T20:44:36","modified_gmt":"2026-03-04T23:44:36","slug":"anillo-peneano-doble-con-carga-usb-jorge","status":"publish","type":"product","link":"https:\/\/anysexshop.com.ar\/shop\/product\/anillo-peneano-doble-con-carga-usb-jorge\/","title":{"rendered":"ANILLO PENEANO DOBLE CON CARGA USB JORGE"},"content":{"rendered":"<body><p class=\"p1\"><strong>Este\u00a0<\/strong>anillo peneano doble te ayudara a mantener la erecci\u00f3n y a retardar la eyaculaci\u00f3n. Colocado en la base del pene logra darle una erecci\u00f3n firme y al mismo que<span class=\"Apple-converted-space\">\u00a0\u00a0<\/span>evita su disfunci\u00f3n<span class=\"Apple-converted-space\">\u00a0\u00a0<\/span>estimulando cl\u00edtoris con su roce por medio de la penetraci\u00f3n. Su dise\u00f1o permite que ayude a sujetar tanto pene como test\u00edculos si as\u00ed lo desea en busca de una erecci\u00f3n a\u00fan m\u00e1s firme.<\/p>\n<p class=\"p1\"><strong>Modo de uso.<\/strong><\/p>\n<p class=\"p1\">Mantenga presionado el bot\u00f3n de encendido durante 3 segundos para encender \/ apagar, la luz indicadora se enciende y comienza a vibrar. Cada vez que se presiona el bot\u00f3n de encendido, cambie el modo de vibraci\u00f3n diferente. Durante la carga, la luz indicadora parpadea, despu\u00e9s de la carga completa, la luz sigue encendida. Cuando el producto se est\u00e1 cargando, el chip est\u00e1 en estado de protecci\u00f3n y no se puede encender.<\/p>\n<p class=\"p1\"><strong>Caracter\u00edsticas<\/strong><\/p>\n<p class=\"p1\">\u2022 Silicona 100% pura + ABS.<\/p>\n<p class=\"p1\">\u2022 100% Libre de Fthalatos.<span class=\"Apple-converted-space\">\u00a0<\/span><\/p>\n<p class=\"p1\">\u2022 Libre de l\u00e1tex.<\/p>\n<p class=\"p1\">\u2022 5 intensidades diferentes de vibraci\u00f3n.<span class=\"Apple-converted-space\">\u00a0<\/span><\/p>\n<p class=\"p1\">\u2022 5 frecuencias diferentes de vibraci\u00f3n.<\/p>\n<p class=\"p1\">\u2022 Adaptable a cualquier Pene.<\/p>\n<p class=\"p1\">\u2022 Bot\u00f3n de f\u00e1cil manejo.<\/p>\n<p class=\"p1\">\u2022<span class=\"Apple-converted-space\">\u00a0\u00a0<\/span>Medidas: 3 cm d.<\/p>\n<p class=\"p1\">\u2022 Alto: 10.9 cm.<span class=\"Apple-converted-space\">\u00a0<\/span><\/p>\n<p class=\"p1\">\u2022<span class=\"Apple-converted-space\">\u00a0<\/span>Bullet. Medidas: 5 cm.<\/p>\n<p class=\"p1\">\u2022 Peso: 64 gr.<\/p>\n<p class=\"p1\"><span class=\"Apple-converted-space\">\u2022\u00a0<\/span>Capacidad de bater\u00eda: aprox. 35 m.<\/p>\n<p class=\"p1\">\u2022 Tiempo de carga: aprox. 1.5 hs.<\/p>\n<p class=\"p1\">\u2022 Recargable. Incluye cable de carga.<span class=\"Apple-converted-space\">\u00a0<\/span><\/p>\n<p class=\"p1\">\u2022 Impermeable. No sumergible.<\/p>\n<\/body>","protected":false},"excerpt":{"rendered":"<p>Este\u00a0anillo peneano doble te ayudara a mantener la erecci\u00f3n y a retardar la eyaculaci\u00f3n. Colocado en la base del pene logra darle una erecci\u00f3n firme y al mismo que\u00a0\u00a0evita su disfunci\u00f3n\u00a0\u00a0estimulando cl\u00edtoris con su roce por medio de la penetraci\u00f3n. Su dise\u00f1o permite que ayude a sujetar tanto pene como&hellip; <\/p>\n","protected":false},"featured_media":6478,"comment_status":"open","ping_status":"closed","template":"","meta":{"om_disable_all_campaigns":false},"product_brand":[],"product_cat":[58],"product_tag":[],"class_list":{"0":"post-6477","1":"product","2":"type-product","3":"status-publish","4":"has-post-thumbnail","6":"product_cat-anillos","8":"first","9":"instock","10":"shipping-taxable","11":"purchasable","12":"product-type-simple"},"jetpack_sharing_enabled":true,"_links":{"self":[{"href":"https:\/\/anysexshop.com.ar\/shop\/wp-json\/wp\/v2\/product\/6477","targetHints":{"allow":["GET"]}}],"collection":[{"href":"https:\/\/anysexshop.com.ar\/shop\/wp-json\/wp\/v2\/product"}],"about":[{"href":"https:\/\/anysexshop.com.ar\/shop\/wp-json\/wp\/v2\/types\/product"}],"replies":[{"embeddable":true,"href":"https:\/\/anysexshop.com.ar\/shop\/wp-json\/wp\/v2\/comments?post=6477"}],"wp:featuredmedia":[{"embeddable":true,"href":"https:\/\/anysexshop.com.ar\/shop\/wp-json\/wp\/v2\/media\/6478"}],"wp:attachment":[{"href":"https:\/\/anysexshop.com.ar\/shop\/wp-json\/wp\/v2\/media?parent=6477"}],"wp:term":[{"taxonomy":"product_brand","embeddable":true,"href":"https:\/\/anysexshop.com.ar\/shop\/wp-json\/wp\/v2\/product_brand?post=6477"},{"taxonomy":"product_cat","embeddable":true,"href":"https:\/\/anysexshop.com.ar\/shop\/wp-json\/wp\/v2\/product_cat?post=6477"},{"taxonomy":"product_tag","embeddable":true,"href":"https:\/\/anysexshop.com.ar\/shop\/wp-json\/wp\/v2\/product_tag?post=6477"}],"curies":[{"name":"wp","href":"https:\/\/api.w.org\/{rel}","templated":true}]}}