{"id":6481,"date":"2025-12-22T17:58:43","date_gmt":"2025-12-22T20:58:43","guid":{"rendered":"https:\/\/anysexshop.com.ar\/shop\/?post_type=product&#038;p=6481"},"modified":"2026-03-04T20:35:11","modified_gmt":"2026-03-04T23:35:11","slug":"bala-vibradora-cara-usb-flower","status":"publish","type":"product","link":"https:\/\/anysexshop.com.ar\/shop\/product\/bala-vibradora-cara-usb-flower\/","title":{"rendered":"BALA VIBRADORA CARA USB FLOWER"},"content":{"rendered":"<body><p class=\"p1\"><span class=\"s1\">Hermosa bullet intensa de color azul y muy pr\u00e1ctica para llevarla con vos a donde quiera que vayas. \u00a1Su dise\u00f1o uniforme y colorido hace que puedas mezclarla entre tus cosm\u00e9ticos y nadie pueda darse cuenta de su funcionalidad! No te pierdas de sentir placer en el momento que surjan tus ganas.<\/span><\/p>\n<p class=\"p2\">\n<\/p><p class=\"p2\">\n<\/p><p class=\"p3\"><span class=\"s1\"><strong>Modo de uso.<\/strong><\/span><\/p>\n<p class=\"p3\"><span class=\"s1\">Mantenga presionado el bot\u00f3n de encendido durante 3 segundos para encender \/ apagar, la luz indicadora se enciende y comienza a vibrar. Cada vez que se presiona el bot\u00f3n de encendido, cambie el modo de vibraci\u00f3n diferente. Durante la carga, la luz indicadora parpadea, despu\u00e9s de la carga completa, la luz sigue encendida. Cuando el producto se est\u00e1 cargando, el chip est\u00e1 en estado de protecci\u00f3n y no se puede encender.<\/span><\/p>\n<p class=\"p3\"><span class=\"s1\"><strong>Caracter\u00edsticas<\/strong><\/span><\/p>\n<p class=\"p3\"><span class=\"s1\">\u2022 Silicona 100% pura + ABS.<\/span><\/p>\n<p class=\"p3\"><span class=\"s1\">\u2022 100% Libre de Fthalatos.<\/span><\/p>\n<p class=\"p3\"><span class=\"s1\">\u2022 Libre de l\u00e1tex.<\/span><\/p>\n<p class=\"p3\"><span class=\"s1\">\u2022 3 modos de vibraci\u00f3n lineal.<\/span><\/p>\n<p class=\"p3\"><span class=\"s1\">\u2022<span class=\"Apple-converted-space\">\u00a0\u00a0<\/span>7 ritmos diferentes de vibraci\u00f3n.<\/span><\/p>\n<p class=\"p3\"><span class=\"s1\">\u2022 Recargable. Incluye cable de carga.<\/span><\/p>\n<p class=\"p3\"><span class=\"s1\">\u2022 Tiempo de carga: aprox. 1.5 hs.<\/span><\/p>\n<p class=\"p3\"><span class=\"s1\">\u2022 Tiempo de uso: 1 hs.<\/span><\/p>\n<p class=\"p3\"><span class=\"s1\">\u2022 Tecla de f\u00e1cil manejo.<\/span><\/p>\n<p class=\"p3\"><span class=\"s1\">\u2022 Medidas: 7.8 cm x 2 cm.<\/span><\/p>\n<p class=\"p3\"><span class=\"s1\">\u2022 Peso: 27 gr.<\/span><\/p>\n<p class=\"p3\"><span class=\"s1\">\u2022 Impermeable. No sumergible.<\/span><\/p>\n<\/body>","protected":false},"excerpt":{"rendered":"<p>Hermosa bullet intensa de color azul y muy pr\u00e1ctica para llevarla con vos a donde quiera que vayas. \u00a1Su dise\u00f1o uniforme y colorido hace que puedas mezclarla entre tus cosm\u00e9ticos y nadie pueda darse cuenta de su funcionalidad! No te pierdas de sentir placer en el momento que surjan tus&hellip; <\/p>\n","protected":false},"featured_media":6482,"comment_status":"open","ping_status":"closed","template":"","meta":{"om_disable_all_campaigns":false},"product_brand":[],"product_cat":[60,68],"product_tag":[],"class_list":{"0":"post-6481","1":"product","2":"type-product","3":"status-publish","4":"has-post-thumbnail","6":"product_cat-balas-y-bolas-vaginales","7":"product_cat-succionadores-y-estimuladores-femeninos","9":"first","10":"instock","11":"shipping-taxable","12":"purchasable","13":"product-type-simple"},"jetpack_sharing_enabled":true,"_links":{"self":[{"href":"https:\/\/anysexshop.com.ar\/shop\/wp-json\/wp\/v2\/product\/6481","targetHints":{"allow":["GET"]}}],"collection":[{"href":"https:\/\/anysexshop.com.ar\/shop\/wp-json\/wp\/v2\/product"}],"about":[{"href":"https:\/\/anysexshop.com.ar\/shop\/wp-json\/wp\/v2\/types\/product"}],"replies":[{"embeddable":true,"href":"https:\/\/anysexshop.com.ar\/shop\/wp-json\/wp\/v2\/comments?post=6481"}],"wp:featuredmedia":[{"embeddable":true,"href":"https:\/\/anysexshop.com.ar\/shop\/wp-json\/wp\/v2\/media\/6482"}],"wp:attachment":[{"href":"https:\/\/anysexshop.com.ar\/shop\/wp-json\/wp\/v2\/media?parent=6481"}],"wp:term":[{"taxonomy":"product_brand","embeddable":true,"href":"https:\/\/anysexshop.com.ar\/shop\/wp-json\/wp\/v2\/product_brand?post=6481"},{"taxonomy":"product_cat","embeddable":true,"href":"https:\/\/anysexshop.com.ar\/shop\/wp-json\/wp\/v2\/product_cat?post=6481"},{"taxonomy":"product_tag","embeddable":true,"href":"https:\/\/anysexshop.com.ar\/shop\/wp-json\/wp\/v2\/product_tag?post=6481"}],"curies":[{"name":"wp","href":"https:\/\/api.w.org\/{rel}","templated":true}]}}