{"id":6486,"date":"2025-12-22T18:17:04","date_gmt":"2025-12-22T21:17:04","guid":{"rendered":"https:\/\/anysexshop.com.ar\/shop\/?post_type=product&#038;p=6486"},"modified":"2026-03-02T21:53:12","modified_gmt":"2026-03-03T00:53:12","slug":"vibrador-punto-g-a-pila","status":"publish","type":"product","link":"https:\/\/anysexshop.com.ar\/shop\/product\/vibrador-punto-g-a-pila\/","title":{"rendered":"VIBRADOR PUNTO G A PILA"},"content":{"rendered":"<body><p>Este estimulador suave y sedoso al tacto es muy potente. Su es perfecto para logar perfectamente rozar en la zona. Tiene el tama\u00f1o ideal. Podr\u00e1s experimentar una sensaci\u00f3n diferente a la estimulaci\u00f3n del cl\u00edtoris. Recuerda que para estimular punto G debes estar excitada. Caracter\u00edsticas: \u2022 Longitud total: 10 cm. \u2022 Di\u00e1metro: 1.3 cm. \u2022 Prende y apaga. 1 sola vibraci\u00f3n. \u2022 Material: ABS. \u2022 Impermeable. No sumergible. \u2022 Libre de phalatos. \u2022 Nivel de ruido: max. 60 dB. \u2022 Pila: 1 AA \u2013 (no incluida). \u2022 Libre de l\u00e1tex. \u2022 Utilizar lubricante a base de agua. \u2022 Higienizar con agua tibia y jab\u00f3n antibacteriano para Toys o neutro.<\/p>\n<\/body>","protected":false},"excerpt":{"rendered":"<p>Este estimulador suave y sedoso al tacto es muy potente. Su es perfecto para logar perfectamente rozar en la zona. Tiene el tama\u00f1o ideal. Podr\u00e1s experimentar una sensaci\u00f3n diferente a la estimulaci\u00f3n del cl\u00edtoris. Recuerda que para estimular punto G debes estar excitada. Caracter\u00edsticas: \u2022 Longitud total: 10 cm. \u2022&hellip; <\/p>\n","protected":false},"featured_media":6487,"comment_status":"open","ping_status":"closed","template":"","meta":{"om_disable_all_campaigns":false},"product_brand":[],"product_cat":[68,69],"product_tag":[],"class_list":{"0":"post-6486","1":"product","2":"type-product","3":"status-publish","4":"has-post-thumbnail","6":"product_cat-succionadores-y-estimuladores-femeninos","7":"product_cat-vibradores","9":"first","10":"instock","11":"shipping-taxable","12":"purchasable","13":"product-type-simple"},"jetpack_sharing_enabled":true,"_links":{"self":[{"href":"https:\/\/anysexshop.com.ar\/shop\/wp-json\/wp\/v2\/product\/6486","targetHints":{"allow":["GET"]}}],"collection":[{"href":"https:\/\/anysexshop.com.ar\/shop\/wp-json\/wp\/v2\/product"}],"about":[{"href":"https:\/\/anysexshop.com.ar\/shop\/wp-json\/wp\/v2\/types\/product"}],"replies":[{"embeddable":true,"href":"https:\/\/anysexshop.com.ar\/shop\/wp-json\/wp\/v2\/comments?post=6486"}],"wp:featuredmedia":[{"embeddable":true,"href":"https:\/\/anysexshop.com.ar\/shop\/wp-json\/wp\/v2\/media\/6487"}],"wp:attachment":[{"href":"https:\/\/anysexshop.com.ar\/shop\/wp-json\/wp\/v2\/media?parent=6486"}],"wp:term":[{"taxonomy":"product_brand","embeddable":true,"href":"https:\/\/anysexshop.com.ar\/shop\/wp-json\/wp\/v2\/product_brand?post=6486"},{"taxonomy":"product_cat","embeddable":true,"href":"https:\/\/anysexshop.com.ar\/shop\/wp-json\/wp\/v2\/product_cat?post=6486"},{"taxonomy":"product_tag","embeddable":true,"href":"https:\/\/anysexshop.com.ar\/shop\/wp-json\/wp\/v2\/product_tag?post=6486"}],"curies":[{"name":"wp","href":"https:\/\/api.w.org\/{rel}","templated":true}]}}