{"id":6490,"date":"2025-12-22T18:22:04","date_gmt":"2025-12-22T21:22:04","guid":{"rendered":"https:\/\/anysexshop.com.ar\/shop\/?post_type=product&#038;p=6490"},"modified":"2026-01-06T18:16:11","modified_gmt":"2026-01-06T21:16:11","slug":"succionador-y-vibrador-carga-usb-espectacular-modelo","status":"publish","type":"product","link":"https:\/\/anysexshop.com.ar\/shop\/product\/succionador-y-vibrador-carga-usb-espectacular-modelo\/","title":{"rendered":"succionador y vibrador carga usb espectacular modelo"},"content":{"rendered":"<body><ul>\n<li>\n<p class=\"p1\"><span class=\"s1\">Su intensa vibraci\u00f3n se concentra fuertemente en su cabezal. Este juguete es de uso vaginal puede transformase en Clitorial no solo por su vibraci\u00f3n, sino tambi\u00e9n<span class=\"Apple-converted-space\">\u00a0\u00a0<\/span>por medio de una funda por la cual emitir\u00e1 pulsaciones de frecuencia que har\u00e1n de \u00e9ste, el mejor estimulador.<\/span><\/p>\n<p class=\"p1\"><span class=\"s1\"><strong>Modo de uso.<\/strong><\/span><\/p>\n<p class=\"p1\"><span class=\"s1\">Mantenga presionado el bot\u00f3n de encendido durante 3 segundos para encender \/ apagar, la luz indicadora se enciende y comienza a vibrar. Cada vez que se presiona el bot\u00f3n de encendido, cambie el modo de vibraci\u00f3n diferente. Durante la<span class=\"Apple-converted-space\">\u00a0\u00a0<\/span>carga, la luz indicadora parpadea, despu\u00e9s de la carga completa, la luz sigue encendida. Cuando el producto se est\u00e1 cargando, el chip est\u00e1 en estado de protecci\u00f3n y no se puede encender.<span class=\"Apple-converted-space\">\u00a0\u00a0<\/span>Presione el bot\u00f3n de funci\u00f3n para ajustar los 10 modos de pulsaci\u00f3n de frecuencia. Presione el bot\u00f3n de encendido para ajustar los 10 modos de vibraci\u00f3n.<\/span><\/p>\n<p class=\"p1\"><span class=\"s1\"><strong>Caracter\u00edsticas<\/strong><\/span><\/p>\n<p class=\"p1\"><span class=\"s1\">\u2022 Silicona 100% pura + ABS.<\/span><\/p>\n<p class=\"p1\"><span class=\"s1\">\u2022 100% Libre de Fthalatos.<\/span><\/p>\n<p class=\"p1\"><span class=\"s1\">\u2022 Hipo alerg\u00e9nico.<\/span><\/p>\n<p class=\"p1\"><span class=\"s1\">\u2022 Libre de l\u00e1tex.<\/span><\/p>\n<p class=\"p1\"><span class=\"s1\">\u2022 Doble cabezal. Vibraci\u00f3n y pulsi\u00f3n.<\/span><\/p>\n<p class=\"p1\"><span class=\"s1\">\u2022 2 botones. 10 modos diferentes de vibraci\u00f3n.10 modos de pulsi\u00f3n.<\/span><\/p>\n<p class=\"p1\"><span class=\"s1\">\u2022 Longitud total: 19.3cm. Di\u00e1metro: 3.7 cm.<\/span><\/p>\n<p class=\"p1\"><span class=\"s1\">\u2022 Peso: 100 gr.<\/span><\/p>\n<p class=\"p1\"><span class=\"s1\">\u2022 Tiempo de carga: aprox. 1.5 hs.<\/span><\/p>\n<p class=\"p1\"><span class=\"s1\">\u2022 Tiempo de uso aprox. 1 hs.<\/span><\/p>\n<p class=\"p1\"><span class=\"s1\">\u2022 Recargable. Incluye cable de carga.<\/span><\/p>\n<p class=\"p1\"><span class=\"s1\">\u2022 Impermeable. No sumergible.<\/span><\/p>\n<\/li>\n<\/ul>\n<\/body>","protected":false},"excerpt":{"rendered":"<p>Su intensa vibraci\u00f3n se concentra fuertemente en su cabezal. Este juguete es de uso vaginal puede transformase en Clitorial no solo por su vibraci\u00f3n, sino tambi\u00e9n\u00a0\u00a0por medio de una funda por la cual emitir\u00e1 pulsaciones de frecuencia que har\u00e1n de \u00e9ste, el mejor estimulador. Modo de uso. Mantenga presionado el&hellip; <\/p>\n","protected":false},"featured_media":6491,"comment_status":"open","ping_status":"closed","template":"","meta":{"om_disable_all_campaigns":false},"product_brand":[],"product_cat":[68,69],"product_tag":[],"class_list":{"0":"post-6490","1":"product","2":"type-product","3":"status-publish","4":"has-post-thumbnail","6":"product_cat-succionadores-y-estimuladores-femeninos","7":"product_cat-vibradores","9":"first","10":"outofstock","11":"shipping-taxable","12":"product-type-simple"},"jetpack_sharing_enabled":true,"_links":{"self":[{"href":"https:\/\/anysexshop.com.ar\/shop\/wp-json\/wp\/v2\/product\/6490","targetHints":{"allow":["GET"]}}],"collection":[{"href":"https:\/\/anysexshop.com.ar\/shop\/wp-json\/wp\/v2\/product"}],"about":[{"href":"https:\/\/anysexshop.com.ar\/shop\/wp-json\/wp\/v2\/types\/product"}],"replies":[{"embeddable":true,"href":"https:\/\/anysexshop.com.ar\/shop\/wp-json\/wp\/v2\/comments?post=6490"}],"wp:featuredmedia":[{"embeddable":true,"href":"https:\/\/anysexshop.com.ar\/shop\/wp-json\/wp\/v2\/media\/6491"}],"wp:attachment":[{"href":"https:\/\/anysexshop.com.ar\/shop\/wp-json\/wp\/v2\/media?parent=6490"}],"wp:term":[{"taxonomy":"product_brand","embeddable":true,"href":"https:\/\/anysexshop.com.ar\/shop\/wp-json\/wp\/v2\/product_brand?post=6490"},{"taxonomy":"product_cat","embeddable":true,"href":"https:\/\/anysexshop.com.ar\/shop\/wp-json\/wp\/v2\/product_cat?post=6490"},{"taxonomy":"product_tag","embeddable":true,"href":"https:\/\/anysexshop.com.ar\/shop\/wp-json\/wp\/v2\/product_tag?post=6490"}],"curies":[{"name":"wp","href":"https:\/\/api.w.org\/{rel}","templated":true}]}}