{"id":6492,"date":"2025-12-22T18:28:46","date_gmt":"2025-12-22T21:28:46","guid":{"rendered":"https:\/\/anysexshop.com.ar\/shop\/?post_type=product&#038;p=6492"},"modified":"2026-03-02T21:53:03","modified_gmt":"2026-03-03T00:53:03","slug":"estimulador-prostatito-ergonomico-con-control-remoto","status":"publish","type":"product","link":"https:\/\/anysexshop.com.ar\/shop\/product\/estimulador-prostatito-ergonomico-con-control-remoto\/","title":{"rendered":"estimulador prostatito ergonomico con control remoto"},"content":{"rendered":"<body><p>Estimulador prost\u00e1tico, ergon\u00f3mico, suave al tacto y muy intenso en sus 10 frecuencias de vibraci\u00f3n. Su dise\u00f1o de dos motores hace que la vibracion se reparta a lo largo de todo el juguete; estimulando a su vez pr\u00f3stata y perineo. Su control remoto a distancia te dar\u00e1 la posiblilidad de poder cambiar las frecuencias de vibraci\u00f3n, sin necesidad de tener que tocar el comando del juguete. Atrevete a darle el control a tu pareja, puede resultarte muy divertido. (hasta 10 M de acance)<br>\nModo de uso.<br>\nMantenga presionado el bot\u00f3n de encendido durante 3 segundos para encender \/ apagar, la luz indicadora se enciende y comienza a vibrar. Cada vez que se presiona el bot\u00f3n de encendido cambie el modo de vibraci\u00f3n. Durante la carga, la luz indicadora parpadea, despu\u00e9s de la carga completa, la luz sigue encendida. Cuando el producto se est\u00e1 cargando, el chip est\u00e1 en estado de protecci\u00f3n y no se puede encender.<\/p>\n<p>Caracter\u00edsticas.<br>\n\u2022 Silicona 100% pura + ABS.<br>\n\u2022 100% Libre de Fthalatos.<br>\n\u2022 Hipo alerg\u00e9nico.<br>\n\u2022 Libre de l\u00e1tex.<br>\n\u2022 Estimulador de cl\u00edtoris y punto G.<br>\n\u2022 2 Motores.<br>\n\u2022 10 frecuencias diferentes de vibraci\u00f3n.<br>\n\u2022 Medidas: 11 cm * 8.4 cm * 3 cm.<br>\n\u2022 Tiempo de carga: aprox. 120 m.<br>\n\u2022 Tiempo de uso aprox. 50 m.<br>\n\u2022 Peso: 88 gr.<br>\n\u2022 Recargable. Incluye cable de carga.<br>\n\u2022 Impermeable. No sumergible.<\/p>\n<\/body>","protected":false},"excerpt":{"rendered":"<p>Estimulador prost\u00e1tico, ergon\u00f3mico, suave al tacto y muy intenso en sus 10 frecuencias de vibraci\u00f3n. Su dise\u00f1o de dos motores hace que la vibracion se reparta a lo largo de todo el juguete; estimulando a su vez pr\u00f3stata y perineo. Su control remoto a distancia te dar\u00e1 la posiblilidad de&hellip; <\/p>\n","protected":false},"featured_media":6493,"comment_status":"open","ping_status":"closed","template":"","meta":{"om_disable_all_campaigns":false},"product_brand":[],"product_cat":[57,69],"product_tag":[],"class_list":{"0":"post-6492","1":"product","2":"type-product","3":"status-publish","4":"has-post-thumbnail","6":"product_cat-anales","7":"product_cat-vibradores","9":"first","10":"instock","11":"shipping-taxable","12":"purchasable","13":"product-type-simple"},"jetpack_sharing_enabled":true,"_links":{"self":[{"href":"https:\/\/anysexshop.com.ar\/shop\/wp-json\/wp\/v2\/product\/6492","targetHints":{"allow":["GET"]}}],"collection":[{"href":"https:\/\/anysexshop.com.ar\/shop\/wp-json\/wp\/v2\/product"}],"about":[{"href":"https:\/\/anysexshop.com.ar\/shop\/wp-json\/wp\/v2\/types\/product"}],"replies":[{"embeddable":true,"href":"https:\/\/anysexshop.com.ar\/shop\/wp-json\/wp\/v2\/comments?post=6492"}],"wp:featuredmedia":[{"embeddable":true,"href":"https:\/\/anysexshop.com.ar\/shop\/wp-json\/wp\/v2\/media\/6493"}],"wp:attachment":[{"href":"https:\/\/anysexshop.com.ar\/shop\/wp-json\/wp\/v2\/media?parent=6492"}],"wp:term":[{"taxonomy":"product_brand","embeddable":true,"href":"https:\/\/anysexshop.com.ar\/shop\/wp-json\/wp\/v2\/product_brand?post=6492"},{"taxonomy":"product_cat","embeddable":true,"href":"https:\/\/anysexshop.com.ar\/shop\/wp-json\/wp\/v2\/product_cat?post=6492"},{"taxonomy":"product_tag","embeddable":true,"href":"https:\/\/anysexshop.com.ar\/shop\/wp-json\/wp\/v2\/product_tag?post=6492"}],"curies":[{"name":"wp","href":"https:\/\/api.w.org\/{rel}","templated":true}]}}