{"id":6496,"date":"2025-12-22T18:30:57","date_gmt":"2025-12-22T21:30:57","guid":{"rendered":"https:\/\/anysexshop.com.ar\/shop\/?post_type=product&#038;p=6496"},"modified":"2026-01-12T14:48:52","modified_gmt":"2026-01-12T17:48:52","slug":"bala-vaginal-huevo-carga-usb-con-control-remoto","status":"publish","type":"product","link":"https:\/\/anysexshop.com.ar\/shop\/product\/bala-vaginal-huevo-carga-usb-con-control-remoto\/","title":{"rendered":"bala vaginal huevo carga usb con control remoto"},"content":{"rendered":"<body><p class=\"p1\"><span class=\"s1\">Bullet vaginal a control remoto perfectamente cubierto con una suave y sedosa superficie de silicona.<\/span><\/p>\n<p class=\"p1\"><span class=\"s1\">Su funci\u00f3n es estimular de manera intensa la vagina y justamente por eso tambi\u00e9n se trasforma en un estimulador<span class=\"Apple-converted-space\">\u00a0 \u00a0\u00a0<\/span>de cl\u00edtoris muy interesante. Es uno de los juguetes m\u00e1s vendidos para utilizar en pareja y poder divertirse ambos con su uso. No duden en jugar fuera de casa. \u00a1Lo van a disfrutar!<\/span><\/p>\n<p class=\"p1\"><span class=\"s1\"><strong>MODO DE USO.<\/strong><\/span><\/p>\n<p class=\"p1\"><span class=\"s1\">Mantenga presionado el bot\u00f3n de encendido durante 3 segundos para encender \/ apagar, la luz indicadora se enciende y comienza a vibrar. Cada vez que se presiona el bot\u00f3n de encendido, cambie el modo de vibraci\u00f3n diferente. Durante la carga, la luz indicadora parpadea, despu\u00e9s de la carga completa, la luz sigue encendida. Cuando el producto se est\u00e1 cargando, el chip est\u00e1 en estado de protecci\u00f3n y no se puede encender.<\/span><\/p>\n<p class=\"p2\"><span class=\"s1\"><strong>Caracter\u00edsticas.<\/strong><\/span><\/p>\n<p class=\"p2\"><span class=\"s1\">\u2022 Silicona 100% pura.<\/span><\/p>\n<p class=\"p2\"><span class=\"s1\">\u2022 100% Libre de Fthalatos.<\/span><\/p>\n<p class=\"p2\"><span class=\"s1\"><span class=\"Apple-converted-space\">\u00a0\u00a0\u00a0<\/span>\u2022 Hipo alerg\u00e9nico.<\/span><\/p>\n<p class=\"p2\"><span class=\"s1\"><span class=\"Apple-converted-space\">\u00a0\u00a0\u00a0<\/span>\u2022 Libre de l\u00e1tex.<\/span><\/p>\n<p class=\"p2\"><span class=\"s1\"><span class=\"Apple-converted-space\">\u00a0\u00a0\u00a0<\/span>\u2022 Silencioso y discreto.<\/span><\/p>\n<p class=\"p2\"><span class=\"s1\"><span class=\"Apple-converted-space\">\u00a0\u00a0\u00a0<\/span>\u2022 4 velocidades lineales y 7 ritmos de vibraci\u00f3n.<\/span><\/p>\n<p class=\"p2\"><span class=\"s1\"><span class=\"Apple-converted-space\">\u00a0\u00a0\u00a0<\/span>\u2022 Teclas de f\u00e1cil manejo con un solo bot\u00f3n desde el juguete.<\/span><\/p>\n<p class=\"p2\"><span class=\"s1\"><span class=\"Apple-converted-space\">\u00a0\u00a0\u00a0<\/span>\u2022 Puede manejarse desde el juguete mismo o con el control remoto.<\/span><\/p>\n<p class=\"p2\"><span class=\"s1\">\u2022 Medidas: 3.3 cm * 7.6 cm.<\/span><\/p>\n<p class=\"p2\"><span class=\"s1\">\u2022 Recargable. Incluye cable de carga.<\/span><\/p>\n<p class=\"p2\"><span class=\"s1\">\u2022 Capacidad de bater\u00eda: aprox. 30m.<\/span><\/p>\n<p class=\"p2\"><span class=\"s1\">\u2022 Tiempo de carga: 70 m.<\/span><\/p>\n<p class=\"p1\"><span class=\"s1\">\u2022 Impermeable. No sumergible.<\/span><\/p>\n<\/body>","protected":false},"excerpt":{"rendered":"<p>Bullet vaginal a control remoto perfectamente cubierto con una suave y sedosa superficie de silicona. Su funci\u00f3n es estimular de manera intensa la vagina y justamente por eso tambi\u00e9n se trasforma en un estimulador\u00a0 \u00a0\u00a0de cl\u00edtoris muy interesante. Es uno de los juguetes m\u00e1s vendidos para utilizar en pareja y&hellip; <\/p>\n","protected":false},"featured_media":6497,"comment_status":"open","ping_status":"closed","template":"","meta":{"om_disable_all_campaigns":false},"product_brand":[],"product_cat":[15],"product_tag":[],"class_list":{"0":"post-6496","1":"product","2":"type-product","3":"status-publish","4":"has-post-thumbnail","6":"product_cat-combos","8":"first","9":"instock","10":"sale","11":"shipping-taxable","12":"purchasable","13":"product-type-simple"},"jetpack_sharing_enabled":true,"_links":{"self":[{"href":"https:\/\/anysexshop.com.ar\/shop\/wp-json\/wp\/v2\/product\/6496","targetHints":{"allow":["GET"]}}],"collection":[{"href":"https:\/\/anysexshop.com.ar\/shop\/wp-json\/wp\/v2\/product"}],"about":[{"href":"https:\/\/anysexshop.com.ar\/shop\/wp-json\/wp\/v2\/types\/product"}],"replies":[{"embeddable":true,"href":"https:\/\/anysexshop.com.ar\/shop\/wp-json\/wp\/v2\/comments?post=6496"}],"wp:featuredmedia":[{"embeddable":true,"href":"https:\/\/anysexshop.com.ar\/shop\/wp-json\/wp\/v2\/media\/6497"}],"wp:attachment":[{"href":"https:\/\/anysexshop.com.ar\/shop\/wp-json\/wp\/v2\/media?parent=6496"}],"wp:term":[{"taxonomy":"product_brand","embeddable":true,"href":"https:\/\/anysexshop.com.ar\/shop\/wp-json\/wp\/v2\/product_brand?post=6496"},{"taxonomy":"product_cat","embeddable":true,"href":"https:\/\/anysexshop.com.ar\/shop\/wp-json\/wp\/v2\/product_cat?post=6496"},{"taxonomy":"product_tag","embeddable":true,"href":"https:\/\/anysexshop.com.ar\/shop\/wp-json\/wp\/v2\/product_tag?post=6496"}],"curies":[{"name":"wp","href":"https:\/\/api.w.org\/{rel}","templated":true}]}}