{"id":6509,"date":"2025-12-22T18:54:41","date_gmt":"2025-12-22T21:54:41","guid":{"rendered":"https:\/\/anysexshop.com.ar\/shop\/?post_type=product&#038;p=6509"},"modified":"2026-02-27T11:43:55","modified_gmt":"2026-02-27T14:43:55","slug":"consolador-real-cock-7-con-sopapa","status":"publish","type":"product","link":"https:\/\/anysexshop.com.ar\/shop\/product\/consolador-real-cock-7-con-sopapa\/","title":{"rendered":"CONSOLADOR REAL COCK 7 CON SOPAPA"},"content":{"rendered":"<body><p class=\"p1\"><span class=\"s1\">Este dildo macizo est\u00e1 pensado para que puedas disfrutarlo colocado en superficies no porosas, con una robusta ventosa de muy buena adherencia. Su dise\u00f1o de color natural es ideal para aquellas personas que buscan un juguete dentro de lo convencional. Textura s\u00faper real. Puede utilizarse perfectamente con arn\u00e9s.<\/span><\/p>\n<p class=\"p2\"><span class=\"s1\"><strong>Caracter\u00edsticas.<\/strong><\/span><\/p>\n<p class=\"p2\"><span class=\"s1\">\u2022\u00a0<span class=\"Apple-converted-space\">\u00a0 \u00a0 \u00a0 \u00a0 \u00a0\u00a0<\/span>Dildo real\u00edstico.<\/span><\/p>\n<p class=\"p2\"><span class=\"s1\">\u2022\u00a0<span class=\"Apple-converted-space\">\u00a0 \u00a0 \u00a0 \u00a0 \u00a0\u00a0<\/span>Venas en relieve para una mayor satisfacci\u00f3n.<\/span><\/p>\n<p class=\"p2\"><span class=\"s1\">\u2022\u00a0<span class=\"Apple-converted-space\">\u00a0 \u00a0 \u00a0 \u00a0 \u00a0\u00a0<\/span>Textura: venosa y suave.<\/span><\/p>\n<p class=\"p2\"><span class=\"s1\">\u2022<span class=\"Apple-converted-space\">\u00a0 \u00a0 \u00a0 \u00a0 \u00a0 \u00a0\u00a0<\/span>Libre de l\u00e1tex.<\/span><\/p>\n<p class=\"p2\"><span class=\"s1\">\u2022<span class=\"Apple-converted-space\">\u00a0 \u00a0 \u00a0 \u00a0 \u00a0 \u00a0\u00a0<\/span>100% Libre de Fthalatos.<\/span><\/p>\n<p class=\"p2\"><span class=\"s1\">\u2022\u00a0<span class=\"Apple-converted-space\">\u00a0 \u00a0 \u00a0 \u00a0 \u00a0\u00a0<\/span>Sumergible.<\/span><\/p>\n<p class=\"p2\"><span class=\"s1\">\u2022\u00a0<span class=\"Apple-converted-space\">\u00a0 \u00a0 \u00a0 \u00a0 \u00a0\u00a0<\/span>Color Natural.<\/span><\/p>\n<p class=\"p2\"><span class=\"s1\">\u2022\u00a0<span class=\"Apple-converted-space\">\u00a0 \u00a0 \u00a0 \u00a0 \u00a0\u00a0<\/span>Medidas: longitud total 22 cm, longitud insertable 17.5 cm, di\u00e1metro 4.3 cm .<\/span><\/p>\n<\/body>","protected":false},"excerpt":{"rendered":"<p>Este dildo macizo est\u00e1 pensado para que puedas disfrutarlo colocado en superficies no porosas, con una robusta ventosa de muy buena adherencia. Su dise\u00f1o de color natural es ideal para aquellas personas que buscan un juguete dentro de lo convencional. Textura s\u00faper real. Puede utilizarse perfectamente con arn\u00e9s. Caracter\u00edsticas. \u2022\u00a0\u00a0&hellip; <\/p>\n","protected":false},"featured_media":6510,"comment_status":"open","ping_status":"closed","template":"","meta":{"om_disable_all_campaigns":false},"product_brand":[],"product_cat":[62],"product_tag":[],"class_list":{"0":"post-6509","1":"product","2":"type-product","3":"status-publish","4":"has-post-thumbnail","6":"product_cat-consoladores","8":"first","9":"instock","10":"shipping-taxable","11":"purchasable","12":"product-type-simple"},"jetpack_sharing_enabled":true,"_links":{"self":[{"href":"https:\/\/anysexshop.com.ar\/shop\/wp-json\/wp\/v2\/product\/6509","targetHints":{"allow":["GET"]}}],"collection":[{"href":"https:\/\/anysexshop.com.ar\/shop\/wp-json\/wp\/v2\/product"}],"about":[{"href":"https:\/\/anysexshop.com.ar\/shop\/wp-json\/wp\/v2\/types\/product"}],"replies":[{"embeddable":true,"href":"https:\/\/anysexshop.com.ar\/shop\/wp-json\/wp\/v2\/comments?post=6509"}],"wp:featuredmedia":[{"embeddable":true,"href":"https:\/\/anysexshop.com.ar\/shop\/wp-json\/wp\/v2\/media\/6510"}],"wp:attachment":[{"href":"https:\/\/anysexshop.com.ar\/shop\/wp-json\/wp\/v2\/media?parent=6509"}],"wp:term":[{"taxonomy":"product_brand","embeddable":true,"href":"https:\/\/anysexshop.com.ar\/shop\/wp-json\/wp\/v2\/product_brand?post=6509"},{"taxonomy":"product_cat","embeddable":true,"href":"https:\/\/anysexshop.com.ar\/shop\/wp-json\/wp\/v2\/product_cat?post=6509"},{"taxonomy":"product_tag","embeddable":true,"href":"https:\/\/anysexshop.com.ar\/shop\/wp-json\/wp\/v2\/product_tag?post=6509"}],"curies":[{"name":"wp","href":"https:\/\/api.w.org\/{rel}","templated":true}]}}