{"id":6526,"date":"2025-12-22T19:26:57","date_gmt":"2025-12-22T22:26:57","guid":{"rendered":"https:\/\/anysexshop.com.ar\/shop\/?post_type=product&#038;p=6526"},"modified":"2026-03-02T21:52:15","modified_gmt":"2026-03-03T00:52:15","slug":"vibrador-con-usb-luly-10","status":"publish","type":"product","link":"https:\/\/anysexshop.com.ar\/shop\/product\/vibrador-con-usb-luly-10\/","title":{"rendered":"VIBRADOR CON USB LULY 10"},"content":{"rendered":"<body><p class=\"p1\"><span class=\"s1\">Buscas un juguete para descubrirte y conocerte mejor? Este vibrador recargable de doble estimulaci\u00f3n, te llevar\u00e1 a otro universo por su hermoso dise\u00f1o e intensidad. Su material de silicona aterciopelada te garantizar\u00e1 un \u00f3ptimo placer.<span class=\"Apple-converted-space\">\u00a0\u00a0<\/span>Su estimulador Clitorial amplio har\u00e1 que puedas lograr mejor apoyo y llegar a una gran excitaci\u00f3n. Ideal sentirse plenas. Su vaginal curvo y amplio, har\u00e1 que puedas disfrutar del apoyo perfecto en Punto G. Totalmente silencioso y discreto.<\/span><\/p>\n<p class=\"p1\"><span class=\"s1\"><strong>Modo de uso.<\/strong><\/span><\/p>\n<p class=\"p1\"><span class=\"s1\">Mantenga presionado el bot\u00f3n de encendido durante 3 segundos para encender \/ apagar, la luz indicadora se enciende y comienza a vibrar. Cada vez que se presiona el bot\u00f3n de encendido, cambie el modo de vibraci\u00f3n diferente. Durante la<span class=\"Apple-converted-space\">\u00a0\u00a0<\/span>carga, la luz indicadora parpadea, despu\u00e9s de la carga completa, la luz sigue encendida. Cuando el producto se est\u00e1 cargando, el chip est\u00e1 en estado de protecci\u00f3n y no se puede encender.<\/span><\/p>\n<p class=\"p2\"><span class=\"s1\"><strong>Caracter\u00edsticas<\/strong><\/span><\/p>\n<p class=\"p2\"><span class=\"s1\"><strong>\u2022\u00a0<\/strong>Vibrador.<\/span><\/p>\n<p class=\"p2\"><span class=\"s1\">\u2022 Silicona 100% pura + ABS.<\/span><\/p>\n<p class=\"p2\"><span class=\"s1\">\u2022 100% Libre de Fthalatos.<\/span><\/p>\n<p class=\"p2\"><span class=\"s1\">\u2022 Hipo alerg\u00e9nico.<\/span><\/p>\n<p class=\"p2\"><span class=\"s1\">\u2022 Libre de l\u00e1tex.<\/span><\/p>\n<p class=\"p2\"><span class=\"s1\">\u2022 Dise\u00f1o Ergon\u00f3mico punto G. + cl\u00edtoris.<\/span><\/p>\n<p class=\"p2\"><span class=\"s1\">\u2022 10 ritmos diferentes de vibraci\u00f3n.<\/span><\/p>\n<p class=\"p2\"><span class=\"s1\">\u2022 Dos motores.<\/span><\/p>\n<p class=\"p2\"><span class=\"s1\">\u2022 Medidas: 20 cm x 3.7 cm x 3.7 cm.<\/span><\/p>\n<p class=\"p2\"><span class=\"s1\">\u2022 Recargable. Incluye cable de carga.<\/span><\/p>\n<p class=\"p2\"><span class=\"s1\">\u2022<span class=\"Apple-converted-space\">\u00a0<\/span>Tiempo de carga: 3 hs.<\/span><\/p>\n<p class=\"p2\"><span class=\"s1\">\u2022 Tiempo de uso: 1.5 hs.<\/span><\/p>\n<p class=\"p2\"><span class=\"s1\">\u2022 Impermeable. No sumergible.<\/span><\/p>\n<\/body>","protected":false},"excerpt":{"rendered":"<p>Buscas un juguete para descubrirte y conocerte mejor? Este vibrador recargable de doble estimulaci\u00f3n, te llevar\u00e1 a otro universo por su hermoso dise\u00f1o e intensidad. Su material de silicona aterciopelada te garantizar\u00e1 un \u00f3ptimo placer.\u00a0\u00a0Su estimulador Clitorial amplio har\u00e1 que puedas lograr mejor apoyo y llegar a una gran excitaci\u00f3n.&hellip; <\/p>\n","protected":false},"featured_media":6527,"comment_status":"open","ping_status":"closed","template":"","meta":{"om_disable_all_campaigns":false},"product_brand":[],"product_cat":[69],"product_tag":[],"class_list":{"0":"post-6526","1":"product","2":"type-product","3":"status-publish","4":"has-post-thumbnail","6":"product_cat-vibradores","8":"first","9":"instock","10":"shipping-taxable","11":"purchasable","12":"product-type-simple"},"jetpack_sharing_enabled":true,"_links":{"self":[{"href":"https:\/\/anysexshop.com.ar\/shop\/wp-json\/wp\/v2\/product\/6526","targetHints":{"allow":["GET"]}}],"collection":[{"href":"https:\/\/anysexshop.com.ar\/shop\/wp-json\/wp\/v2\/product"}],"about":[{"href":"https:\/\/anysexshop.com.ar\/shop\/wp-json\/wp\/v2\/types\/product"}],"replies":[{"embeddable":true,"href":"https:\/\/anysexshop.com.ar\/shop\/wp-json\/wp\/v2\/comments?post=6526"}],"wp:featuredmedia":[{"embeddable":true,"href":"https:\/\/anysexshop.com.ar\/shop\/wp-json\/wp\/v2\/media\/6527"}],"wp:attachment":[{"href":"https:\/\/anysexshop.com.ar\/shop\/wp-json\/wp\/v2\/media?parent=6526"}],"wp:term":[{"taxonomy":"product_brand","embeddable":true,"href":"https:\/\/anysexshop.com.ar\/shop\/wp-json\/wp\/v2\/product_brand?post=6526"},{"taxonomy":"product_cat","embeddable":true,"href":"https:\/\/anysexshop.com.ar\/shop\/wp-json\/wp\/v2\/product_cat?post=6526"},{"taxonomy":"product_tag","embeddable":true,"href":"https:\/\/anysexshop.com.ar\/shop\/wp-json\/wp\/v2\/product_tag?post=6526"}],"curies":[{"name":"wp","href":"https:\/\/api.w.org\/{rel}","templated":true}]}}