{"id":6530,"date":"2025-12-22T19:32:43","date_gmt":"2025-12-22T22:32:43","guid":{"rendered":"https:\/\/anysexshop.com.ar\/shop\/?post_type=product&#038;p=6530"},"modified":"2026-02-28T14:31:15","modified_gmt":"2026-02-28T17:31:15","slug":"vibrador-doble-estimulador-carga-usb-cindy","status":"publish","type":"product","link":"https:\/\/anysexshop.com.ar\/shop\/product\/vibrador-doble-estimulador-carga-usb-cindy\/","title":{"rendered":"VIBRADOR DOBLE ESTIMULADOR CARGA USB CINDY"},"content":{"rendered":"<body><p class=\"p1\"><span class=\"s1\">Este vibrador recargable de doble estimulaci\u00f3n con su extremo curvo, te llevar\u00e1 a otro universo con su hermoso dise\u00f1o e intensidad. Su estimulador Clitorial con forma de conejo, har\u00e1 que puedas llegar a una gran excitaci\u00f3n. Su vaginal curvo y ondulado a la altura del punto G, har\u00e1 que puedas llegar hasta la profundidad de la vagina f\u00e1cilmente y rozar la zona conjuntamente. Totalmente silencioso y discreto.<\/span><\/p>\n<p class=\"p2\">\n<\/p><p class=\"p1\"><span class=\"s1\"><strong>Modo de uso.<\/strong><\/span><\/p>\n<p class=\"p1\"><span class=\"s1\">Mantenga presionado el bot\u00f3n de encendido durante 3 segundos para encender \/ apagar, la luz indicadora se enciende y comienza a vibrar. Cada vez que se presiona el bot\u00f3n de encendido, cambie el modo de vibraci\u00f3n diferente. Durante la<span class=\"Apple-converted-space\">\u00a0\u00a0<\/span>carga, la luz indicadora parpadea, despu\u00e9s de la carga completa, la luz sigue encendida. Cuando el producto se est\u00e1 cargando, el chip est\u00e1 en estado de protecci\u00f3n y no se puede encender.<\/span><\/p>\n<p class=\"p2\">\n<\/p><p class=\"p1\"><span class=\"s1\"><strong>Caracter\u00edsticas.<\/strong><\/span><\/p>\n<p class=\"p1\"><span class=\"s1\">\u2022 Silicona 100% pura +ABS.<\/span><\/p>\n<p class=\"p1\"><span class=\"s1\">\u2022 100% Libre de Fthalatos.<\/span><\/p>\n<p class=\"p1\"><span class=\"s1\">\u2022 Hipo alerg\u00e9nico.<\/span><\/p>\n<p class=\"p1\"><span class=\"s1\">\u2022 Libre de l\u00e1tex.<\/span><\/p>\n<p class=\"p1\"><span class=\"s1\">\u2022 Dise\u00f1o Ergon\u00f3mico vaginal + cl\u00edtoris.<\/span><\/p>\n<p class=\"p1\"><span class=\"s1\">\u2022 10 ritmos diferentes de vibraci\u00f3n.<\/span><\/p>\n<p class=\"p1\"><span class=\"s1\">\u2022 4 modos de aceleraci\u00f3n permanentes.<\/span><\/p>\n<p class=\"p1\"><span class=\"s1\">\u2022\u00a0<span class=\"Apple-converted-space\">\u00a0<\/span>2 motores.<\/span><\/p>\n<p class=\"p1\"><span class=\"s1\">\u2022 Medidas: 26 cm * 6.7 cm * 4.2 cm.<\/span><\/p>\n<p class=\"p1\"><span class=\"s1\">\u2022 Peso: 200 gr.<\/span><\/p>\n<p class=\"p1\"><span class=\"s1\">\u2022 Recargable magn\u00e9tico. Incluye cable de carga.<\/span><\/p>\n<p class=\"p1\"><span class=\"s1\">\u2022 Tiempo de carga: aprox. 1.5 hs.<\/span><\/p>\n<p class=\"p1\"><span class=\"s1\">\u2022 Tiempo de uso: 1 hs.<\/span><\/p>\n<p class=\"p1\"><span class=\"s1\">\u2022 Tecla de f\u00e1cil manejo.<\/span><\/p>\n<p class=\"p1\"><span class=\"s1\">\u2022 Impermeable. No sumergible.<\/span><\/p>\n<\/body>","protected":false},"excerpt":{"rendered":"<p>Este vibrador recargable de doble estimulaci\u00f3n con su extremo curvo, te llevar\u00e1 a otro universo con su hermoso dise\u00f1o e intensidad. Su estimulador Clitorial con forma de conejo, har\u00e1 que puedas llegar a una gran excitaci\u00f3n. Su vaginal curvo y ondulado a la altura del punto G, har\u00e1 que puedas&hellip; <\/p>\n","protected":false},"featured_media":6531,"comment_status":"open","ping_status":"closed","template":"","meta":{"om_disable_all_campaigns":false},"product_brand":[],"product_cat":[69],"product_tag":[],"class_list":{"0":"post-6530","1":"product","2":"type-product","3":"status-publish","4":"has-post-thumbnail","6":"product_cat-vibradores","8":"first","9":"instock","10":"shipping-taxable","11":"purchasable","12":"product-type-simple"},"jetpack_sharing_enabled":true,"_links":{"self":[{"href":"https:\/\/anysexshop.com.ar\/shop\/wp-json\/wp\/v2\/product\/6530","targetHints":{"allow":["GET"]}}],"collection":[{"href":"https:\/\/anysexshop.com.ar\/shop\/wp-json\/wp\/v2\/product"}],"about":[{"href":"https:\/\/anysexshop.com.ar\/shop\/wp-json\/wp\/v2\/types\/product"}],"replies":[{"embeddable":true,"href":"https:\/\/anysexshop.com.ar\/shop\/wp-json\/wp\/v2\/comments?post=6530"}],"wp:featuredmedia":[{"embeddable":true,"href":"https:\/\/anysexshop.com.ar\/shop\/wp-json\/wp\/v2\/media\/6531"}],"wp:attachment":[{"href":"https:\/\/anysexshop.com.ar\/shop\/wp-json\/wp\/v2\/media?parent=6530"}],"wp:term":[{"taxonomy":"product_brand","embeddable":true,"href":"https:\/\/anysexshop.com.ar\/shop\/wp-json\/wp\/v2\/product_brand?post=6530"},{"taxonomy":"product_cat","embeddable":true,"href":"https:\/\/anysexshop.com.ar\/shop\/wp-json\/wp\/v2\/product_cat?post=6530"},{"taxonomy":"product_tag","embeddable":true,"href":"https:\/\/anysexshop.com.ar\/shop\/wp-json\/wp\/v2\/product_tag?post=6530"}],"curies":[{"name":"wp","href":"https:\/\/api.w.org\/{rel}","templated":true}]}}